{"id":9773,"date":"2026-04-07T21:12:10","date_gmt":"2026-04-08T02:12:10","guid":{"rendered":"https:\/\/tecnologicosucre.edu.ec\/web\/?page_id=9773"},"modified":"2026-04-07T21:12:47","modified_gmt":"2026-04-08T02:12:47","slug":"educacion-inclusiva-2","status":"publish","type":"page","link":"https:\/\/tecnologicosucre.edu.ec\/web\/educacion-inclusiva-2\/","title":{"rendered":"Educaci\u00f3n Inclusiva"},"content":{"rendered":"<div class=\"wpb-content-wrapper\"><p>[vc_row layout=\u00bbcontainer\u00bb content_placement=\u00bbtop\u00bb][vc_column width=\u00bb2\/3&#8243;][vc_column_text css=\u00bb\u00bb][\/vc_column_text][vc_empty_space][\/vc_column][vc_column width=\u00bb1\/3&#8243;][vc_column_text css=\u00bb\u00bb]<div class=\"ntb_table_wrapper ninja_table_builder_instance_0\"\n     id='ninja_table_builder_9777'\n     data-ninja_table_builder_instance=\"ninja_table_builder_instance_0\"\n     style=\"\n     max-height:450px;\n     max-width: 1160px;\">\n    <table id=\"ntb_table\" role=\"table\" class=\"table ninja_tables_builder_class_9777 ntb_9777\" style=\"margin: 0px auto; table-layout: fixed; border-collapse: collapse; border: 0px solid rgb(255, 255, 255); font-family: inherit; border-spacing: 0px;\"><tbody class=\"tbody\"><tr class=\"desktop-view tr_class_6741786\" id=\"tr_id_6741786\" data-draggable=\"true\" style=\"background: rgb(23, 112, 181);\"><td id=\"td_id_31781771\" class=\"td_class_31781771 table-data\" rowspan=\"1\" colspan=\"1\" style=\"padding: 15px; max-width: 143px; min-width: 143px; border: 1px solid rgb(255, 255, 255);\"><div id=\"cell_31781771\"><div class=\"single-item other-item\" data-draggable=\"true\"><div class=\"ntb-datas-wrapper\" style=\"margin: 1px;\"><span data-v-bd450b80=\"\" data-placeholder=\"Add New\" class=\"hover-item mce-content-body\" style=\"padding: 0px; font-weight: bold; font-style: normal; text-decoration: none; font-size: 15px; display: block; text-align: center; color: rgb(255, 255, 255); opacity: 1; line-height: 1.2; position: relative;\" id=\"mce_0\" spellcheck=\"false\">MODALIDAD<\/span><\/div><\/div><\/div><\/td><td id=\"td_id_92778150\" class=\"td_class_92778150 table-data\" rowspan=\"1\" colspan=\"1\" style=\"padding: 15px; max-width: 143px; min-width: 143px; background-color: rgb(38, 164, 212); border: 1px solid rgb(255, 255, 255);\"><div id=\"cell_92778150\"><div class=\"single-item other-item\" data-draggable=\"true\"><div class=\"ntb-datas-wrapper\" style=\"margin: 1px;\"><span data-v-bd450b80=\"\" data-placeholder=\"Add New\" class=\"hover-item\" style=\"padding: 0px; font-weight: normal; font-style: normal; text-decoration: none; font-size: 15px; display: block; text-align: center; color: rgb(255, 255, 255); opacity: 1; line-height: 1.2; position: relative;\" id=\"mce_2\" spellcheck=\"false\">EN L\u00cdNEA<\/span><\/div><\/div><\/div><\/td><\/tr><tr class=\"desktop-view tr_class_2870053\" id=\"tr_id_2870053\" data-draggable=\"true\" style=\"background: rgb(23, 112, 181);\"><td id=\"td_id_33589073\" class=\"td_class_33589073 table-data\" rowspan=\"1\" colspan=\"1\" style=\"padding: 15px; max-width: 143px; min-width: 143px; border: 1px solid rgb(255, 255, 255);\"><div id=\"cell_33589073\"><div class=\"single-item other-item\" data-draggable=\"true\"><div class=\"ntb-datas-wrapper\" style=\"margin: 1px;\"><span data-v-bd450b80=\"\" data-placeholder=\"Add New\" class=\"hover-item mce-content-body\" style=\"padding: 0px; font-weight: bold; font-style: normal; text-decoration: none; font-size: 15px; display: block; text-align: center; color: rgb(255, 255, 255); opacity: 1; line-height: 1.2; position: relative;\" id=\"mce_3\" spellcheck=\"false\">HORARIO<\/span><\/div><\/div><\/div><\/td><td id=\"td_id_54094429\" class=\"td_class_54094429 table-data\" rowspan=\"1\" colspan=\"1\" style=\"padding: 15px; max-width: 143px; min-width: 143px; background-color: rgb(38, 164, 212); border: 1px solid rgb(255, 255, 255);\"><div id=\"cell_54094429\"><div class=\"single-item other-item\" data-draggable=\"true\"><div class=\"ntb-datas-wrapper\" style=\"margin: 1px;\"><span data-v-bd450b80=\"\" data-placeholder=\"Add New\" class=\"hover-item mce-content-body\" style=\"padding: 0px; font-weight: normal; font-style: normal; text-decoration: none; font-size: 15px; display: block; text-align: center; color: rgb(255, 255, 255); opacity: 1; line-height: 1.2; position: relative;\" id=\"mce_4\" spellcheck=\"false\">NOCTURNO<\/span><\/div><\/div><\/div><\/td><\/tr><tr class=\"desktop-view tr_class_9102290\" id=\"tr_id_9102290\" data-draggable=\"true\" style=\"background: rgb(23, 112, 181);\"><td id=\"td_id_29800723\" class=\"td_class_29800723 table-data\" rowspan=\"1\" colspan=\"1\" style=\"padding: 15px; max-width: 143px; min-width: 143px; border: 1px solid rgb(255, 255, 255);\"><div id=\"cell_29800723\"><div class=\"single-item other-item\" data-draggable=\"true\"><div class=\"ntb-datas-wrapper\" style=\"margin: 1px;\"><span data-v-bd450b80=\"\" data-placeholder=\"Add New\" class=\"hover-item mce-content-body\" style=\"padding: 0px; font-weight: bold; font-style: normal; text-decoration: none; font-size: 15px; display: block; text-align: center; color: rgb(255, 255, 255); opacity: 1; line-height: 1.2; position: relative;\" id=\"mce_5\" spellcheck=\"false\">CAMPUS<\/span><\/div><\/div><\/div><\/td><td id=\"td_id_17657245\" class=\"td_class_17657245 table-data\" rowspan=\"1\" colspan=\"1\" style=\"padding: 15px; max-width: 143px; min-width: 143px; background-color: rgb(38, 164, 212); border: 1px solid rgb(255, 255, 255);\"><div id=\"cell_17657245\"><div class=\"single-item other-item\" data-draggable=\"true\"><div class=\"ntb-datas-wrapper\" style=\"margin: 1px;\"><span data-v-bd450b80=\"\" data-placeholder=\"Add New\" class=\"hover-item mce-content-body\" style=\"padding: 0px; font-weight: normal; font-style: normal; text-decoration: none; font-size: 15px; display: block; text-align: center; color: rgb(255, 255, 255); opacity: 1; line-height: 1.2; position: relative;\" id=\"mce_6\" spellcheck=\"false\">NORTE (CAMPUS NORTE (MATRIZ): AV. 10 DE AGOSTO N26-27 Y LUIS MOSQUERA)<\/span><\/div><\/div><\/div><\/td><\/tr><tr class=\"desktop-view tr_class_1369163\" id=\"tr_id_1369163\" data-draggable=\"true\" style=\"background: rgb(23, 112, 181);\"><td id=\"td_id_28666457\" class=\"td_class_28666457 table-data\" rowspan=\"1\" colspan=\"2\" style=\"padding: 15px; max-width: 143px; min-width: 143px; border: 1px solid rgb(255, 255, 255);\"><div id=\"cell_28666457\"><div class=\"single-item other-item\" data-draggable=\"true\"><div class=\"ntb-datas-wrapper\" style=\"margin: 1px;\"><span data-v-bd450b80=\"\" data-placeholder=\"Add New\" class=\"hover-item mce-content-body\" style=\"padding: 0px; font-weight: bold; font-style: normal; text-decoration: none; font-size: 15px; display: block; text-align: center; color: rgb(255, 255, 255); opacity: 1; line-height: 1.2; position: relative;\" id=\"mce_7\" spellcheck=\"false\">EDUCACI\u00d3N GRATUITA<\/span><\/div><\/div><\/div><\/td><td id=\"td_id_56650767\" class=\"td_class_56650767 table-data\" rowspan=\"0\" colspan=\"0\" style=\"padding: 15px; max-width: 143px; min-width: 143px; background-color: rgb(38, 164, 212); display: none; border: 1px solid rgb(255, 255, 255);\"><div id=\"cell_56650767\"><div class=\"single-item other-item\" data-draggable=\"true\"><div class=\"ntb-datas-wrapper\" style=\"margin: 1px;\"><span data-v-bd450b80=\"\" data-placeholder=\"Add New\" class=\"hover-item mce-content-body\" id=\"mce_8\" style=\"padding: 0px; font-weight: normal; font-style: normal; text-decoration: none; font-size: 15px; display: block; text-align: center; color: rgb(255, 255, 255); opacity: 1; line-height: 1.2; position: relative;\" spellcheck=\"false\">GRATUITO<\/span><\/div><\/div><\/div><\/td><\/tr><tr class=\"desktop-view tr_class_2377517\" id=\"tr_id_2377517\" data-draggable=\"true\" style=\"background: rgb(23, 112, 181);\"><td id=\"td_id_75157211\" class=\"td_class_75157211 table-data\" rowspan=\"1\" colspan=\"1\" style=\"padding: 15px; max-width: 143px; min-width: 143px; border: 1px solid rgb(255, 255, 255);\"><div id=\"cell_75157211\"><div class=\"single-item other-item\" data-draggable=\"true\"><div class=\"ntb-datas-wrapper\" style=\"margin: 1px;\"><span data-v-bd450b80=\"\" data-placeholder=\"Add New\" class=\"hover-item mce-content-body\" style=\"padding: 0px; font-weight: bold; font-style: normal; text-decoration: none; font-size: 15px; display: block; text-align: center; color: rgb(255, 255, 255); opacity: 1; line-height: 1.2; position: relative;\" id=\"mce_9\" spellcheck=\"false\">DURACI\u00d3N<\/span><\/div><\/div><\/div><\/td><td id=\"td_id_65446518\" class=\"td_class_65446518 table-data\" rowspan=\"1\" colspan=\"1\" style=\"padding: 15px; max-width: 143px; min-width: 143px; background-color: rgb(38, 164, 212); border: 1px solid rgb(255, 255, 255);\"><div id=\"cell_65446518\"><div class=\"single-item other-item\" data-draggable=\"true\"><div class=\"ntb-datas-wrapper\" style=\"margin: 1px;\"><span data-v-bd450b80=\"\" data-placeholder=\"Add New\" class=\"hover-item mce-content-body\" style=\"padding: 0px; font-weight: normal; font-style: normal; text-decoration: none; font-size: 15px; display: block; text-align: center; color: rgb(255, 255, 255); opacity: 1; line-height: 1.2; position: relative;\" id=\"mce_10\" spellcheck=\"false\">3 A\u00d1OS<\/span><\/div><\/div><\/div><\/td><\/tr><\/tbody><\/table><\/div>\n[\/vc_column_text][vc_empty_space][vc_column_text css=\u00bb\u00bb][\/vc_column_text][vc_empty_space][\/vc_column][\/vc_row][vc_row][vc_column width=\u00bb2\/3&#8243;][vc_column_text css_animation=\u00bbnone\u00bb css=\u00bb\u00bb]<\/p>\n<h2><strong>PERFIL DE EGRESO<\/strong><\/h2>\n<p>El\/la Tecn\u00f3logo\/a en Educaci\u00f3n Inclusiva est\u00e1 capacitado\/a para brindar\u00a0asistencia t\u00e9cnica pedag\u00f3gica en entornos educativos de educaci\u00f3n inicial, preparatoria y b\u00e1sica media, promoviendo la inclusi\u00f3n, la interculturalidad y el respeto por la diversidad.<br \/>\nDurante su formaci\u00f3n, desarrolla competencias para:<\/p>\n<ul>\n<li>Identificar necesidades educativas y aplicar estrategias inclusivas.<\/li>\n<li>Dise\u00f1ar materiales accesibles y l\u00fadicos.<\/li>\n<li>Vincular a la familia y comunidad en el proceso educativo.<\/li>\n<li>Participar en proyectos de formaci\u00f3n, gesti\u00f3n e investigaci\u00f3n.<\/li>\n<li>Promover la equidad de g\u00e9nero, la diversidad cultural y los derechos de la ni\u00f1ez.<\/li>\n<\/ul>\n<p>[\/vc_column_text][vc_empty_space][vc_column_text css_animation=\u00bbnone\u00bb css=\u00bb\u00bb]<\/p>\n<h2><strong>CAMPO OCUPACIONAL<\/strong><\/h2>\n<p style=\"font-weight: 400;\">El\/la profesional en Educaci\u00f3n Inclusiva puede desempe\u00f1arse como profesora sombra, asistente o acompa\u00f1ante educativo en instituciones p\u00fablicas o privadas, as\u00ed como en centros de desarrollo infantil, unidades de educaci\u00f3n especial, programas de apoyo pedag\u00f3gico, organizaciones comunitarias y proyectos educativos.<\/p>\n<p style=\"font-weight: 400;\">Tambi\u00e9n puede colaborar en procesos de capacitaci\u00f3n docente, asesor\u00eda t\u00e9cnica, dise\u00f1o de materiales inclusivos, y en iniciativas que promuevan la equidad, la diversidad y la participaci\u00f3n activa de las familias y comunidades en el \u00e1mbito educativo.<\/p>\n<p>[\/vc_column_text][vc_empty_space][vc_btn title=\u00bbDESCARGAR MALLA\u00bb color=\u00bbprimary\u00bb css=\u00bb\u00bb link=\u00bburl:https%3A%2F%2Ftecnologicosucre.edu.ec%2Fweb%2Fwp-content%2Fuploads%2F2026%2F04%2FMALLA-INCLUSIVA.pdf|title:Educaci%C3%B3n%20Inicial|target:_blank\u00bb][vc_empty_space][\/vc_column][vc_column width=\u00bb1\/3&#8243;][vc_empty_space][vc_gmaps link=\u00bb#E-8_JTNDaWZyYW1lJTIwc3JjJTNEJTIyaHR0cHMlM0ElMkYlMkZ3d3cuZ29vZ2xlLmNvbSUyRm1hcHMlMkZlbWJlZCUzRnBiJTNEJTIxMW0xNCUyMTFtOCUyMTFtMyUyMTFkMTU5NTkuMTc5MzA1ODMyNzElMjEyZC03OC41MDY2NzgzNTg4MTM0NSUyMTNkLTAuMTk2NjI0OTg0OTA4MzcwOTQlMjEzbTIlMjExaTEwMjQlMjEyaTc2OCUyMTRmMTMuMSUyMTNtMyUyMTFtMiUyMTFzMHg5MWQ1OWE2OTg0NDkxOWQ5JTI1M0EweDQyYTJhZWI4MjI1ZDg2YmQlMjEyc0luc3RpdHV0byUyNTIwVGVjbm9sJTI1QzMlMjVCM2dpY28lMjUyMFN1cGVyaW9yJTI1MjBTdWNyZSUyNTIwJTI4Tm9ydGUlMjklMjE1ZTAlMjEzbTIlMjExc2VzLTQxOSUyMTJzZWMlMjE0djE2OTA4MzQzNDI0MzklMjE1bTIlMjExc2VzLTQxOSUyMTJzZWMlMjIlMjB3aWR0aCUzRCUyMjYwMCUyMiUyMGhlaWdodCUzRCUyMjMwMCUyMiUyMHN0eWxlJTNEJTIyYm9yZGVyJTNBMCUzQiUyMiUyMGFsbG93ZnVsbHNjcmVlbiUzRCUyMiUyMiUyMGxvYWRpbmclM0QlMjJsYXp5JTIyJTIwcmVmZXJyZXJwb2xpY3klM0QlMjJuby1yZWZlcnJlci13aGVuLWRvd25ncmFkZSUyMiUzRSUzQyUyRmlmcmFtZSUzRQ==\u00bb title=\u00bbUBICACI\u00d3N\u00bb][vc_empty_space][vc_widget_sidebar sidebar_id=\u00bbsidebar-1&#8243; title=\u00bbREDES SOCIALES\u00bb][vc_empty_space][\/vc_column][\/vc_row]<\/p>\n<\/div>","protected":false},"excerpt":{"rendered":"<p>[vc_row layout=\u00bbcontainer\u00bb content_placement=\u00bbtop\u00bb][vc_column width=\u00bb2\/3&#8243;][vc_column_text css=\u00bb\u00bb][\/vc_column_text][vc_empty_space][\/vc_column][vc_column width=\u00bb1\/3&#8243;][vc_column_text css=\u00bb\u00bb][\/vc_column_text][vc_empty_space][vc_column_text css=\u00bb\u00bb][\/vc_column_text][vc_empty_space][\/vc_column][\/vc_row][vc_row][vc_column width=\u00bb2\/3&#8243;][vc_column_text css_animation=\u00bbnone\u00bb css=\u00bb\u00bb] PERFIL DE EGRESO El\/la Tecn\u00f3logo\/a en Educaci\u00f3n Inclusiva est\u00e1 capacitado\/a para brindar\u00a0asistencia t\u00e9cnica pedag\u00f3gica en entornos educativos de educaci\u00f3n inicial, preparatoria y b\u00e1sica media, promoviendo la inclusi\u00f3n, la interculturalidad y el respeto por la diversidad. Durante su formaci\u00f3n, desarrolla competencias para: Identificar necesidades educativas [&hellip;]<\/p>\n","protected":false},"author":2,"featured_media":0,"parent":0,"menu_order":0,"comment_status":"closed","ping_status":"closed","template":"","meta":{"_monsterinsights_skip_tracking":false,"_monsterinsights_sitenote_active":false,"_monsterinsights_sitenote_note":"","_monsterinsights_sitenote_category":0,"footnotes":""},"class_list":["post-9773","page","type-page","status-publish","hentry"],"_links":{"self":[{"href":"https:\/\/tecnologicosucre.edu.ec\/web\/wp-json\/wp\/v2\/pages\/9773","targetHints":{"allow":["GET"]}}],"collection":[{"href":"https:\/\/tecnologicosucre.edu.ec\/web\/wp-json\/wp\/v2\/pages"}],"about":[{"href":"https:\/\/tecnologicosucre.edu.ec\/web\/wp-json\/wp\/v2\/types\/page"}],"author":[{"embeddable":true,"href":"https:\/\/tecnologicosucre.edu.ec\/web\/wp-json\/wp\/v2\/users\/2"}],"replies":[{"embeddable":true,"href":"https:\/\/tecnologicosucre.edu.ec\/web\/wp-json\/wp\/v2\/comments?post=9773"}],"version-history":[{"count":4,"href":"https:\/\/tecnologicosucre.edu.ec\/web\/wp-json\/wp\/v2\/pages\/9773\/revisions"}],"predecessor-version":[{"id":9787,"href":"https:\/\/tecnologicosucre.edu.ec\/web\/wp-json\/wp\/v2\/pages\/9773\/revisions\/9787"}],"wp:attachment":[{"href":"https:\/\/tecnologicosucre.edu.ec\/web\/wp-json\/wp\/v2\/media?parent=9773"}],"curies":[{"name":"wp","href":"https:\/\/api.w.org\/{rel}","templated":true}]}}