{"id":9287,"date":"2025-09-25T18:39:54","date_gmt":"2025-09-25T23:39:54","guid":{"rendered":"https:\/\/tecnologicosucre.edu.ec\/web\/?page_id=9287"},"modified":"2025-09-25T18:55:39","modified_gmt":"2025-09-25T23:55:39","slug":"documentos-proyectos-2025-i","status":"publish","type":"page","link":"https:\/\/tecnologicosucre.edu.ec\/web\/documentos-proyectos-2025-i\/","title":{"rendered":"Documentos Proyectos 2025-I"},"content":{"rendered":"<div class=\"wpb-content-wrapper\"><p>[vc_row][vc_column][vc_column_text css=\u00bb\u00bb]<\/p>\n<h3 style=\"text-align: center;\"><span style=\"color: #000000;\"><strong>ACTAS DE REUNI\u00d3N DE INICIO Y FIN DE PROYECTOS <\/strong><\/span><\/h3>\n<h3 style=\"text-align: center;\"><span style=\"color: #000000;\"><strong>DE VINCULACI\u00d3N PERIODO 2025-I<\/strong><\/span><\/h3>\n<p>[\/vc_column_text][vc_empty_space height=\u00bb60px\u00bb][vc_toggle title=\u00bbCONTABILIDAD\u00bb style=\u00bbround\u00bb color=\u00bbblue\u00bb custom_font_container=\u00bbtag:h3|font_size:20|text_align:left|color:%23000000&#8243; custom_use_theme_fonts=\u00bbyes\u00bb css=\u00bb\u00bb use_custom_heading=\u00bbtrue\u00bb]<\/p>\n<h4><strong><a href=\"https:\/\/tecnologicosucre.edu.ec\/web\/wp-content\/uploads\/2025\/05\/A_PROYECTOS_VINCULACION_CONTABILIDAD.pdf\" target=\"_blank\" rel=\"noopener\">ACTA DE REUNI\u00d3N INICIO DE PROYECTO DE VINCULACI\u00d3N 2025-I<\/a><\/strong><\/h4>\n<h4><strong><a href=\"https:\/\/tecnologicosucre.edu.ec\/web\/wp-content\/uploads\/2025\/09\/AF-CONTABILIDAD_CCT.pdf\" target=\"_blank\" rel=\"noopener\">ACTA DE REUNI\u00d3N FIN DE PROYECTOS DE VINCULACI\u00d3N 2025-I<\/a><\/strong><\/h4>\n<p>[\/vc_toggle][vc_toggle title=\u00bbDESARROLLO DE SOFTWARE\u00bb style=\u00bbround\u00bb color=\u00bbblue\u00bb custom_font_container=\u00bbtag:h3|font_size:20|text_align:left|color:%23000000&#8243; custom_use_theme_fonts=\u00bbyes\u00bb css=\u00bb\u00bb use_custom_heading=\u00bbtrue\u00bb]<\/p>\n<h4><strong><a href=\"https:\/\/tecnologicosucre.edu.ec\/web\/wp-content\/uploads\/2025\/05\/A_PROYECTOS_VINCULACION_SOFTWARE.pdf\" target=\"_blank\" rel=\"noopener\">ACTA DE REUNI\u00d3N INICIO DE PROYECTO DE VINCULACI\u00d3N 2025-I<\/a><\/strong><\/h4>\n<h4><strong><a href=\"https:\/\/tecnologicosucre.edu.ec\/web\/wp-content\/uploads\/2025\/09\/AF-DESARROLLO-SOF.pdf\" target=\"_blank\" rel=\"noopener\">ACTA DE REUNI\u00d3N FIN DE PROYECTOS DE VINCULACI\u00d3N 2025-I<\/a><\/strong><\/h4>\n<p>[\/vc_toggle][vc_toggle title=\u00bbDESARROLLO INFANTIL INTEGRAL\u00bb style=\u00bbround\u00bb color=\u00bbblue\u00bb custom_font_container=\u00bbtag:h3|font_size:20|text_align:left|color:%23000000&#8243; custom_use_theme_fonts=\u00bbyes\u00bb css=\u00bb\u00bb use_custom_heading=\u00bbtrue\u00bb]<\/p>\n<h4><a href=\"https:\/\/tecnologicosucre.edu.ec\/web\/wp-content\/uploads\/2025\/05\/A_PROYECTOS_VINCULACION_TDII_CEDI.pdf\" target=\"_blank\" rel=\"noopener\"><strong>ACTA DE REUNI\u00d3N INICIO DE PROYECTO DE VINCULACI\u00d3N 2025-I<\/strong><\/a><\/h4>\n<h4><strong><a href=\"https:\/\/tecnologicosucre.edu.ec\/web\/wp-content\/uploads\/2025\/09\/AF-TDI-EDUCACION-INICIAL.pdf\" target=\"_blank\" rel=\"noopener\">ACTA DE REUNI\u00d3N FIN DE PROYECTOS DE VINCULACI\u00d3N 2025-I<\/a><\/strong><\/h4>\n<p>[\/vc_toggle][vc_toggle title=\u00bbEDUCACI\u00d3N INICIAL\u00bb style=\u00bbround\u00bb color=\u00bbblue\u00bb custom_font_container=\u00bbtag:h3|font_size:20|text_align:left|color:%23000000&#8243; custom_use_theme_fonts=\u00bbyes\u00bb css=\u00bb\u00bb use_custom_heading=\u00bbtrue\u00bb]<\/p>\n<h4><a href=\"https:\/\/tecnologicosucre.edu.ec\/web\/wp-content\/uploads\/2025\/05\/A_PROYECTOS_VINCULACION_TDII_CEDI.pdf\" target=\"_blank\" rel=\"noopener\"><strong>ACTA DE REUNI\u00d3N INICIO DE PROYECTO DE VINCULACI\u00d3N 2025-I<\/strong><\/a><\/h4>\n<h4><strong><a href=\"https:\/\/tecnologicosucre.edu.ec\/web\/wp-content\/uploads\/2025\/09\/AF-TDI-EDUCACION-INICIAL.pdf\" target=\"_blank\" rel=\"noopener\">ACTA DE REUNI\u00d3N FIN DE PROYECTOS DE VINCULACI\u00d3N 2025-I<\/a><\/strong><\/h4>\n<p>[\/vc_toggle][vc_toggle title=\u00bbELECTRICIDAD\u00bb style=\u00bbround\u00bb color=\u00bbblue\u00bb custom_font_container=\u00bbtag:h3|font_size:20|text_align:left|color:%23000000&#8243; custom_use_theme_fonts=\u00bbyes\u00bb css=\u00bb\u00bb use_custom_heading=\u00bbtrue\u00bb]<\/p>\n<h4><strong><a href=\"https:\/\/tecnologicosucre.edu.ec\/web\/wp-content\/uploads\/2025\/05\/A_PROYECTOS_VINCULACION_ELECTRICIDAD.pdf\" target=\"_blank\" rel=\"noopener\">ACTA DE REUNI\u00d3N INICIO DE PROYECTO DE VINCULACI\u00d3N 2025-I<\/a><\/strong><\/h4>\n<h4><strong><a href=\"https:\/\/tecnologicosucre.edu.ec\/web\/wp-content\/uploads\/2025\/09\/AF-ELECTRICIDAD.pdf\" target=\"_blank\" rel=\"noopener\">ACTA DE REUNI\u00d3N FIN DE PROYECTOS DE VINCULACI\u00d3N 2025-I<\/a><\/strong><\/h4>\n<p>[\/vc_toggle][vc_toggle title=\u00bbELECTROMEC\u00c1NICA\u00bb style=\u00bbround\u00bb color=\u00bbblue\u00bb custom_font_container=\u00bbtag:h3|font_size:20|text_align:left|color:%23000000&#8243; custom_use_theme_fonts=\u00bbyes\u00bb css=\u00bb\u00bb use_custom_heading=\u00bbtrue\u00bb]<\/p>\n<h4><strong><a href=\"https:\/\/tecnologicosucre.edu.ec\/web\/wp-content\/uploads\/2025\/05\/A_PROYECTOS_VINCULACION_ELECTROMECANICA.pdf\" target=\"_blank\" rel=\"noopener\">ACTA DE REUNI\u00d3N INICIO DE PROYECTO DE VINCULACI\u00d3N 2025-I<\/a><\/strong><\/h4>\n<h4><strong><a href=\"https:\/\/tecnologicosucre.edu.ec\/web\/wp-content\/uploads\/2025\/09\/AF-ELECTROMECANICA.pdf\" target=\"_blank\" rel=\"noopener\">ACTA DE REUNI\u00d3N FIN DE PROYECTOS DE VINCULACI\u00d3N 2025-I<\/a><\/strong><\/h4>\n<p>[\/vc_toggle][vc_toggle title=\u00bbELECTR\u00d3NICA\u00bb style=\u00bbround\u00bb color=\u00bbblue\u00bb custom_font_container=\u00bbtag:h3|font_size:20|text_align:left|color:%23000000&#8243; custom_use_theme_fonts=\u00bbyes\u00bb css=\u00bb\u00bb use_custom_heading=\u00bbtrue\u00bb]<\/p>\n<h4><strong><a href=\"https:\/\/tecnologicosucre.edu.ec\/web\/wp-content\/uploads\/2025\/05\/A_PROYECTOS_VINCULACION_ELECTRONICA.pdf\" target=\"_blank\" rel=\"noopener\">ACTA DE REUNI\u00d3N INICIO DE PROYECTO DE VINCULACI\u00d3N 2025-I<\/a><\/strong><\/h4>\n<h4><strong><a href=\"https:\/\/tecnologicosucre.edu.ec\/web\/wp-content\/uploads\/2025\/09\/AF-ELECTRONICA.pdf\" target=\"_blank\" rel=\"noopener\">ACTA DE REUNI\u00d3N FIN DE PROYECTOS DE VINCULACI\u00d3N 2025-I<\/a><\/strong><\/h4>\n<p>[\/vc_toggle][vc_toggle title=\u00bbFOTOGRAF\u00cdA\u00bb style=\u00bbround\u00bb color=\u00bbblue\u00bb custom_font_container=\u00bbtag:h3|font_size:20|text_align:left|color:%23000000&#8243; custom_use_theme_fonts=\u00bbyes\u00bb css=\u00bb\u00bb use_custom_heading=\u00bbtrue\u00bb]<\/p>\n<h4><a href=\"https:\/\/tecnologicosucre.edu.ec\/web\/wp-content\/uploads\/2025\/05\/A_PROYECTOS_VINCULACION_FOTOGRAFIA.pdf\" target=\"_blank\" rel=\"noopener\"><strong>ACTA DE REUNI\u00d3N INICIO DE PROYECTO DE VINCULACI\u00d3N 2025-I<\/strong><\/a><\/h4>\n<h4><strong><a href=\"https:\/\/tecnologicosucre.edu.ec\/web\/wp-content\/uploads\/2025\/09\/AF-FOTOGRAFIA.pdf\" target=\"_blank\" rel=\"noopener\">ACTA DE REUNI\u00d3N FIN DE PROYECTOS DE VINCULACI\u00d3N 2025-I<\/a><\/strong><\/h4>\n<p>[\/vc_toggle][vc_toggle title=\u00bbGESTI\u00d3N AMBIENTAL\u00bb style=\u00bbround\u00bb color=\u00bbblue\u00bb custom_font_container=\u00bbtag:h3|font_size:20|text_align:left|color:%23000000&#8243; custom_use_theme_fonts=\u00bbyes\u00bb css=\u00bb\u00bb use_custom_heading=\u00bbtrue\u00bb]<\/p>\n<h4><strong><a href=\"https:\/\/tecnologicosucre.edu.ec\/web\/wp-content\/uploads\/2025\/05\/A_PROYECTOS_VINCULACION_AMBIENTAL.pdf\" target=\"_blank\" rel=\"noopener\">ACTA DE REUNI\u00d3N INICIO DE PROYECTO DE VINCULACI\u00d3N 2025-I<\/a><\/strong><\/h4>\n<h4><strong><a href=\"https:\/\/tecnologicosucre.edu.ec\/web\/wp-content\/uploads\/2025\/09\/AF-GESTION-AMB.pdf\" target=\"_blank\" rel=\"noopener\">ACTA DE REUNI\u00d3N FIN DE PROYECTOS DE VINCULACI\u00d3N 2025-I<\/a><\/strong><\/h4>\n<p>[\/vc_toggle][vc_toggle title=\u00bbMARKETING\u00bb style=\u00bbround\u00bb color=\u00bbblue\u00bb custom_font_container=\u00bbtag:h3|font_size:20|text_align:left|color:%23000000&#8243; custom_use_theme_fonts=\u00bbyes\u00bb css=\u00bb\u00bb use_custom_heading=\u00bbtrue\u00bb]<\/p>\n<h4><strong><a href=\"https:\/\/tecnologicosucre.edu.ec\/web\/wp-content\/uploads\/2025\/05\/A_PROYECTOS_VINCULACION_MARKETING.pdf\" target=\"_blank\" rel=\"noopener\">ACTA DE REUNI\u00d3N INICIO DE PROYECTO DE VINCULACI\u00d3N 2025-I<\/a><\/strong><\/h4>\n<h4><strong><a href=\"https:\/\/tecnologicosucre.edu.ec\/web\/wp-content\/uploads\/2025\/09\/AF-MARKETING.pdf\" target=\"_blank\" rel=\"noopener\">ACTA DE REUNI\u00d3N FIN DE PROYECTOS DE VINCULACI\u00d3N 2025-I<\/a><\/strong><\/h4>\n<p>[\/vc_toggle][vc_toggle title=\u00bbPROCESAMIENTO DE ALIMENTOS\u00bb style=\u00bbround\u00bb color=\u00bbblue\u00bb custom_font_container=\u00bbtag:h3|font_size:20|text_align:left|color:%23000000&#8243; custom_use_theme_fonts=\u00bbyes\u00bb css=\u00bb\u00bb use_custom_heading=\u00bbtrue\u00bb]<\/p>\n<h4><strong><a href=\"https:\/\/tecnologicosucre.edu.ec\/web\/wp-content\/uploads\/2025\/05\/A_PROYECTOS_VINCULACION_ALIMENTOS.pdf\" target=\"_blank\" rel=\"noopener\">ACTA DE REUNI\u00d3N INICIO DE PROYECTO DE VINCULACI\u00d3N 2025-I<\/a><\/strong><\/h4>\n<h4><strong><a href=\"https:\/\/tecnologicosucre.edu.ec\/web\/wp-content\/uploads\/2025\/09\/AF-CONTABILIDAD_CCT.pdf\" target=\"_blank\" rel=\"noopener\">ACTA DE REUNI\u00d3N FIN DE PROYECTOS DE VINCULACI\u00d3N 2025-I<\/a><\/strong><\/h4>\n<p>[\/vc_toggle][vc_toggle title=\u00bbPRODUCCI\u00d3N AUDIOVISUAL\u00bb style=\u00bbround\u00bb color=\u00bbblue\u00bb custom_font_container=\u00bbtag:h3|font_size:20|text_align:left|color:%23000000&#8243; custom_use_theme_fonts=\u00bbyes\u00bb css=\u00bb\u00bb use_custom_heading=\u00bbtrue\u00bb]<\/p>\n<h4><strong><a href=\"http:\/\/F\" target=\"_blank\" rel=\"noopener\">ACTA DE REUNI\u00d3N INICIO DE PROYECTO DE VINCULACI\u00d3N 2025-I<\/a><\/strong><\/h4>\n<h4><strong><a href=\"https:\/\/tecnologicosucre.edu.ec\/web\/wp-content\/uploads\/2025\/09\/AF-AUDIOVISUAL.pdf\" target=\"_blank\" rel=\"noopener\">ACTA DE REUNI\u00d3N FIN DE PROYECTOS DE VINCULACI\u00d3N 2025-I<\/a><\/strong><\/h4>\n<p>[\/vc_toggle][\/vc_column][\/vc_row]<\/p>\n<\/div>","protected":false},"excerpt":{"rendered":"<p>[vc_row][vc_column][vc_column_text css=\u00bb\u00bb] ACTAS DE REUNI\u00d3N DE INICIO Y FIN DE PROYECTOS DE VINCULACI\u00d3N PERIODO 2025-I [\/vc_column_text][vc_empty_space height=\u00bb60px\u00bb][vc_toggle title=\u00bbCONTABILIDAD\u00bb style=\u00bbround\u00bb color=\u00bbblue\u00bb custom_font_container=\u00bbtag:h3|font_size:20|text_align:left|color:%23000000&#8243; custom_use_theme_fonts=\u00bbyes\u00bb css=\u00bb\u00bb use_custom_heading=\u00bbtrue\u00bb] ACTA DE REUNI\u00d3N INICIO DE PROYECTO DE VINCULACI\u00d3N 2025-I ACTA DE REUNI\u00d3N FIN DE PROYECTOS DE VINCULACI\u00d3N 2025-I [\/vc_toggle][vc_toggle title=\u00bbDESARROLLO DE SOFTWARE\u00bb style=\u00bbround\u00bb color=\u00bbblue\u00bb custom_font_container=\u00bbtag:h3|font_size:20|text_align:left|color:%23000000&#8243; custom_use_theme_fonts=\u00bbyes\u00bb css=\u00bb\u00bb use_custom_heading=\u00bbtrue\u00bb] ACTA DE REUNI\u00d3N [&hellip;]<\/p>\n","protected":false},"author":2,"featured_media":0,"parent":0,"menu_order":0,"comment_status":"closed","ping_status":"closed","template":"","meta":{"_monsterinsights_skip_tracking":false,"_monsterinsights_sitenote_active":false,"_monsterinsights_sitenote_note":"","_monsterinsights_sitenote_category":0,"footnotes":""},"class_list":["post-9287","page","type-page","status-publish","hentry"],"_links":{"self":[{"href":"https:\/\/tecnologicosucre.edu.ec\/web\/wp-json\/wp\/v2\/pages\/9287","targetHints":{"allow":["GET"]}}],"collection":[{"href":"https:\/\/tecnologicosucre.edu.ec\/web\/wp-json\/wp\/v2\/pages"}],"about":[{"href":"https:\/\/tecnologicosucre.edu.ec\/web\/wp-json\/wp\/v2\/types\/page"}],"author":[{"embeddable":true,"href":"https:\/\/tecnologicosucre.edu.ec\/web\/wp-json\/wp\/v2\/users\/2"}],"replies":[{"embeddable":true,"href":"https:\/\/tecnologicosucre.edu.ec\/web\/wp-json\/wp\/v2\/comments?post=9287"}],"version-history":[{"count":12,"href":"https:\/\/tecnologicosucre.edu.ec\/web\/wp-json\/wp\/v2\/pages\/9287\/revisions"}],"predecessor-version":[{"id":9312,"href":"https:\/\/tecnologicosucre.edu.ec\/web\/wp-json\/wp\/v2\/pages\/9287\/revisions\/9312"}],"wp:attachment":[{"href":"https:\/\/tecnologicosucre.edu.ec\/web\/wp-json\/wp\/v2\/media?parent=9287"}],"curies":[{"name":"wp","href":"https:\/\/api.w.org\/{rel}","templated":true}]}}