{"id":8162,"date":"2025-02-08T00:27:43","date_gmt":"2025-02-08T05:27:43","guid":{"rendered":"https:\/\/tecnologicosucre.edu.ec\/web\/?page_id=8162"},"modified":"2025-02-10T13:54:30","modified_gmt":"2025-02-10T18:54:30","slug":"proyectos-2023-1","status":"publish","type":"page","link":"https:\/\/tecnologicosucre.edu.ec\/web\/proyectos-2023-1\/","title":{"rendered":"Proyectos Periodo 2023-I"},"content":{"rendered":"<div class=\"wpb-content-wrapper\"><p>[vc_row][vc_column]                <div class=\"a-post  \" >\n                                                <div class=\"row column-equal-height\">\n                                                                <div class=\"col-md-4 col-sm-6 mg-bottom-50\">\n                                    <div class=\"post-item\">\n                                                                                    <div class=\"post-image\">\n                                                <a href=\"https:\/\/tecnologicosucre.edu.ec\/web\/proyecto2023i-9\/\" rel=\"bookmark\"\n                                                   title=\"Proyecto CAI Conocoto\"><img decoding=\"async\" src=\"https:\/\/tecnologicosucre.edu.ec\/web\/wp-content\/uploads\/2025\/02\/isu_vin-1.png\" alt=\"Proyecto CAI Conocoto\" title=\"Proyecto CAI Conocoto\">\n                                                <\/a>\n                                                <div>\n                                                    <p class=\"p-bg\"><i class=\"fa fa-file-text-o\"><\/i><\/p>                                                    <span class=\"s-bg\">15 de febrero de 2023<\/span>\n                                                <\/div>\n                                            <\/div>\n                                                                                <div class=\"post-content\">\n                                            <h3><a class=\"heading-color\" href=\"https:\/\/tecnologicosucre.edu.ec\/web\/proyecto2023i-9\/\"\n                                                   rel=\"bookmark\"\n                                                   title=\"Proyecto CAI Conocoto\">Proyecto CAI Conocoto<\/a><\/h3>\n                                                                                        <p>[vc_row][vc_column][vc_column_text css=\u00bb\u00bb][\/vc_column_text][\/vc_column][\/vc_row]<\/p>\n                                            <div class=\"post-entry-meta\">\n                                                <span class=\"event-author\">Edit\u00f6r<\/span>\n                                                <span class=\"event-comment\">0<\/span>\n\t                                            <span class=\"event-view\">552<\/span>\n                                            <\/div>\n                                        <\/div>\n                                    <\/div>\n                                <\/div>\n                                                                <div class=\"col-md-4 col-sm-6 mg-bottom-50\">\n                                    <div class=\"post-item\">\n                                                                                    <div class=\"post-image\">\n                                                <a href=\"https:\/\/tecnologicosucre.edu.ec\/web\/proyecto2023i-8\/\" rel=\"bookmark\"\n                                                   title=\"Proyecto CENTRO DE ATENCI\u00d3N INTEGRAL GUAYAQUIL\"><img decoding=\"async\" src=\"https:\/\/tecnologicosucre.edu.ec\/web\/wp-content\/uploads\/2025\/02\/isu_vin-1.png\" alt=\"Proyecto CENTRO DE ATENCI\u00d3N INTEGRAL GUAYAQUIL\" title=\"Proyecto CENTRO DE ATENCI\u00d3N INTEGRAL GUAYAQUIL\">\n                                                <\/a>\n                                                <div>\n                                                    <p class=\"p-bg\"><i class=\"fa fa-file-text-o\"><\/i><\/p>                                                    <span class=\"s-bg\">13 de febrero de 2023<\/span>\n                                                <\/div>\n                                            <\/div>\n                                                                                <div class=\"post-content\">\n                                            <h3><a class=\"heading-color\" href=\"https:\/\/tecnologicosucre.edu.ec\/web\/proyecto2023i-8\/\"\n                                                   rel=\"bookmark\"\n                                                   title=\"Proyecto CENTRO DE ATENCI\u00d3N INTEGRAL GUAYAQUIL\">Proyecto CENTRO DE ATENCI\u00d3N INTEGRAL GUAYAQUIL<\/a><\/h3>\n                                                                                        <p>[vc_row][vc_column][vc_column_text css=\u00bb\u00bb][\/vc_column_text][\/vc_column][\/vc_row]<\/p>\n                                            <div class=\"post-entry-meta\">\n                                                <span class=\"event-author\">Edit\u00f6r<\/span>\n                                                <span class=\"event-comment\">0<\/span>\n\t                                            <span class=\"event-view\">569<\/span>\n                                            <\/div>\n                                        <\/div>\n                                    <\/div>\n                                <\/div>\n                                                                <div class=\"col-md-4 col-sm-6 mg-bottom-50\">\n                                    <div class=\"post-item\">\n                                                                                    <div class=\"post-image\">\n                                                <a href=\"https:\/\/tecnologicosucre.edu.ec\/web\/proyecto2023i-7\/\" rel=\"bookmark\"\n                                                   title=\"Proyecto Orden Hospitalario San Juan de Dios\"><img decoding=\"async\" src=\"https:\/\/tecnologicosucre.edu.ec\/web\/wp-content\/uploads\/2025\/02\/isu_vin-1.png\" alt=\"Proyecto Orden Hospitalario San Juan de Dios\" title=\"Proyecto Orden Hospitalario San Juan de Dios\">\n                                                <\/a>\n                                                <div>\n                                                    <p class=\"p-bg\"><i class=\"fa fa-file-text-o\"><\/i><\/p>                                                    <span class=\"s-bg\">12 de febrero de 2023<\/span>\n                                                <\/div>\n                                            <\/div>\n                                                                                <div class=\"post-content\">\n                                            <h3><a class=\"heading-color\" href=\"https:\/\/tecnologicosucre.edu.ec\/web\/proyecto2023i-7\/\"\n                                                   rel=\"bookmark\"\n                                                   title=\"Proyecto Orden Hospitalario San Juan de Dios\">Proyecto Orden Hospitalario San Juan de Dios<\/a><\/h3>\n                                                                                        <p>[vc_row][vc_column][vc_column_text css=\u00bb\u00bb][\/vc_column_text][\/vc_column][\/vc_row]<\/p>\n                                            <div class=\"post-entry-meta\">\n                                                <span class=\"event-author\">Edit\u00f6r<\/span>\n                                                <span class=\"event-comment\">0<\/span>\n\t                                            <span class=\"event-view\">511<\/span>\n                                            <\/div>\n                                        <\/div>\n                                    <\/div>\n                                <\/div>\n                                                                <div class=\"col-md-4 col-sm-6 mg-bottom-50\">\n                                    <div class=\"post-item\">\n                                                                                    <div class=\"post-image\">\n                                                <a href=\"https:\/\/tecnologicosucre.edu.ec\/web\/proyecto2023i-6\/\" rel=\"bookmark\"\n                                                   title=\"PROYECTO-MIES FERROVIARIA\"><img decoding=\"async\" src=\"https:\/\/tecnologicosucre.edu.ec\/web\/wp-content\/uploads\/2025\/02\/isu_vin-1.png\" alt=\"PROYECTO-MIES FERROVIARIA\" title=\"PROYECTO-MIES FERROVIARIA\">\n                                                <\/a>\n                                                <div>\n                                                    <p class=\"p-bg\"><i class=\"fa fa-file-text-o\"><\/i><\/p>                                                    <span class=\"s-bg\">11 de febrero de 2023<\/span>\n                                                <\/div>\n                                            <\/div>\n                                                                                <div class=\"post-content\">\n                                            <h3><a class=\"heading-color\" href=\"https:\/\/tecnologicosucre.edu.ec\/web\/proyecto2023i-6\/\"\n                                                   rel=\"bookmark\"\n                                                   title=\"PROYECTO-MIES FERROVIARIA\">PROYECTO-MIES FERROVIARIA<\/a><\/h3>\n                                                                                        <p>[vc_row][vc_column][vc_column_text css=\u00bb\u00bb][\/vc_column_text][\/vc_column][\/vc_row]<\/p>\n                                            <div class=\"post-entry-meta\">\n                                                <span class=\"event-author\">Edit\u00f6r<\/span>\n                                                <span class=\"event-comment\">0<\/span>\n\t                                            <span class=\"event-view\">529<\/span>\n                                            <\/div>\n                                        <\/div>\n                                    <\/div>\n                                <\/div>\n                                                                <div class=\"col-md-4 col-sm-6 mg-bottom-50\">\n                                    <div class=\"post-item\">\n                                                                                    <div class=\"post-image\">\n                                                <a href=\"https:\/\/tecnologicosucre.edu.ec\/web\/proyecto2023i-5\/\" rel=\"bookmark\"\n                                                   title=\"PREVENCI\u00d3N DE LA VIOLENCIA AL ADULTO MAYOR TAMBILLO, CUTUGLAHUA Y LLANO GRANDE\"><img decoding=\"async\" src=\"https:\/\/tecnologicosucre.edu.ec\/web\/wp-content\/uploads\/2025\/02\/isu_vin-1.png\" alt=\"PREVENCI\u00d3N DE LA VIOLENCIA AL ADULTO MAYOR TAMBILLO, CUTUGLAHUA Y LLANO GRANDE\" title=\"PREVENCI\u00d3N DE LA VIOLENCIA AL ADULTO MAYOR TAMBILLO, CUTUGLAHUA Y LLANO GRANDE\">\n                                                <\/a>\n                                                <div>\n                                                    <p class=\"p-bg\"><i class=\"fa fa-file-text-o\"><\/i><\/p>                                                    <span class=\"s-bg\">10 de febrero de 2023<\/span>\n                                                <\/div>\n                                            <\/div>\n                                                                                <div class=\"post-content\">\n                                            <h3><a class=\"heading-color\" href=\"https:\/\/tecnologicosucre.edu.ec\/web\/proyecto2023i-5\/\"\n                                                   rel=\"bookmark\"\n                                                   title=\"PREVENCI\u00d3N DE LA VIOLENCIA AL ADULTO MAYOR TAMBILLO, CUTUGLAHUA Y LLANO GRANDE\">PREVENCI\u00d3N DE LA VIOLENCIA AL ADULTO MAYOR TAMBILLO, CUTUGLAHUA Y LLANO GRANDE<\/a><\/h3>\n                                                                                        <p>[vc_row][vc_column][vc_column_text css=\u00bb\u00bb][\/vc_column_text][\/vc_column][\/vc_row]<\/p>\n                                            <div class=\"post-entry-meta\">\n                                                <span class=\"event-author\">Edit\u00f6r<\/span>\n                                                <span class=\"event-comment\">0<\/span>\n\t                                            <span class=\"event-view\">516<\/span>\n                                            <\/div>\n                                        <\/div>\n                                    <\/div>\n                                <\/div>\n                                                                <div class=\"col-md-4 col-sm-6 mg-bottom-50\">\n                                    <div class=\"post-item\">\n                                                                                    <div class=\"post-image\">\n                                                <a href=\"https:\/\/tecnologicosucre.edu.ec\/web\/proyecto2023i-4\/\" rel=\"bookmark\"\n                                                   title=\"PRODUCCION Y POS-PRODUCCION COMUNIDAD MALIMPIA &#8211; QUININD\u00c9 &#8211; ESMERALDAS\"><img decoding=\"async\" src=\"https:\/\/tecnologicosucre.edu.ec\/web\/wp-content\/uploads\/2025\/02\/isu_vin-1.png\" alt=\"PRODUCCION Y POS-PRODUCCION COMUNIDAD MALIMPIA &#8211; QUININD\u00c9 &#8211; ESMERALDAS\" title=\"PRODUCCION Y POS-PRODUCCION COMUNIDAD MALIMPIA &#8211; QUININD\u00c9 &#8211; ESMERALDAS\">\n                                                <\/a>\n                                                <div>\n                                                    <p class=\"p-bg\"><i class=\"fa fa-file-text-o\"><\/i><\/p>                                                    <span class=\"s-bg\">9 de febrero de 2023<\/span>\n                                                <\/div>\n                                            <\/div>\n                                                                                <div class=\"post-content\">\n                                            <h3><a class=\"heading-color\" href=\"https:\/\/tecnologicosucre.edu.ec\/web\/proyecto2023i-4\/\"\n                                                   rel=\"bookmark\"\n                                                   title=\"PRODUCCION Y POS-PRODUCCION COMUNIDAD MALIMPIA &#8211; QUININD\u00c9 &#8211; ESMERALDAS\">PRODUCCION Y POS-PRODUCCION COMUNIDAD MALIMPIA &#8211; QUININD\u00c9 &#8211; ESMERALDAS<\/a><\/h3>\n                                                                                        <p>[vc_row][vc_column][vc_column_text css=\u00bb\u00bb][\/vc_column_text][\/vc_column][\/vc_row]<\/p>\n                                            <div class=\"post-entry-meta\">\n                                                <span class=\"event-author\">Edit\u00f6r<\/span>\n                                                <span class=\"event-comment\">0<\/span>\n\t                                            <span class=\"event-view\">520<\/span>\n                                            <\/div>\n                                        <\/div>\n                                    <\/div>\n                                <\/div>\n                                                                <div class=\"col-md-4 col-sm-6 mg-bottom-50\">\n                                    <div class=\"post-item\">\n                                                                                    <div class=\"post-image\">\n                                                <a href=\"https:\/\/tecnologicosucre.edu.ec\/web\/proyecto-2023i-3\/\" rel=\"bookmark\"\n                                                   title=\"Producci\u00f3n y realizaci\u00f3n audiovisual Parroquia Rural Viche- Esmeraldas\"><img decoding=\"async\" src=\"https:\/\/tecnologicosucre.edu.ec\/web\/wp-content\/uploads\/2025\/02\/isu_vin-1.png\" alt=\"Producci\u00f3n y realizaci\u00f3n audiovisual Parroquia Rural Viche- Esmeraldas\" title=\"Producci\u00f3n y realizaci\u00f3n audiovisual Parroquia Rural Viche- Esmeraldas\">\n                                                <\/a>\n                                                <div>\n                                                    <p class=\"p-bg\"><i class=\"fa fa-file-text-o\"><\/i><\/p>                                                    <span class=\"s-bg\">8 de febrero de 2023<\/span>\n                                                <\/div>\n                                            <\/div>\n                                                                                <div class=\"post-content\">\n                                            <h3><a class=\"heading-color\" href=\"https:\/\/tecnologicosucre.edu.ec\/web\/proyecto-2023i-3\/\"\n                                                   rel=\"bookmark\"\n                                                   title=\"Producci\u00f3n y realizaci\u00f3n audiovisual Parroquia Rural Viche- Esmeraldas\">Producci\u00f3n y realizaci\u00f3n audiovisual Parroquia Rural Viche- Esmeraldas<\/a><\/h3>\n                                                                                        <p>[vc_row][vc_column][vc_column_text css=\u00bb\u00bb][\/vc_column_text][\/vc_column][\/vc_row]<\/p>\n                                            <div class=\"post-entry-meta\">\n                                                <span class=\"event-author\">Edit\u00f6r<\/span>\n                                                <span class=\"event-comment\">0<\/span>\n\t                                            <span class=\"event-view\">493<\/span>\n                                            <\/div>\n                                        <\/div>\n                                    <\/div>\n                                <\/div>\n                                                                <div class=\"col-md-4 col-sm-6 mg-bottom-50\">\n                                    <div class=\"post-item\">\n                                                                                    <div class=\"post-image\">\n                                                <a href=\"https:\/\/tecnologicosucre.edu.ec\/web\/proyecto2023i-2\/\" rel=\"bookmark\"\n                                                   title=\"TALLER DISE\u00d1O DE ANIMACI\u00d3N FUNDACI\u00d3N PROYECTO SALESIANO\"><img decoding=\"async\" src=\"https:\/\/tecnologicosucre.edu.ec\/web\/wp-content\/uploads\/2025\/02\/isu_vin-1.png\" alt=\"TALLER DISE\u00d1O DE ANIMACI\u00d3N FUNDACI\u00d3N PROYECTO SALESIANO\" title=\"TALLER DISE\u00d1O DE ANIMACI\u00d3N FUNDACI\u00d3N PROYECTO SALESIANO\">\n                                                <\/a>\n                                                <div>\n                                                    <p class=\"p-bg\"><i class=\"fa fa-file-text-o\"><\/i><\/p>                                                    <span class=\"s-bg\">4 de febrero de 2023<\/span>\n                                                <\/div>\n                                            <\/div>\n                                                                                <div class=\"post-content\">\n                                            <h3><a class=\"heading-color\" href=\"https:\/\/tecnologicosucre.edu.ec\/web\/proyecto2023i-2\/\"\n                                                   rel=\"bookmark\"\n                                                   title=\"TALLER DISE\u00d1O DE ANIMACI\u00d3N FUNDACI\u00d3N PROYECTO SALESIANO\">TALLER DISE\u00d1O DE ANIMACI\u00d3N FUNDACI\u00d3N PROYECTO SALESIANO<\/a><\/h3>\n                                                                                        <p>[vc_row][vc_column][vc_column_text css=\u00bb\u00bb][\/vc_column_text][\/vc_column][\/vc_row]<\/p>\n                                            <div class=\"post-entry-meta\">\n                                                <span class=\"event-author\">Edit\u00f6r<\/span>\n                                                <span class=\"event-comment\">0<\/span>\n\t                                            <span class=\"event-view\">537<\/span>\n                                            <\/div>\n                                        <\/div>\n                                    <\/div>\n                                <\/div>\n                                                                <div class=\"col-md-4 col-sm-6 mg-bottom-50\">\n                                    <div class=\"post-item\">\n                                                                                    <div class=\"post-image\">\n                                                <a href=\"https:\/\/tecnologicosucre.edu.ec\/web\/proyecto2023i-1\/\" rel=\"bookmark\"\n                                                   title=\"TALLER FUNDACION PROYECTO SALESIANO\"><img decoding=\"async\" src=\"https:\/\/tecnologicosucre.edu.ec\/web\/wp-content\/uploads\/2025\/02\/isu_vin-1.png\" alt=\"TALLER FUNDACION PROYECTO SALESIANO\" title=\"TALLER FUNDACION PROYECTO SALESIANO\">\n                                                <\/a>\n                                                <div>\n                                                    <p class=\"p-bg\"><i class=\"fa fa-file-text-o\"><\/i><\/p>                                                    <span class=\"s-bg\">3 de febrero de 2023<\/span>\n                                                <\/div>\n                                            <\/div>\n                                                                                <div class=\"post-content\">\n                                            <h3><a class=\"heading-color\" href=\"https:\/\/tecnologicosucre.edu.ec\/web\/proyecto2023i-1\/\"\n                                                   rel=\"bookmark\"\n                                                   title=\"TALLER FUNDACION PROYECTO SALESIANO\">TALLER FUNDACION PROYECTO SALESIANO<\/a><\/h3>\n                                                                                        <p>[vc_row][vc_column][vc_column_text css=\u00bb\u00bb][\/vc_column_text][\/vc_column][\/vc_row]<\/p>\n                                            <div class=\"post-entry-meta\">\n                                                <span class=\"event-author\">Edit\u00f6r<\/span>\n                                                <span class=\"event-comment\">0<\/span>\n\t                                            <span class=\"event-view\">1166<\/span>\n                                            <\/div>\n                                        <\/div>\n                                    <\/div>\n                                <\/div>\n                                                            <\/div>\n                                        <\/div>\n                [\/vc_column][\/vc_row]<\/p>\n<\/div>","protected":false},"excerpt":{"rendered":"<p>[vc_row][vc_column][\/vc_column][\/vc_row]<\/p>\n","protected":false},"author":2,"featured_media":0,"parent":0,"menu_order":0,"comment_status":"closed","ping_status":"closed","template":"","meta":{"_monsterinsights_skip_tracking":false,"_monsterinsights_sitenote_active":false,"_monsterinsights_sitenote_note":"","_monsterinsights_sitenote_category":0,"footnotes":""},"class_list":["post-8162","page","type-page","status-publish","hentry"],"_links":{"self":[{"href":"https:\/\/tecnologicosucre.edu.ec\/web\/wp-json\/wp\/v2\/pages\/8162","targetHints":{"allow":["GET"]}}],"collection":[{"href":"https:\/\/tecnologicosucre.edu.ec\/web\/wp-json\/wp\/v2\/pages"}],"about":[{"href":"https:\/\/tecnologicosucre.edu.ec\/web\/wp-json\/wp\/v2\/types\/page"}],"author":[{"embeddable":true,"href":"https:\/\/tecnologicosucre.edu.ec\/web\/wp-json\/wp\/v2\/users\/2"}],"replies":[{"embeddable":true,"href":"https:\/\/tecnologicosucre.edu.ec\/web\/wp-json\/wp\/v2\/comments?post=8162"}],"version-history":[{"count":0,"href":"https:\/\/tecnologicosucre.edu.ec\/web\/wp-json\/wp\/v2\/pages\/8162\/revisions"}],"wp:attachment":[{"href":"https:\/\/tecnologicosucre.edu.ec\/web\/wp-json\/wp\/v2\/media?parent=8162"}],"curies":[{"name":"wp","href":"https:\/\/api.w.org\/{rel}","templated":true}]}}