{"id":700,"date":"2016-01-29T08:35:08","date_gmt":"2016-01-29T13:35:08","guid":{"rendered":"http:\/\/page.estudiantesucre.edu.ec\/?page_id=700"},"modified":"2026-04-07T21:23:09","modified_gmt":"2026-04-08T02:23:09","slug":"oferta-academica","status":"publish","type":"page","link":"https:\/\/tecnologicosucre.edu.ec\/web\/oferta-academica\/","title":{"rendered":"Oferta acad\u00e9mica"},"content":{"rendered":"<div class=\"wpb-content-wrapper\"><p>[vc_row layout=\u00bbcontainer\u00bb][vc_column width=\u00bb1\/3&#8243;]            <div class=\"feature \" >\n                <div class=\"feature-thumb text-center\">\n                     <a target=\"_blank\" href=\"https:\/\/tecnologicosucre.edu.ec\/contabilidad\/\">\n                            <img decoding=\"async\" class=\"\" src=\"https:\/\/tecnologicosucre.edu.ec\/web\/wp-content\/uploads\/2023\/06\/12-scaled-370x200.jpg\" width=\"370\" height=\"200\" alt=\"12\" title=\"12\" loading=\"lazy\" \/>                      <\/a>\n                <\/div>\n\n                <div class=\"feature-content\">\n                                        <h4 class=\"heading-color line-24\">\n                        <a target=\"_blank\" href=\"https:\/\/tecnologicosucre.edu.ec\/contabilidad\/\">Contabilidad<\/a>\n                    <\/h4>\n                                        <p>\ud83d\udcdaH\u00edbrida \u23f0Vespertina y Nocturna\ud83d\udccdCampus Sur<\/p>\n                                    <\/div>\n            <\/div>\n            [vc_column_text]Estar\u00e1s en la capacidad de ejecutar el proceso contable mediante la aplicaci\u00f3n de normas vigentes que le permitan organizar, registrar, generar e interpretar la informaci\u00f3n econ\u00f3mica, financiera de la empresa para la toma de decisiones, tomando en cuenta la realidad nacional y global.[\/vc_column_text][vc_empty_space][vc_btn title=\u00bbVER M\u00c1S\u00bb color=\u00bbprimary\u00bb link=\u00bburl:https%3A%2F%2Ftecnologicosucre.edu.ec%2Fcontabilidad%2F|title:Contabilidad|target:_blank\u00bb][\/vc_column][vc_column width=\u00bb1\/3&#8243;]            <div class=\"feature \" >\n                <div class=\"feature-thumb text-center\">\n                     <a target=\"_blank\" href=\"https:\/\/tecnologicosucre.edu.ec\/desarrollo-infantil-integral\/\">\n                            <img decoding=\"async\" class=\"\" src=\"https:\/\/tecnologicosucre.edu.ec\/web\/wp-content\/uploads\/2023\/08\/TDII-38-2-scaled-370x200.jpg\" width=\"370\" height=\"200\" alt=\"TDII-38 (2)\" title=\"TDII-38 (2)\" loading=\"lazy\" \/>                      <\/a>\n                <\/div>\n\n                <div class=\"feature-content\">\n                                        <h4 class=\"heading-color line-24\">\n                        <a target=\"_blank\" href=\"https:\/\/tecnologicosucre.edu.ec\/desarrollo-infantil-integral\/\">Desarrollo Infantil Integral<\/a>\n                    <\/h4>\n                                        <p>\ud83d\udcdaDual \u23f0Vespertina y Nocturna\ud83d\udccdCampus Norte<\/p>\n                                    <\/div>\n            <\/div>\n            [vc_column_text]<span style=\"font-weight: 400;\">Convi\u00e9rtete en un profesional en la atenci\u00f3n y educaci\u00f3n de la primera infancia, con un enfoque biopsicosocial, pedag\u00f3gico e intercultural. Contribuye al desarrollo integral de los ni\u00f1os y ni\u00f1as, promoviendo su bienestar, protecci\u00f3n y aprendizaje en entornos inclusivos y enriquecedores.<\/span>[\/vc_column_text][vc_empty_space][vc_btn title=\u00bbVER M\u00c1S\u00bb color=\u00bbprimary\u00bb link=\u00bburl:https%3A%2F%2Ftecnologicosucre.edu.ec%2Fdesarrollo-infantil-integral%2F|title:Desarrollo%20Infantil%20Integral|target:_blank\u00bb][\/vc_column][vc_column width=\u00bb1\/3&#8243;]            <div class=\"feature \" >\n                <div class=\"feature-thumb text-center\">\n                     <a target=\"_blank\" href=\"https:\/\/tecnologicosucre.edu.ec\/desarrollo-de-software\/\">\n                            <img decoding=\"async\" class=\"\" src=\"https:\/\/tecnologicosucre.edu.ec\/web\/wp-content\/uploads\/2023\/08\/SOFTWARE-3-scaled-370x200.jpg\" width=\"370\" height=\"200\" alt=\"SOFTWARE-3\" title=\"SOFTWARE-3\" loading=\"lazy\" \/>                      <\/a>\n                <\/div>\n\n                <div class=\"feature-content\">\n                                        <h4 class=\"heading-color line-24\">\n                        <a target=\"_blank\" href=\"https:\/\/tecnologicosucre.edu.ec\/desarrollo-de-software\/\">Desarrollo de Software<\/a>\n                    <\/h4>\n                                        <p>\ud83d\udcdaH\u00edbrida \u23f0Vespertina y Nocturna \ud83d\udccdCampus Sur<\/p>\n                                    <\/div>\n            <\/div>\n            [vc_column_text]<span style=\"font-weight: 400;\">Estar\u00e1s en la capacidad de instalar el software desarrollado mediante configuraciones seg\u00fan el m\u00e9todo establecido. As\u00ed como crear elementos de interacci\u00f3n entre la base de datos y el entorno de desarrollo usando lenguaje de consultas, crear base de datos y codificar el lenguaje de programaci\u00f3n.<\/span>[\/vc_column_text][vc_empty_space][vc_btn title=\u00bbVER M\u00c1S\u00bb color=\u00bbprimary\u00bb link=\u00bburl:https%3A%2F%2Ftecnologicosucre.edu.ec%2Fdesarrollo-de-software%2F|title:Desarrollo%20de%20Software\u00bb][\/vc_column][\/vc_row][vc_row layout=\u00bbcontainer\u00bb][vc_column][vc_empty_space][\/vc_column][\/vc_row][vc_row layout=\u00bbcontainer\u00bb][vc_column width=\u00bb1\/3&#8243;]            <div class=\"feature \" >\n                <div class=\"feature-thumb text-center\">\n                     <a target=\"_blank\" href=\"https:\/\/tecnologicosucre.edu.ec\/educacion-inicial\/\">\n                            <img decoding=\"async\" class=\"\" src=\"https:\/\/tecnologicosucre.edu.ec\/web\/wp-content\/uploads\/2023\/08\/TDII-14-scaled-370x200.jpg\" width=\"370\" height=\"200\" alt=\"TDII-14\" title=\"TDII-14\" loading=\"lazy\" \/>                      <\/a>\n                <\/div>\n\n                <div class=\"feature-content\">\n                                        <h4 class=\"heading-color line-24\">\n                        <a target=\"_blank\" href=\"https:\/\/tecnologicosucre.edu.ec\/educacion-inicial\/\">Educaci\u00f3n Inicial<\/a>\n                    <\/h4>\n                                        <p>\ud83d\udcdaDual - Presencial \u23f0 Vespertina y Nocturna\ud83d\udccdCampus Norte<\/p>\n                                    <\/div>\n            <\/div>\n            [vc_column_text css=\u00bb\u00bb]Ser Tecn\u00f3logo en Educaci\u00f3n Inicial es mucho m\u00e1s que una carrera; \u00a1es una misi\u00f3n para mejorar la vida de los m\u00e1s peque\u00f1os!<br \/>\nEn el Instituto Superior Tecnol\u00f3gico Sucre, te formar\u00e1s en el arte de dise\u00f1ar estrategias innovadoras para el aprendizaje, el cuidado, la nutrici\u00f3n y la higiene de los ni\u00f1os.[\/vc_column_text][vc_empty_space][vc_btn title=\u00bbVER M\u00c1S\u00bb color=\u00bbprimary\u00bb css=\u00bb\u00bb link=\u00bburl:https%3A%2F%2Ftecnologicosucre.edu.ec%2Feducacion-inicial%2F|title:Educaci%C3%B3n%20Inicial|target:_blank\u00bb][\/vc_column][vc_column width=\u00bb1\/3&#8243;]            <div class=\"feature \" >\n                <div class=\"feature-thumb text-center\">\n                     <a target=\"_blank\" href=\"https:\/\/tecnologicosucre.edu.ec\/electricidad\/\">\n                            <img decoding=\"async\" class=\"\" src=\"https:\/\/tecnologicosucre.edu.ec\/web\/wp-content\/uploads\/2023\/08\/ELECTRICIDAD-58-scaled-370x200.jpg\" width=\"370\" height=\"200\" alt=\"ELECTRICIDAD-58\" title=\"ELECTRICIDAD-58\" loading=\"lazy\" \/>                      <\/a>\n                <\/div>\n\n                <div class=\"feature-content\">\n                                        <h4 class=\"heading-color line-24\">\n                        <a target=\"_blank\" href=\"https:\/\/tecnologicosucre.edu.ec\/electricidad\/\">Electricidad<\/a>\n                    <\/h4>\n                                        <p>\ud83d\udcdaPresencial \u23f0 Matutina, Vespertina y Nocturna\ud83d\udccdCampus Sur<\/p>\n                                    <\/div>\n            <\/div>\n            [vc_column_text]<span style=\"font-weight: 400;\">Adquiere conocimientos en dise\u00f1o, implementaci\u00f3n, operaci\u00f3n y mantenimiento de sistemas el\u00e9ctricos en diversos \u00e1mbitos. Dise\u00f1a y gestiona instalaciones el\u00e9ctricas comerciales, industriales y residenciales, as\u00ed como en el campo de la dom\u00f3tica e inm\u00f3tica para la automatizaci\u00f3n y control inteligente de viviendas y edificios. <\/span>[\/vc_column_text][vc_empty_space][vc_btn title=\u00bbVER M\u00c1S\u00bb color=\u00bbprimary\u00bb link=\u00bburl:https%3A%2F%2Ftecnologicosucre.edu.ec%2Felectricidad%2F|title:Electricidad|target:_blank\u00bb][\/vc_column][vc_column width=\u00bb1\/3&#8243;]            <div class=\"feature \" >\n                <div class=\"feature-thumb text-center\">\n                     <a target=\"_blank\" href=\"https:\/\/tecnologicosucre.edu.ec\/electromecanica\/\">\n                            <img decoding=\"async\" class=\"\" src=\"https:\/\/tecnologicosucre.edu.ec\/web\/wp-content\/uploads\/2023\/08\/ELECTRONICA-11-scaled-370x200.jpg\" width=\"370\" height=\"200\" alt=\"ELECTRONICA-11\" title=\"ELECTRONICA-11\" loading=\"lazy\" \/>                      <\/a>\n                <\/div>\n\n                <div class=\"feature-content\">\n                                        <h4 class=\"heading-color line-24\">\n                        <a target=\"_blank\" href=\"https:\/\/tecnologicosucre.edu.ec\/electromecanica\/\">Electromec\u00e1nica<\/a>\n                    <\/h4>\n                                        <p>\ud83d\udcdaPresencial \u23f0 Matutina, Vespertina y Nocturna\ud83d\udccdCampus Sur<\/p>\n                                    <\/div>\n            <\/div>\n            [vc_column_text]<span style=\"font-weight: 400;\">Ser\u00e1s capaz de instalar, operar y dar mantenimiento a sistemas electromec\u00e1nicos, brindando soluciones en las \u00e1reas de mantenimiento mec\u00e1nico, construcci\u00f3n, reconstrucci\u00f3n, montaje y adaptaci\u00f3n tecnol\u00f3gica dentro del \u00e1rea industrial en la producci\u00f3n de bienes y servicios siguiendo procedimientos t\u00e9cnicos a fin de aportar a la matriz productiva del pa\u00eds.<\/span>[\/vc_column_text][vc_empty_space][vc_btn title=\u00bbVER M\u00c1S\u00bb color=\u00bbprimary\u00bb link=\u00bburl:https%3A%2F%2Ftecnologicosucre.edu.ec%2Felectromecanica%2F|title:Electromec%C3%A1nica|target:_blank\u00bb][\/vc_column][\/vc_row][vc_row layout=\u00bbcontainer\u00bb][vc_column][vc_empty_space][\/vc_column][\/vc_row][vc_row layout=\u00bbcontainer\u00bb][vc_column width=\u00bb1\/3&#8243;]            <div class=\"feature \" >\n                <div class=\"feature-thumb text-center\">\n                     <a target=\"_blank\" href=\"https:\/\/tecnologicosucre.edu.ec\/electronica\/\">\n                            <img decoding=\"async\" class=\"\" src=\"https:\/\/tecnologicosucre.edu.ec\/web\/wp-content\/uploads\/2023\/08\/ELECTRONICA-12-1-scaled-370x200.jpg\" width=\"370\" height=\"200\" alt=\"ELECTRONICA-12 (1)\" title=\"ELECTRONICA-12 (1)\" loading=\"lazy\" \/>                      <\/a>\n                <\/div>\n\n                <div class=\"feature-content\">\n                                        <h4 class=\"heading-color line-24\">\n                        <a target=\"_blank\" href=\"https:\/\/tecnologicosucre.edu.ec\/electronica\/\">Electr\u00f3nica<\/a>\n                    <\/h4>\n                                        <p>\ud83d\udcdaPresencial \u23f0Matutina, Vespertina y Nocturna \ud83d\udccdCampus Sur<\/p>\n                                    <\/div>\n            <\/div>\n            [vc_column_text]<span style=\"font-weight: 400;\">Realiza actividades enmarcadas dentro de la construcci\u00f3n, montaje, aplicaci\u00f3n, operaci\u00f3n e innovaci\u00f3n de sistemas electr\u00f3nicos que est\u00e9n ligados a las ramas de la automatizaci\u00f3n y control industrial, las redes de la informaci\u00f3n y telecomunicaciones, la rob\u00f3tica, la instrumentaci\u00f3n electr\u00f3nica e industrial y el mantenimiento. <\/span>[\/vc_column_text][vc_empty_space][vc_btn title=\u00bbVER M\u00c1S\u00bb color=\u00bbprimary\u00bb link=\u00bburl:https%3A%2F%2Ftecnologicosucre.edu.ec%2Felectronica%2F|title:Electr%C3%B3nica|target:_blank\u00bb][\/vc_column][vc_column width=\u00bb1\/3&#8243;]            <div class=\"feature \" >\n                <div class=\"feature-thumb text-center\">\n                     <a target=\"_blank\" href=\"https:\/\/tecnologicosucre.edu.ec\/fotografia\/\">\n                            <img decoding=\"async\" class=\"\" src=\"https:\/\/tecnologicosucre.edu.ec\/web\/wp-content\/uploads\/2023\/08\/F05-370x200.jpg\" width=\"370\" height=\"200\" alt=\"F05\" title=\"F05\" loading=\"lazy\" \/>                      <\/a>\n                <\/div>\n\n                <div class=\"feature-content\">\n                                        <h4 class=\"heading-color line-24\">\n                        <a target=\"_blank\" href=\"https:\/\/tecnologicosucre.edu.ec\/fotografia\/\">Fotograf\u00eda<\/a>\n                    <\/h4>\n                                        <p>\ud83d\udcdaPresencial \u23f0Matutina y Vespertina\ud83d\udccdCampus Norte<\/p>\n                                    <\/div>\n            <\/div>\n            [vc_column_text]<span style=\"font-weight: 400;\">Genera im\u00e1genes fijas y en movimiento. Utiliza las herramientas m\u00e1s id\u00f3neas para construir productos visuales y posteriormente difundirlos seg\u00fan una necesidad comunicativa, informativa o art\u00edstica. Aplica metodolog\u00edas de trabajo multidiciplinario y combina diversas herramientas en el campo laboral y crea optimas relaciones comerciales.<\/span>[\/vc_column_text][vc_empty_space][vc_btn title=\u00bbVER M\u00c1S\u00bb color=\u00bbprimary\u00bb link=\u00bburl:https%3A%2F%2Ftecnologicosucre.edu.ec%2Ffotografia%2F|title:Fotograf%C3%ADa|target:_blank\u00bb][\/vc_column][vc_column width=\u00bb1\/3&#8243;]            <div class=\"feature \" >\n                <div class=\"feature-thumb text-center\">\n                     <a target=\"_blank\" href=\"https:\/\/tecnologicosucre.edu.ec\/gestion_ambiental\/\">\n                            <img decoding=\"async\" class=\"\" src=\"https:\/\/tecnologicosucre.edu.ec\/web\/wp-content\/uploads\/2023\/08\/AMBIENTAL-8-scaled-370x200.jpg\" width=\"370\" height=\"200\" alt=\"AMBIENTAL-8\" title=\"AMBIENTAL-8\" loading=\"lazy\" \/>                      <\/a>\n                <\/div>\n\n                <div class=\"feature-content\">\n                                        <h4 class=\"heading-color line-24\">\n                        <a target=\"_blank\" href=\"https:\/\/tecnologicosucre.edu.ec\/gestion_ambiental\/\">Gesti\u00f3n Ambiental<\/a>\n                    <\/h4>\n                                        <p>\ud83d\udcdaPresencial \u23f0 Matutina, Vespertina y Nocturna \ud83d\udccdCampus Norte<\/p>\n                                    <\/div>\n            <\/div>\n            [vc_column_text]<\/p>\n<div class=\"gmail_default\">Aplica t\u00e9cnicas, herramientas, procedimientos de manejo, cuidado y mejora de la calidad del medio ambiente. Mediante acciones de conservaci\u00f3n con la finalidad de proponer o ampliar planes para prevenir, controlar, mitigar y corregir problemas ambientales, promoviendo el desarrollo sostenible, el uso racional de los recursos naturales no renovables.<\/div>\n<div class=\"gmail_default\"><\/div>\n<p>[\/vc_column_text][vc_empty_space][vc_btn title=\u00bbVER M\u00c1S\u00bb color=\u00bbprimary\u00bb link=\u00bburl:https%3A%2F%2Ftecnologicosucre.edu.ec%2Fgestion_ambiental%2F|title:Gesti%C3%B3n%20Ambiental|target:_blank\u00bb][\/vc_column][\/vc_row][vc_row layout=\u00bbcontainer\u00bb][vc_column][vc_empty_space][\/vc_column][\/vc_row][vc_row layout=\u00bbcontainer\u00bb][vc_column width=\u00bb1\/3&#8243;]            <div class=\"feature \" >\n                <div class=\"feature-thumb text-center\">\n                     <a target=\"_blank\" href=\"https:\/\/tecnologicosucre.edu.ec\/marketing\/\">\n                            <img decoding=\"async\" class=\"\" src=\"https:\/\/tecnologicosucre.edu.ec\/web\/wp-content\/uploads\/2023\/08\/MARKETING-5-scaled-370x200.jpg\" width=\"370\" height=\"200\" alt=\"MARKETING-5\" title=\"MARKETING-5\" loading=\"lazy\" \/>                      <\/a>\n                <\/div>\n\n                <div class=\"feature-content\">\n                                        <h4 class=\"heading-color line-24\">\n                        <a target=\"_blank\" href=\"https:\/\/tecnologicosucre.edu.ec\/marketing\/\">Marketing<\/a>\n                    <\/h4>\n                                        <p>\ud83d\udcdaH\u00edbrida \u23f0Vespertina y Nocturna \ud83d\udccdCampus Norte<\/p>\n                                    <\/div>\n            <\/div>\n            [vc_column_text]<span style=\"font-weight: 400;\">Convi\u00e9rtete en un estratega que contribuya <\/span><span style=\"font-weight: 400;\">al desarrollo social, cultural, ambiental, econ\u00f3mico y productivo de la provincia a trav\u00e9s de la aplicaci\u00f3n correcta de los conocimientos adquiridos planteando objetivos con una visi\u00f3n amplia de su entorno, tomando en cuenta las actualizaciones que el mercado demanda, impulsando la mejora de la matriz productiva.\u00a0<\/span>[\/vc_column_text][vc_empty_space][vc_btn title=\u00bbVER M\u00c1S\u00bb color=\u00bbprimary\u00bb link=\u00bburl:https%3A%2F%2Ftecnologicosucre.edu.ec%2Fmarketing%2F|title:Marketing|target:_blank\u00bb][\/vc_column][vc_column width=\u00bb1\/3&#8243;]            <div class=\"feature \" >\n                <div class=\"feature-thumb text-center\">\n                     <a target=\"_blank\" href=\"https:\/\/tecnologicosucre.edu.ec\/procesamiento-de-alimentos\/\">\n                            <img decoding=\"async\" class=\"\" src=\"https:\/\/tecnologicosucre.edu.ec\/web\/wp-content\/uploads\/2023\/08\/ALIMENTOS-48-1-scaled-370x200.jpg\" width=\"370\" height=\"200\" alt=\"ALIMENTOS-48 (1)\" title=\"ALIMENTOS-48 (1)\" loading=\"lazy\" \/>                      <\/a>\n                <\/div>\n\n                <div class=\"feature-content\">\n                                        <h4 class=\"heading-color line-24\">\n                        <a target=\"_blank\" href=\"https:\/\/tecnologicosucre.edu.ec\/procesamiento-de-alimentos\/\">Procesamiento de Alimentos<\/a>\n                    <\/h4>\n                                        <p>\ud83d\udcdaPresencial \u23f0Matutina y Vespertina\ud83d\udccdCampus Norte<\/p>\n                                    <\/div>\n            <\/div>\n            [vc_column_text]<span style=\"font-weight: 400;\">Contribuir a la gesti\u00f3n integral de los procesos tecnol\u00f3gicos en la industria de alimentos destinados a la transformaci\u00f3n, conservaci\u00f3n, distribuci\u00f3n y almacenamiento de productos terminados, garantizando que estos cumplan con los est\u00e1ndares y reglamentaciones vigentes.<\/span>[\/vc_column_text][vc_empty_space][vc_btn title=\u00bbVER M\u00c1S\u00bb color=\u00bbprimary\u00bb link=\u00bburl:https%3A%2F%2Ftecnologicosucre.edu.ec%2Fprocesamiento-de-alimentos%2F|title:Procesamiento%20de%20Alimentos|target:_blank\u00bb][\/vc_column][vc_column width=\u00bb1\/3&#8243;]            <div class=\"feature \" >\n                <div class=\"feature-thumb text-center\">\n                     <a target=\"_blank\" href=\"https:\/\/tecnologicosucre.edu.ec\/produccion-audiovisual\/\">\n                            <img decoding=\"async\" class=\"\" src=\"https:\/\/tecnologicosucre.edu.ec\/web\/wp-content\/uploads\/2023\/08\/P05-370x200.jpg\" width=\"370\" height=\"200\" alt=\"P05\" title=\"P05\" loading=\"lazy\" \/>                      <\/a>\n                <\/div>\n\n                <div class=\"feature-content\">\n                                        <h4 class=\"heading-color line-24\">\n                        <a target=\"_blank\" href=\"https:\/\/tecnologicosucre.edu.ec\/produccion-audiovisual\/\">Producci\u00f3n Audiovisual<\/a>\n                    <\/h4>\n                                        <p>\ud83d\udcdaPresencial \u23f0 Matutina y Vespertina \ud83d\udccdCampus Norte<\/p>\n                                    <\/div>\n            <\/div>\n            [vc_column_text]Estar\u00e1s en la capacidad de planificar y ejecutar procesos de pre-producci\u00f3n, producci\u00f3n y post-producci\u00f3n para crear productos audiovisuales de ficci\u00f3n, argumentales, documentales y educativos, desde la concepci\u00f3n de la idea, plan de rodaje, puesta en escena, hasta la edici\u00f3n, sonido y montaje.[\/vc_column_text][vc_empty_space][vc_btn title=\u00bbVER M\u00c1S\u00bb color=\u00bbprimary\u00bb link=\u00bburl:https%3A%2F%2Ftecnologicosucre.edu.ec%2Fproduccion-audiovisual%2F|title:Producci%C3%B3n%20Audiovisual|target:_blank\u00bb][\/vc_column][\/vc_row][vc_row][vc_column][vc_empty_space][\/vc_column][\/vc_row][vc_row layout=\u00bbcontainer\u00bb][vc_column width=\u00bb1\/3&#8243;]            <div class=\"feature \" >\n                <div class=\"feature-thumb text-center\">\n                     <a target=\"_blank\" href=\"https:\/\/tecnologicosucre.edu.ec\/web\/educacion-inclusiva-2\/\">\n                            <img decoding=\"async\" class=\"\" src=\"https:\/\/tecnologicosucre.edu.ec\/web\/wp-content\/uploads\/2026\/04\/ed-in3-scaled-370x200.jpg\" width=\"370\" height=\"200\" alt=\"ed-in3\" title=\"ed-in3\" loading=\"lazy\" \/>                      <\/a>\n                <\/div>\n\n                <div class=\"feature-content\">\n                                        <h4 class=\"heading-color line-24\">\n                        <a target=\"_blank\" href=\"https:\/\/tecnologicosucre.edu.ec\/web\/educacion-inclusiva-2\/\">Educaci\u00f3n Inclusiva<\/a>\n                    <\/h4>\n                                        <p>\ud83d\udcdaVirtual \u23f0Nocturna \ud83d\udccdCampus Norte<\/p>\n                                    <\/div>\n            <\/div>\n            [vc_column_text css=\u00bb\u00bb]La carrera de Educaci\u00f3n Inclusiva forma profesionales capaces de apoyar procesos pedag\u00f3gicos en distintos niveles educativos, promoviendo la equidad, la interculturalidad y el respeto a la diversidad. Desarrolla competencias para identificar necesidades educativas, aplicar estrategias inclusivas y dise\u00f1ar materiales accesibles.[\/vc_column_text][vc_empty_space][vc_btn title=\u00bbVER M\u00c1S\u00bb color=\u00bbprimary\u00bb css=\u00bb\u00bb link=\u00bburl:https%3A%2F%2Ftecnologicosucre.edu.ec%2Fweb%2Feducacion-inclusiva-2%2F|title:Educaci%C3%B3n%20Inclusiva|target:_blank\u00bb][\/vc_column][\/vc_row][vc_row][vc_column][vc_empty_space][\/vc_column][\/vc_row]<\/p>\n<\/div>","protected":false},"excerpt":{"rendered":"<p>[vc_row layout=\u00bbcontainer\u00bb][vc_column width=\u00bb1\/3&#8243;][vc_column_text]Estar\u00e1s en la capacidad de ejecutar el proceso contable mediante la aplicaci\u00f3n de normas vigentes que le permitan organizar, registrar, generar e interpretar la informaci\u00f3n econ\u00f3mica, financiera de la empresa para la toma de decisiones, tomando en cuenta la realidad nacional y global.[\/vc_column_text][vc_empty_space][vc_btn title=\u00bbVER M\u00c1S\u00bb color=\u00bbprimary\u00bb link=\u00bburl:https%3A%2F%2Ftecnologicosucre.edu.ec%2Fcontabilidad%2F|title:Contabilidad|target:_blank\u00bb][\/vc_column][vc_column width=\u00bb1\/3&#8243;][vc_column_text]Convi\u00e9rtete en un profesional en la [&hellip;]<\/p>\n","protected":false},"author":2,"featured_media":0,"parent":0,"menu_order":0,"comment_status":"closed","ping_status":"closed","template":"","meta":{"_monsterinsights_skip_tracking":false,"_monsterinsights_sitenote_active":false,"_monsterinsights_sitenote_note":"","_monsterinsights_sitenote_category":0,"footnotes":""},"class_list":["post-700","page","type-page","status-publish","hentry"],"_links":{"self":[{"href":"https:\/\/tecnologicosucre.edu.ec\/web\/wp-json\/wp\/v2\/pages\/700","targetHints":{"allow":["GET"]}}],"collection":[{"href":"https:\/\/tecnologicosucre.edu.ec\/web\/wp-json\/wp\/v2\/pages"}],"about":[{"href":"https:\/\/tecnologicosucre.edu.ec\/web\/wp-json\/wp\/v2\/types\/page"}],"author":[{"embeddable":true,"href":"https:\/\/tecnologicosucre.edu.ec\/web\/wp-json\/wp\/v2\/users\/2"}],"replies":[{"embeddable":true,"href":"https:\/\/tecnologicosucre.edu.ec\/web\/wp-json\/wp\/v2\/comments?post=700"}],"version-history":[{"count":3,"href":"https:\/\/tecnologicosucre.edu.ec\/web\/wp-json\/wp\/v2\/pages\/700\/revisions"}],"predecessor-version":[{"id":9790,"href":"https:\/\/tecnologicosucre.edu.ec\/web\/wp-json\/wp\/v2\/pages\/700\/revisions\/9790"}],"wp:attachment":[{"href":"https:\/\/tecnologicosucre.edu.ec\/web\/wp-json\/wp\/v2\/media?parent=700"}],"curies":[{"name":"wp","href":"https:\/\/api.w.org\/{rel}","templated":true}]}}