{"id":6974,"date":"2024-09-12T16:12:22","date_gmt":"2024-09-12T21:12:22","guid":{"rendered":"https:\/\/tecnologicosucre.edu.ec\/?page_id=6974"},"modified":"2025-10-01T14:37:59","modified_gmt":"2025-10-01T19:37:59","slug":"proceso-directores-proyecto","status":"publish","type":"page","link":"https:\/\/tecnologicosucre.edu.ec\/web\/proceso-directores-proyecto\/","title":{"rendered":"Proceso Directores del proyecto de vinculaci\u00f3n"},"content":{"rendered":"<div class=\"wpb-content-wrapper\"><p>[vc_row][vc_column]            <div class=\"heading color-dark text-left \" >\n                                                <h2 class=\"heading-color fs-38\">\n                    DOCENTES DIRECTORES EN PROYECTOS DE VINCULACI\u00d3N                <\/h2>\n                            <\/div>\n            [vc_empty_space height=\u00bb42px\u00bb][vc_tta_tabs style=\u00bbmodern\u00bb color=\u00bbsky\u00bb spacing=\u00bb3&#8243; active_section=\u00bb1&#8243;][vc_tta_section title=\u00bbPLANIFICACI\u00d3N\u00bb tab_id=\u00bb1726101700217-f38c582f-5a13&#8243;][vc_empty_space][vc_column_text css=\u00bb\u00bb]<\/p>\n<h4><span style=\"color: #000000;\"><b>INICIO PARA PROYECTO DE VINCULACI\u00d3N<\/b><\/span><\/h4>\n<h4><span style=\"color: #000000;\"><b>PRESENTAR A LA COORDINACI\u00d3N DE VINCULACI\u00d3N<\/b><\/span><\/h4>\n<p><span style=\"font-weight: 400;\">El Docente Director de proyecto podr\u00e1 presentar un proyecto de vinculaci\u00f3n, considerando los programas de vinculaci\u00f3n abiertos en la instituci\u00f3n, cubriendo las necesidades de las entidades receptoras con las que se mantiene un convenio vigente.\u00a0<\/span><\/p>\n<ul>\n<li style=\"font-weight: 400;\" aria-level=\"1\"><b>Planificaci\u00f3n de proyectos de vinculaci\u00f3n:<\/b><span style=\"font-weight: 400;\">\u00a0genera el docente Director.\u00a0<\/span><\/li>\n<\/ul>\n<p><b>\u00a0 \u00a0 \u00a0 \u00a0 \u00a0\u00a0<a href=\"https:\/\/tecnologicosucre.edu.ec\/web\/wp-content\/uploads\/2025\/10\/ANEXO-3.-PPYE.docx\">ANEXO 3_PPYE\u00a0<\/a><\/b><\/p>\n<p><span style=\"font-weight: 400;\">La planificaci\u00f3n debe contener toda la informaci\u00f3n completa, el c\u00f3digo de proyecto debe solicitarlo al Miembro de CVS de la carrera a la que corresponda.<\/span><\/p>\n<p><span style=\"font-weight: 400;\">Una vez completa la planificaci\u00f3n, enviar por correo electr\u00f3nico a la Coordinaci\u00f3n de vinculaci\u00f3n para que le sea proporcionada la informaci\u00f3n de la entidad receptora para posibles ajustes y aprobaci\u00f3n de inicio de proyecto, as\u00ed mismo le ser\u00e1 proporcionado un drive para cargar la informaci\u00f3n debidamente legalizada.<\/span><\/p>\n<p><b>Nota:<\/b> <i><span style=\"font-weight: 400;\">El Docente Director debe realizar la notificaci\u00f3n a los estudiantes que la planificaci\u00f3n a sido aprobado por la Coordinaci\u00f3n de CVS para que los estudiantes puedan iniciar su proceso de PSC (pr\u00e1cticas de servicio comunitario en proyectos de vinculaci\u00f3n) proceso que se encuentra en la secci\u00f3n de Estudiantes practicas pre profesionales.<\/span><\/i><\/p>\n<p><i><span style=\"font-weight: 400;\">El proceso de PSC de los estudiantes contienen documentaci\u00f3n en el cual el Director participa de manera directa como:\u00a0<\/span><\/i><\/p>\n<ul>\n<li style=\"font-weight: 400;\" aria-level=\"1\"><i><span style=\"font-weight: 400;\">Inducci\u00f3n del proyecto (Fase de inicio)<\/span><\/i><\/li>\n<\/ul>\n<ul>\n<li style=\"font-weight: 400;\" aria-level=\"1\"><i><span style=\"font-weight: 400;\">Control de asistencia en PSC (De inicio a fin de horas necesarias para el cumplimiento del proyecto)<\/span><\/i><\/li>\n<\/ul>\n<ul>\n<li style=\"font-weight: 400;\" aria-level=\"1\"><i><span style=\"font-weight: 400;\">Evaluaci\u00f3n Final (Fase de cierre)\u00a0<\/span><\/i><\/li>\n<\/ul>\n<ul>\n<li style=\"font-weight: 400;\" aria-level=\"1\"><i><span style=\"font-weight: 400;\">Gesti\u00f3n y entrega de certificados emitidos por la entidad receptora (Entre la Fase ejecuci\u00f3n y cierre)\u00a0<\/span><\/i><\/li>\n<\/ul>\n<p><span style=\"font-weight: 400;\">En el caso de que el estudiante no cumpla con este proceso no ser\u00e1n validadas las horas trabajadas en el proyecto. <\/span>[\/vc_column_text][\/vc_tta_section][vc_tta_section title=\u00bbEJECUCI\u00d3N\u00bb tab_id=\u00bb1726101700229-d47c1c13-61a7&#8243;][vc_empty_space][vc_column_text css=\u00bb\u00bb]<\/p>\n<h4><span style=\"color: #000000;\"><b>EJECUCI\u00d3N EN PROYECTO DE VINCULACI\u00d3N<\/b><\/span><\/h4>\n<ul>\n<li style=\"font-weight: 400;\" aria-level=\"1\"><b>Seguimiento al proyecto:<\/b><span style=\"font-weight: 400;\"> La ejecuci\u00f3n del proyecto tendr\u00e1 un seguimiento por parte de la Coordinaci\u00f3n de CVS o su delegado, esto tendr\u00e1 que ser evidenciado con el siguiente formato:\u00a0<\/span><\/li>\n<\/ul>\n<p><b>\u00a0 \u00a0 \u00a0 \u00a0 \u00a0 <\/b><a href=\"https:\/\/tecnologicosucre.edu.ec\/web\/wp-content\/uploads\/2024\/09\/ANEXO-5.-FICHA-SEGUIMIENTO-A-PV.docx\"><b>ANEXO<\/b><b> 5 FICHA DE SEGUIMIENTO\u00a0\u00a0<\/b><\/a><\/p>\n<ul>\n<li aria-level=\"1\"><b>Gesti\u00f3n de certificados: <\/b><span style=\"font-weight: 400;\">El Docente Director o su colaborador, debe gestionar la emisi\u00f3n de certificados por parte de la entidad receptora a los estudiantes que est\u00e1n participando en el proyecto, este documento no mantiene un formato ya que cada entidad maneja formatos internos, es importante verificar que contenga lo siguiente:\u00a0<\/span><\/li>\n<\/ul>\n<ul>\n<li style=\"list-style-type: none;\">\n<ul>\n<li style=\"list-style-type: none;\">\n<ul>\n<li><span style=\"font-weight: 400;\">Nombres del estudiante participante y c\u00e9dula\u00a0<\/span><\/li>\n<li><span style=\"font-weight: 400;\">Nombre del proyecto\u00a0<\/span><\/li>\n<li><span style=\"font-weight: 400;\">Tiempo de duraci\u00f3n\u00a0<\/span><\/li>\n<li><span style=\"font-weight: 400;\">Lugar de ejecuci\u00f3n<\/span><\/li>\n<li><span style=\"font-weight: 400;\">Firmas y sello de la entidad\u00a0<\/span><\/li>\n<\/ul>\n<\/li>\n<\/ul>\n<\/li>\n<\/ul>\n<ul>\n<li><b>Difusi\u00f3n de resultados del proyecto de vinculaci\u00f3n: <\/b><span style=\"font-weight: 400;\">El Director para el cierre del proyecto en la entidad receptora debe generar una reuni\u00f3n o evento con los beneficiarios y dar a conocer todo el trabajo realizado en la comunidad, con el fin de recabar evidencia de los resultados que se obtuvo en este proyecto, y emitir al \u00e1rea de comunicaci\u00f3n para ser publicado y tener mayor impacto en la sociedad. (esta evidencia sirve como anexos al proyecto final que debe ser presentado a la Coordinaci\u00f3n de CVS)\u00a0<\/span><\/li>\n<\/ul>\n<ul>\n<li aria-level=\"1\"><b>Aplicaci\u00f3n de encuesta: <\/b>El Director de proyecto y el miembro de CVS supervisor en el evento de cierre aplicar\u00e1\u00a0una encuesta a los involucrados del proyecto, docentes, estudiantes, beneficiarios, con el fin de levantar informaci\u00f3n y conocer si el proyecto fue satisfactorio. El enlace ser\u00e1 facilitado por correo electr\u00f3nico en respuesta de la aprobaci\u00f3n del proyecto.<\/li>\n<li aria-level=\"1\"><span style=\"letter-spacing: 0.05em;\">Adem\u00e1s el Director de proyecto deber\u00e1 presentar un informe con la informaci\u00f3n recolectada a trav\u00e9s de la encuesta a trav\u00e9s del siguiente formato: <\/span><\/li>\n<\/ul>\n<p><a href=\"https:\/\/tecnologicosucre.edu.ec\/web\/wp-content\/uploads\/2025\/07\/INFORME-DE-ENCUESTA.docx\" target=\"_blank\" rel=\"noopener\"><strong>\u00a0 \u00a0 \u00a0 \u00a0 \u00a0 INFORME DE ENCUESTA<\/strong><\/a>[\/vc_column_text][\/vc_tta_section][vc_tta_section title=\u00bbCIERRE\u00bb tab_id=\u00bb1726102177446-7cf3031d-364f\u00bb][vc_empty_space][vc_column_text css=\u00bb\u00bb]<\/p>\n<h4><span style=\"color: #000000;\"><b>CIERRE AL PROYECTO DE VINCULACI\u00d3N<\/b><\/span><\/h4>\n<ul>\n<li aria-level=\"1\"><b>Entrega del proyecto finalizado: <\/b><span style=\"font-weight: 400;\">Una vez dado cumplimiento a la planificaci\u00f3n y ejecuci\u00f3n de las actividades, el Director conjuntamente con sus docentes colaboradores deben reportar el Proyecto finalizado con el formato correspondiente, mismo que debe enviar a la Coordinaci\u00f3n de CVS para su revisi\u00f3n y aprobaci\u00f3n.<\/span><\/li>\n<\/ul>\n<p><b style=\"letter-spacing: 0.05em;\">\u00a0 \u00a0 \u00a0 \u00a0 \u00a0 <a href=\"https:\/\/tecnologicosucre.edu.ec\/web\/wp-content\/uploads\/2024\/09\/ANEXO-7-PROYECTO-FINAL-PV.docx\">ANEXO 7_PROYECTO FINAL\u00a0<\/a><\/b><br \/>\n<b><\/b><\/p>\n<p><b>Nota: <\/b><i><span style=\"font-weight: 400;\">Es importante culminar con el proyecto ya que este documento aprobado sirve para que los Miembros de CVS de cada carrera puedan validar la participaci\u00f3n de los estudiantes y poder procesar sus horas de PSC en el proyecto de vinculaci\u00f3n<\/span><\/i><b>.<\/b><\/p>\n<ul>\n<li aria-level=\"1\"><b>Generaci\u00f3n de Certificados a Docentes participantes: <\/b><span style=\"font-weight: 400;\">La Coordinaci\u00f3n de CVS al registrar como finalizado un proyecto de vinculaci\u00f3n, deber\u00e1 emitir un certificado al Director del proyecto y a cada Docente Colaborador, mismo que debe contener lo siguiente:\u00a0<\/span><\/li>\n<\/ul>\n<ul>\n<li style=\"list-style-type: none;\">\n<ul>\n<li style=\"list-style-type: none;\">\n<ul>\n<li style=\"font-weight: 400;\" aria-level=\"1\"><span style=\"font-weight: 400;\">Documento Impreso en hoja membretada del instituto<\/span><\/li>\n<li style=\"font-weight: 400;\" aria-level=\"1\"><span style=\"font-weight: 400;\">Nombre y N\u00b0 de c\u00e9dula del docente beneficiario\u00a0<\/span><\/li>\n<li style=\"font-weight: 400;\" aria-level=\"1\"><span style=\"font-weight: 400;\">Cargo que tuvo el docente en el proyecto de vinculaci\u00f3n<\/span><\/li>\n<li style=\"font-weight: 400;\" aria-level=\"1\"><span style=\"font-weight: 400;\">T\u00edtulo del proyecto de vinculaci\u00f3n\u00a0<\/span><\/li>\n<li style=\"font-weight: 400;\" aria-level=\"1\"><span style=\"font-weight: 400;\">Fechas de inicio y finalizaci\u00f3n \u2013 d\u00edas naturales transcurridos\u00a0<\/span><\/li>\n<li style=\"font-weight: 400;\" aria-level=\"1\"><span style=\"font-weight: 400;\">Nombre de la entidad receptora del proyecto de vinculaci\u00f3n.\u00a0<\/span><\/li>\n<\/ul>\n<\/li>\n<\/ul>\n<\/li>\n<\/ul>\n<p>[\/vc_column_text][\/vc_tta_section][\/vc_tta_tabs][\/vc_column][vc_column][\/vc_column][\/vc_row]<\/p>\n<\/div>","protected":false},"excerpt":{"rendered":"<p>[vc_row][vc_column][vc_empty_space height=\u00bb42px\u00bb][vc_tta_tabs style=\u00bbmodern\u00bb color=\u00bbsky\u00bb spacing=\u00bb3&#8243; active_section=\u00bb1&#8243;][vc_tta_section title=\u00bbPLANIFICACI\u00d3N\u00bb tab_id=\u00bb1726101700217-f38c582f-5a13&#8243;][vc_empty_space][vc_column_text css=\u00bb\u00bb] INICIO PARA PROYECTO DE VINCULACI\u00d3N PRESENTAR A LA COORDINACI\u00d3N DE VINCULACI\u00d3N El Docente Director de proyecto podr\u00e1 presentar un proyecto de vinculaci\u00f3n, considerando los programas de vinculaci\u00f3n abiertos en la instituci\u00f3n, cubriendo las necesidades de las entidades receptoras con las que se mantiene un convenio vigente.\u00a0 [&hellip;]<\/p>\n","protected":false},"author":2,"featured_media":0,"parent":0,"menu_order":0,"comment_status":"closed","ping_status":"closed","template":"","meta":{"_monsterinsights_skip_tracking":false,"_monsterinsights_sitenote_active":false,"_monsterinsights_sitenote_note":"","_monsterinsights_sitenote_category":0,"footnotes":""},"class_list":["post-6974","page","type-page","status-publish","hentry"],"_links":{"self":[{"href":"https:\/\/tecnologicosucre.edu.ec\/web\/wp-json\/wp\/v2\/pages\/6974","targetHints":{"allow":["GET"]}}],"collection":[{"href":"https:\/\/tecnologicosucre.edu.ec\/web\/wp-json\/wp\/v2\/pages"}],"about":[{"href":"https:\/\/tecnologicosucre.edu.ec\/web\/wp-json\/wp\/v2\/types\/page"}],"author":[{"embeddable":true,"href":"https:\/\/tecnologicosucre.edu.ec\/web\/wp-json\/wp\/v2\/users\/2"}],"replies":[{"embeddable":true,"href":"https:\/\/tecnologicosucre.edu.ec\/web\/wp-json\/wp\/v2\/comments?post=6974"}],"version-history":[{"count":2,"href":"https:\/\/tecnologicosucre.edu.ec\/web\/wp-json\/wp\/v2\/pages\/6974\/revisions"}],"predecessor-version":[{"id":9367,"href":"https:\/\/tecnologicosucre.edu.ec\/web\/wp-json\/wp\/v2\/pages\/6974\/revisions\/9367"}],"wp:attachment":[{"href":"https:\/\/tecnologicosucre.edu.ec\/web\/wp-json\/wp\/v2\/media?parent=6974"}],"curies":[{"name":"wp","href":"https:\/\/api.w.org\/{rel}","templated":true}]}}