{"id":6922,"date":"2024-09-12T16:12:31","date_gmt":"2024-09-12T21:12:31","guid":{"rendered":"https:\/\/tecnologicosucre.edu.ec\/?page_id=6922"},"modified":"2025-09-02T15:58:52","modified_gmt":"2025-09-02T20:58:52","slug":"institucion-comunidad","status":"publish","type":"page","link":"https:\/\/tecnologicosucre.edu.ec\/web\/institucion-comunidad\/","title":{"rendered":"Instituci\u00f3n en la comunidad"},"content":{"rendered":"<div class=\"wpb-content-wrapper\"><p>[vc_row][vc_column]            <div class=\"heading color-dark text-center \" >\n                                    <span class=\"s-color\"><i class=\"fa fa-star\"><\/i><\/span>\n                                                <h2 class=\"heading-color fs-38\">\n                    PRESENCIA DE LA INSTITUCI\u00d3N EN LA COMUNIDAD                <\/h2>\n                            <\/div>\n            [vc_empty_space height=\u00bb52px\u00bb][\/vc_column][\/vc_row][vc_row][vc_column][vc_tta_tabs style=\u00bbmodern\u00bb color=\u00bbsky\u00bb active_section=\u00bb1&#8243;][vc_tta_section title=\u00bbCULTURAL\u00bb tab_id=\u00bb1726091502381-f20bf89a-7266&#8243;][vc_row_inner][vc_column_inner width=\u00bb1\/3&#8243;][vc_column_text css=\u00bb\u00bb]<iframe loading=\"lazy\" style=\"border: none; overflow: hidden;\" src=\"https:\/\/www.facebook.com\/plugins\/post.php?href=https%3A%2F%2Fwww.facebook.com%2FSUCREInstitutooficial%2Fposts%2Fpfbid0L6VT2FHJjzx67JGTW4QX27wzDhwb9zGus5JEK6iHUcXD6fC4BSKy5LFZA2oKqqtNl&amp;show_text=true&amp;width=300\" width=\"350\" height=\"630\" frameborder=\"0\" scrolling=\"no\" allowfullscreen=\"allowfullscreen\"><span data-mce-type=\"bookmark\" style=\"display: inline-block; width: 0px; overflow: hidden; line-height: 0;\" class=\"mce_SELRES_start\">\ufeff<\/span><span data-mce-type=\"bookmark\" style=\"display: inline-block; width: 0px; overflow: hidden; line-height: 0;\" class=\"mce_SELRES_start\">\ufeff<\/span><\/iframe>[\/vc_column_text][\/vc_column_inner][vc_column_inner width=\u00bb1\/3&#8243;][vc_column_text css=\u00bb\u00bb]<iframe loading=\"lazy\" style=\"border: none; overflow: hidden;\" src=\"https:\/\/www.facebook.com\/plugins\/post.php?href=https%3A%2F%2Fwww.facebook.com%2FSUCREInstitutooficial%2Fposts%2Fpfbid0KfovWSiEvptAVENjU4yvi5Agcq7natCKgKTkpV7VEZGmc9GaTHZzbXBXbV9HaUVJl&amp;show_text=true&amp;width=300\" width=\"350\" height=\"630\" frameborder=\"0\" scrolling=\"no\" allowfullscreen=\"allowfullscreen\"><span data-mce-type=\"bookmark\" style=\"display: inline-block; width: 0px; overflow: hidden; line-height: 0;\" class=\"mce_SELRES_start\">\ufeff<\/span><\/iframe>[\/vc_column_text][\/vc_column_inner][vc_column_inner width=\u00bb1\/3&#8243;][vc_column_text css=\u00bb\u00bb]<iframe loading=\"lazy\" style=\"border: none; overflow: hidden;\" src=\"https:\/\/www.facebook.com\/plugins\/post.php?href=https%3A%2F%2Fwww.facebook.com%2FSUCREInstitutooficial%2Fposts%2Fpfbid02Qy1xJZXCqp7djJZmht5bWd4VwDiEsyZg6CfM9PvvKo1jwRRzoNQm2w1GRgYzykwSl&amp;show_text=true&amp;width=300\" width=\"350\" height=\"630\" frameborder=\"0\" scrolling=\"no\" allowfullscreen=\"allowfullscreen\"><\/iframe>[\/vc_column_text][\/vc_column_inner][\/vc_row_inner][\/vc_tta_section][vc_tta_section title=\u00bbDEPORTIVO\u00bb tab_id=\u00bb1726091502392-d6660554-39b7&#8243;][vc_row_inner][vc_column_inner width=\u00bb1\/3&#8243;][vc_column_text css=\u00bb\u00bb]<iframe loading=\"lazy\" style=\"border: none; overflow: hidden;\" src=\"https:\/\/www.facebook.com\/plugins\/post.php?href=https%3A%2F%2Fwww.facebook.com%2FSUCREInstitutooficial%2Fposts%2Fpfbid02Rq9J97fZHMo1gqvxjUHxzZXXTgJMd6XW8XM4dx7P6A28zBeToYrd6Xwe4WtTFzqEl&amp;show_text=true&amp;width=300\" width=\"350\" height=\"600\" frameborder=\"0\" scrolling=\"no\" allowfullscreen=\"allowfullscreen\"><\/iframe>[\/vc_column_text][\/vc_column_inner][vc_column_inner width=\u00bb1\/3&#8243;][vc_column_text css=\u00bb\u00bb]<iframe loading=\"lazy\" style=\"border: none; overflow: hidden;\" src=\"https:\/\/www.facebook.com\/plugins\/post.php?href=https%3A%2F%2Fwww.facebook.com%2FSUCREInstitutooficial%2Fposts%2Fpfbid02WAYbMf4kPfaDFD6Dx5i3SNHtqUNFfCTTF3f1eSTEkscMTTdUr1TG4ETN3DgwwXnTl&amp;show_text=true&amp;width=300\" width=\"350\" height=\"600\" frameborder=\"0\" scrolling=\"no\" allowfullscreen=\"allowfullscreen\"><span data-mce-type=\"bookmark\" style=\"display: inline-block; width: 0px; overflow: hidden; line-height: 0;\" class=\"mce_SELRES_start\">\ufeff<\/span><\/iframe>[\/vc_column_text][\/vc_column_inner][vc_column_inner width=\u00bb1\/3&#8243;][vc_column_text css=\u00bb\u00bb]<iframe loading=\"lazy\" style=\"border: none; overflow: hidden;\" src=\"https:\/\/www.facebook.com\/plugins\/post.php?href=https%3A%2F%2Fwww.facebook.com%2FSUCREInstitutooficial%2Fposts%2Fpfbid0MnLrabtGija9wYWZApj2drR9aUAaYBYHGjdSEjJc5u6k9pfNdSjxUAyva4YfMfnGl&amp;show_text=true&amp;width=300\" width=\"350\" height=\"600\" frameborder=\"0\" scrolling=\"no\" allowfullscreen=\"allowfullscreen\"><\/iframe>[\/vc_column_text][\/vc_column_inner][\/vc_row_inner][vc_empty_space][vc_separator color=\u00bbsky\u00bb border_width=\u00bb4&#8243; css=\u00bb\u00bb][vc_empty_space][vc_row_inner][vc_column_inner width=\u00bb1\/3&#8243;][vc_column_text css=\u00bb\u00bb]<iframe loading=\"lazy\" style=\"border: none; overflow: hidden;\" src=\"https:\/\/www.facebook.com\/plugins\/post.php?href=https%3A%2F%2Fwww.facebook.com%2FSUCREInstitutooficial%2Fposts%2Fpfbid02HYcsoNqCTQxnHV2Cne4E6uo9dfnecb1no1325NiY5N4MSVu65h2p7mVQs9bNfq1pl&amp;show_text=true&amp;width=300\" width=\"350\" height=\"580\" frameborder=\"0\" scrolling=\"no\" allowfullscreen=\"allowfullscreen\"><span data-mce-type=\"bookmark\" style=\"display: inline-block; width: 0px; overflow: hidden; line-height: 0;\" class=\"mce_SELRES_start\">\ufeff<\/span><span data-mce-type=\"bookmark\" style=\"display: inline-block; width: 0px; overflow: hidden; line-height: 0;\" class=\"mce_SELRES_start\">\ufeff<\/span><span data-mce-type=\"bookmark\" style=\"display: inline-block; width: 0px; overflow: hidden; line-height: 0;\" class=\"mce_SELRES_start\">\ufeff<\/span><\/iframe>[\/vc_column_text][\/vc_column_inner][vc_column_inner width=\u00bb1\/3&#8243;][vc_column_text css=\u00bb\u00bb]<iframe loading=\"lazy\" style=\"border: none; overflow: hidden;\" src=\"https:\/\/www.facebook.com\/plugins\/post.php?href=https%3A%2F%2Fwww.facebook.com%2FInstitutoQuitoITQ%2Fposts%2Fpfbid031SSBpXvskZwyTGA6TdgPjQ64NV1fiF3D8WnqFkFuKggiWK1EoRFQKJsR8sqziNFql&amp;show_text=true&amp;width=300\" width=\"350\" height=\"580\" frameborder=\"0\" scrolling=\"no\" allowfullscreen=\"allowfullscreen\"><span data-mce-type=\"bookmark\" style=\"display: inline-block; width: 0px; overflow: hidden; line-height: 0;\" class=\"mce_SELRES_start\">\ufeff<\/span><\/iframe>[\/vc_column_text][\/vc_column_inner][vc_column_inner width=\u00bb1\/3&#8243;][\/vc_column_inner][\/vc_row_inner][\/vc_tta_section][vc_tta_section title=\u00bbSOCIAL\u00bb tab_id=\u00bb1726092629007-d0bae35b-187a\u00bb][vc_row_inner][vc_column_inner width=\u00bb1\/3&#8243;]            <div class=\"heading color-dark text-left \" >\n                                                <h2 class=\"heading-color fs-18\">\n                    CRUZ ROJA                <\/h2>\n                            <\/div>\n            [vc_empty_space][vc_column_text css=\u00bb\u00bb]<iframe loading=\"lazy\" style=\"border: none; overflow: hidden;\" src=\"https:\/\/www.facebook.com\/plugins\/post.php?href=https%3A%2F%2Fwww.facebook.com%2FCruzRojaJPP%2Fposts%2Fpfbid02Q7sYc8FXEf7T8aMBemeWdYEcJwMegXvpdcaG1CkMwJboFzsQveCdJ7EDtHHgGZGCl&amp;show_text=true&amp;width=300\" width=\"500\" height=\"684\" frameborder=\"0\" scrolling=\"no\" allowfullscreen=\"allowfullscreen\"><\/iframe>[\/vc_column_text][\/vc_column_inner][vc_column_inner width=\u00bb1\/3&#8243;]            <div class=\"heading color-dark text-left \" >\n                                                <h2 class=\"heading-color fs-18\">\n                    CRUZ ROJA                <\/h2>\n                            <\/div>\n            [vc_empty_space][vc_column_text css=\u00bb\u00bb]<iframe loading=\"lazy\" style=\"border: none; overflow: hidden;\" src=\"https:\/\/www.facebook.com\/plugins\/post.php?href=https%3A%2F%2Fwww.facebook.com%2FSUCREInstitutooficial%2Fposts%2Fpfbid02DipAkzc2nEoQBtJNRwyqtoMLEq4MHbeCGRpEYmvD4QyrjqNvPzsiX8pKPrRa26pml&amp;show_text=true&amp;width=300\" width=\"500\" height=\"735\" frameborder=\"0\" scrolling=\"no\" allowfullscreen=\"allowfullscreen\"><\/iframe>[\/vc_column_text][\/vc_column_inner][vc_column_inner width=\u00bb1\/3&#8243;]            <div class=\"heading color-dark text-left \" >\n                                                <h2 class=\"heading-color fs-18\">\n                    DONACIONES                <\/h2>\n                            <\/div>\n            [vc_empty_space][vc_column_text css=\u00bb\u00bb]<\/p>\n<div class=\"fb-video\" data-href=\"https:\/\/www.facebook.com\/SUCREInstitutooficial\/videos\/513393768015045\/\" data-width=\"300\" data-show-text=\"true\">\n<blockquote class=\"fb-xfbml-parse-ignore\" cite=\"https:\/\/www.facebook.com\/SUCREInstitutooficial\/videos\/513393768015045\/\"><p>&nbsp;<\/p>\n<p>\ud83e\ude78\u2728 \u00a1\u00danete a la causa y salva vidas! \u2728\ud83e\ude78<\/p>\n<p>El pr\u00f3ximo 1 de agosto, invitamos a todos nuestros docentes y alumnos a participar en nuestra campa\u00f1a de donaci\u00f3n de sangre. \ud83c\udf1f<\/p>\n<p>\ud83d\udcc5 Fecha: 1 de agosto<br \/>\n\u23f1\ufe0f 09:00 am &#8211; 15:45 pm<br \/>\n\ud83d\udccd Lugar: Sede Matriz Norte y Sede Sur<\/p>\n<p>\u00a1Tu sangre es un regalo invaluable! \ud83c\udf81\ud83d\ude4c\ud83c\udffd Juntos, podemos marcar la diferencia. \ud83e\udef6\ud83c\udffd<\/p>\n<p>Publicado por <a href=\"https:\/\/www.facebook.com\/SUCREInstitutooficial\">SUCRE Instituto Superior Universitario<\/a> en Lunes, 29 de julio de 2024<\/p><\/blockquote>\n<\/div>\n<p>[\/vc_column_text][\/vc_column_inner][\/vc_row_inner][vc_empty_space][vc_separator color=\u00bbsky\u00bb border_width=\u00bb3&#8243; css=\u00bb\u00bb][vc_empty_space][vc_row_inner][vc_column_inner width=\u00bb1\/3&#8243;]            <div class=\"heading color-dark text-left \" >\n                                                <h2 class=\"heading-color fs-18\">\n                    SEMANA DE LA LACTANCIA                <\/h2>\n                            <\/div>\n            [vc_empty_space][vc_column_text css=\u00bb\u00bb]<iframe loading=\"lazy\" style=\"border: none; overflow: hidden;\" src=\"https:\/\/www.facebook.com\/plugins\/post.php?href=https%3A%2F%2Fwww.facebook.com%2FSUCREInstitutooficial%2Fposts%2Fpfbid02fKdmNTyrtjtupbRrX3cRnyi5GMzCw648sELTeaHKu25bympCcATGDkfUKDcKLh6il&amp;show_text=true&amp;width=300\" width=\"500\" height=\"665\" frameborder=\"0\" scrolling=\"no\" allowfullscreen=\"allowfullscreen\"><\/iframe>[\/vc_column_text][\/vc_column_inner][vc_column_inner width=\u00bb1\/3&#8243;][\/vc_column_inner][vc_column_inner width=\u00bb1\/3&#8243;][\/vc_column_inner][\/vc_row_inner][\/vc_tta_section][\/vc_tta_tabs][\/vc_column][\/vc_row][vc_row][vc_column][vc_empty_space][\/vc_column][\/vc_row]<\/p>\n<\/div>","protected":false},"excerpt":{"rendered":"<p>[vc_row][vc_column][vc_empty_space height=\u00bb52px\u00bb][\/vc_column][\/vc_row][vc_row][vc_column][vc_tta_tabs style=\u00bbmodern\u00bb color=\u00bbsky\u00bb active_section=\u00bb1&#8243;][vc_tta_section title=\u00bbCULTURAL\u00bb tab_id=\u00bb1726091502381-f20bf89a-7266&#8243;][vc_row_inner][vc_column_inner width=\u00bb1\/3&#8243;][vc_column_text css=\u00bb\u00bb]\ufeff\ufeff[\/vc_column_text][\/vc_column_inner][vc_column_inner width=\u00bb1\/3&#8243;][vc_column_text css=\u00bb\u00bb]\ufeff[\/vc_column_text][\/vc_column_inner][vc_column_inner width=\u00bb1\/3&#8243;][vc_column_text css=\u00bb\u00bb][\/vc_column_text][\/vc_column_inner][\/vc_row_inner][\/vc_tta_section][vc_tta_section title=\u00bbDEPORTIVO\u00bb tab_id=\u00bb1726091502392-d6660554-39b7&#8243;][vc_row_inner][vc_column_inner width=\u00bb1\/3&#8243;][vc_column_text css=\u00bb\u00bb][\/vc_column_text][\/vc_column_inner][vc_column_inner width=\u00bb1\/3&#8243;][vc_column_text css=\u00bb\u00bb]\ufeff[\/vc_column_text][\/vc_column_inner][vc_column_inner width=\u00bb1\/3&#8243;][vc_column_text css=\u00bb\u00bb][\/vc_column_text][\/vc_column_inner][\/vc_row_inner][vc_empty_space][vc_separator color=\u00bbsky\u00bb border_width=\u00bb4&#8243; css=\u00bb\u00bb][vc_empty_space][vc_row_inner][vc_column_inner width=\u00bb1\/3&#8243;][vc_column_text css=\u00bb\u00bb]\ufeff\ufeff\ufeff[\/vc_column_text][\/vc_column_inner][vc_column_inner width=\u00bb1\/3&#8243;][vc_column_text css=\u00bb\u00bb]\ufeff[\/vc_column_text][\/vc_column_inner][vc_column_inner width=\u00bb1\/3&#8243;][\/vc_column_inner][\/vc_row_inner][\/vc_tta_section][vc_tta_section title=\u00bbSOCIAL\u00bb tab_id=\u00bb1726092629007-d0bae35b-187a\u00bb][vc_row_inner][vc_column_inner width=\u00bb1\/3&#8243;][vc_empty_space][vc_column_text css=\u00bb\u00bb][\/vc_column_text][\/vc_column_inner][vc_column_inner width=\u00bb1\/3&#8243;][vc_empty_space][vc_column_text css=\u00bb\u00bb][\/vc_column_text][\/vc_column_inner][vc_column_inner width=\u00bb1\/3&#8243;][vc_empty_space][vc_column_text css=\u00bb\u00bb] &nbsp; \ud83e\ude78\u2728 \u00a1\u00danete a la causa y salva vidas! \u2728\ud83e\ude78 El pr\u00f3ximo 1 de agosto, invitamos a todos [&hellip;]<\/p>\n","protected":false},"author":2,"featured_media":0,"parent":0,"menu_order":0,"comment_status":"closed","ping_status":"closed","template":"","meta":{"_monsterinsights_skip_tracking":false,"_monsterinsights_sitenote_active":false,"_monsterinsights_sitenote_note":"","_monsterinsights_sitenote_category":0,"footnotes":""},"class_list":["post-6922","page","type-page","status-publish","hentry"],"_links":{"self":[{"href":"https:\/\/tecnologicosucre.edu.ec\/web\/wp-json\/wp\/v2\/pages\/6922","targetHints":{"allow":["GET"]}}],"collection":[{"href":"https:\/\/tecnologicosucre.edu.ec\/web\/wp-json\/wp\/v2\/pages"}],"about":[{"href":"https:\/\/tecnologicosucre.edu.ec\/web\/wp-json\/wp\/v2\/types\/page"}],"author":[{"embeddable":true,"href":"https:\/\/tecnologicosucre.edu.ec\/web\/wp-json\/wp\/v2\/users\/2"}],"replies":[{"embeddable":true,"href":"https:\/\/tecnologicosucre.edu.ec\/web\/wp-json\/wp\/v2\/comments?post=6922"}],"version-history":[{"count":1,"href":"https:\/\/tecnologicosucre.edu.ec\/web\/wp-json\/wp\/v2\/pages\/6922\/revisions"}],"predecessor-version":[{"id":9221,"href":"https:\/\/tecnologicosucre.edu.ec\/web\/wp-json\/wp\/v2\/pages\/6922\/revisions\/9221"}],"wp:attachment":[{"href":"https:\/\/tecnologicosucre.edu.ec\/web\/wp-json\/wp\/v2\/media?parent=6922"}],"curies":[{"name":"wp","href":"https:\/\/api.w.org\/{rel}","templated":true}]}}