{"id":6900,"date":"2024-09-12T14:36:05","date_gmt":"2024-09-12T19:36:05","guid":{"rendered":"https:\/\/tecnologicosucre.edu.ec\/?page_id=6900"},"modified":"2024-09-17T14:11:45","modified_gmt":"2024-09-17T19:11:45","slug":"ciencias-economicas","status":"publish","type":"page","link":"https:\/\/tecnologicosucre.edu.ec\/web\/ciencias-economicas\/","title":{"rendered":"Ciencias Econ\u00f3micas"},"content":{"rendered":"<div class=\"wpb-content-wrapper\"><p>[vc_row][vc_column][vc_column_text css=\u00bb\u00bb]<\/p>\n<p style=\"text-align: center;\"><div class=\"ntb_table_wrapper ninja_table_builder_instance_0\"\n     id='ninja_table_builder_6681'\n     data-ninja_table_builder_instance=\"ninja_table_builder_instance_0\"\n     style=\"\n     max-height:507px;\n     max-width: 1160px;\">\n     <table id=\"ntb_table\" role=\"table\" class=\"table ninja_tables_builder_class_6681 ntb_6681\" style=\"margin: 0px auto; table-layout: fixed; border-collapse: collapse; border: 0px solid rgb(0, 0, 0); font-family: inherit; border-spacing: 0px;\"> <tbody class=\"tbody\"><tr id=\"tr_id_6762660\" class=\"desktop-view tr_class_6762660 \" style=\"background: rgb(255, 255, 255);\"> <td id=\"td_id_91041661\" rowspan=\"1\" colspan=\"1\" class=\"td_class_91041661 table-data\" style=\"padding: 10px; max-width: 158px; min-width: 158px; background-color: rgb(0, 124, 186); border: 1px solid rgb(0, 0, 0);\"><div id=\"td_id_91041661\"><div class=\"single-item other-item\"><div class=\"ntb-datas-wrapper\" style=\"margin: 1px;\"><span class=\"hover-item mce-content-body\" id=\"mce_19\" style=\"padding: 0px; font-weight: normal; font-style: normal; text-decoration: none; font-size: 15px; display: block; text-align: center; color: rgb(0, 0, 1); opacity: 1; line-height: 1.2; position: relative;\" spellcheck=\"false\"><strong><span style=\"color: #ffffff; font-family: 'Times New Roman', serif; font-size: 18px; white-space-collapse: preserve;\" data-mce-style=\"color: #ffffff; font-family: 'Times New Roman', serif; font-size: 18px; white-space-collapse: preserve;\">PROGRAMAS<\/span><\/strong><\/span><\/div> <\/div><\/div><\/td><td id=\"td_id_11116241\" rowspan=\"1\" colspan=\"1\" class=\"td_class_11116241 table-data\" style=\"padding: 10px; max-width: 158px; min-width: 158px; background-color: rgb(110, 196, 232); border: 1px solid rgb(0, 0, 0);\"><div id=\"td_id_11116241\"><div class=\"single-item other-item\"><div class=\"ntb-datas-wrapper\" style=\"margin: 1px;\"><span class=\"hover-item mce-content-body\" style=\"padding: 0px; font-weight: normal; font-style: normal; text-decoration: none; font-size: 15px; display: block; text-align: center; color: rgb(0, 0, 1); opacity: 1; line-height: 1.2; position: relative;\" id=\"mce_20\" spellcheck=\"false\"><strong><span style=\"color: #ffffff; font-family: 'Times New Roman', serif; font-size: 18px; white-space-collapse: preserve;\" data-mce-style=\"color: #ffffff; font-family: 'Times New Roman', serif; font-size: 18px; white-space-collapse: preserve;\">CARRERAS<\/span><\/strong><\/span><\/div> <\/div><\/div><\/td><\/tr><tr id=\"tr_id_8569966\" class=\"desktop-view tr_class_8569966 \" style=\"background: rgb(255, 255, 255);\"> <td id=\"td_id_62895165\" rowspan=\"1\" colspan=\"1\" class=\"td_class_62895165 table-data\" style=\"padding: 10px; max-width: 158px; min-width: 158px; background-color: rgb(0, 124, 186); border: 1px solid rgb(0, 0, 0);\"><div id=\"td_id_62895165\"><div class=\"single-item other-item\"><div class=\"ntb-datas-wrapper\" style=\"margin: 1px;\"><span class=\"hover-item mce-content-body\" style=\"padding: 0px; font-weight: normal; font-style: normal; text-decoration: none; font-size: 15px; display: block; text-align: left; color: rgb(0, 0, 1); opacity: 1; line-height: 1.2; position: relative;\" id=\"mce_21\" spellcheck=\"false\"><span style=\"color: #ffffff; font-family: 'Times New Roman', serif; font-size: 13.3333px; white-space-collapse: preserve;\" data-mce-style=\"color: #ffffff; font-family: 'Times New Roman', serif; font-size: 13.3333px; white-space-collapse: preserve;\">Econom\u00eda<\/span><\/span><\/div> <\/div><\/div><\/td><td id=\"td_id_67275375\" rowspan=\"3\" colspan=\"1\" class=\"td_class_67275375 table-data\" style=\"padding: 10px; max-width: 325px; min-width: 325px; background-color: rgb(110, 196, 232); border: 1px solid rgb(0, 0, 0);\"><div id=\"td_id_67275375\"><div class=\"single-item other-item\"><div class=\"ntb-datas-wrapper\" style=\"margin: 1px;\"><span class=\"hover-item mce-content-body\" style=\"padding: 0px; font-weight: normal; font-style: normal; text-decoration: none; font-size: 15px; display: block; text-align: left; color: rgb(0, 0, 1); opacity: 1; line-height: 1.2; position: relative;\" id=\"mce_22\" spellcheck=\"false\"><span style=\"color: #ffffff; font-family: Times New Roman, serif;\" data-mce-style=\"color: #ffffff; font-family: Times New Roman, serif;\"><span style=\"font-size: 13.3333px; white-space-collapse: preserve;\" data-mce-style=\"font-size: 13.3333px; white-space-collapse: preserve;\">- Tecnolog\u00eda Superior en Marketing<\/span><\/span><br><\/span><\/div> <\/div><div class=\"single-item other-item\"><div class=\"ntb-datas-wrapper\" style=\"margin: 1px;\"><span class=\"hover-item mce-content-body\" style=\"padding: 0px; font-weight: normal; font-style: normal; text-decoration: none; font-size: 15px; display: block; text-align: left; color: rgb(0, 0, 1); opacity: 1; line-height: 1.2; position: relative;\" id=\"mce_23\" spellcheck=\"false\"><span id=\"docs-internal-guid-89786390-7fff-9b61-bd29-f538ec86d5e2\"><span style=\"font-size: 10pt; font-family: 'Times New Roman', serif; color: #ffffff; background-color: transparent; font-variant-numeric: normal; font-variant-east-asian: normal; font-variant-alternates: normal; font-variant-position: normal; vertical-align: baseline; white-space-collapse: preserve;\">- Tecnolog\u00eda Superior en Contabilidad<\/span><\/span><\/span><\/div> <\/div><\/div><\/td><\/tr><tr id=\"tr_id_6558525\" class=\"desktop-view tr_class_6558525 \" style=\"background: rgb(255, 255, 255);\"> <td id=\"td_id_65580850\" rowspan=\"1\" colspan=\"1\" class=\"td_class_65580850 table-data\" style=\"padding: 10px; max-width: 158px; min-width: 158px; background-color: rgb(0, 124, 186); border: 1px solid rgb(0, 0, 0);\"><div id=\"td_id_65580850\"><div class=\"single-item other-item\"><div class=\"ntb-datas-wrapper\" style=\"margin: 1px;\"><span class=\"hover-item mce-content-body\" style=\"padding: 0px; font-weight: normal; font-style: normal; text-decoration: none; font-size: 15px; display: block; text-align: left; color: rgb(0, 0, 1); opacity: 1; line-height: 1.2; position: relative;\" id=\"mce_24\" spellcheck=\"false\"><span style=\"color: #ffffff; font-family: 'Times New Roman', serif; font-size: 13.3333px; white-space-collapse: preserve;\" data-mce-style=\"color: #ffffff; font-family: 'Times New Roman', serif; font-size: 13.3333px; white-space-collapse: preserve;\">Contabilidad<\/span><\/span><\/div> <\/div><\/div><\/td><td id=\"td_id_68978242\" rowspan=\"0\" colspan=\"0\" class=\"td_class_68978242 table-data\" style=\"padding: 10px; max-width: 325px; min-width: 325px; background-color: rgb(110, 196, 232); display: none; border: 1px solid rgb(0, 0, 0);\"><div id=\"td_id_68978242\"><div class=\"single-item other-item\"><div class=\"ntb-datas-wrapper\" style=\"margin: 1px;\"><span class=\"hover-item mce-content-body\" id=\"mce_25\" style=\"padding: 0px; font-weight: normal; font-style: normal; text-decoration: none; font-size: 15px; display: block; text-align: left; color: rgb(0, 0, 1); opacity: 1; line-height: 1.2; position: relative;\" spellcheck=\"false\"><span style=\"color: #ffffff; font-family: 'Times New Roman', serif; font-size: 13.3333px; white-space-collapse: preserve;\" data-mce-style=\"color: #ffffff; font-family: 'Times New Roman', serif; font-size: 13.3333px; white-space-collapse: preserve;\">Tecnolog\u00eda superior y Universitaria en Electricidad<\/span><\/span><\/div> <\/div><\/div><\/td><\/tr><\/tbody><\/table><\/div>\n<p>[\/vc_column_text][vc_empty_space height=\u00bb42px\u00bb]            <div class=\"heading color-dark text-center \" >\n                                    <span class=\"s-color\"><i class=\"fa fa-star\"><\/i><\/span>\n                                                <h2 class=\"heading-color fs-38\">\n                    Ciencias Econ\u00f3micas                <\/h2>\n                            <\/div>\n            [vc_empty_space height=\u00bb52px\u00bb][vc_row_inner][vc_column_inner width=\u00bb1\/3&#8243;][vc_column_text css=\u00bb\u00bb]<\/p>\n<blockquote class=\"twitter-tweet\">\n<p dir=\"ltr\" lang=\"es\">Consolidamos un convenio de vinculaci\u00f3n y pr\u00e1cticas profesionales junto a Fundaci\u00f3n Alianza Estrat\u00e9gica de la mano de su presidente el Dr. Carlos Paladines Escudero. Un hombre con una amplia trayectoria en el \u00e1mbito acad\u00e9mico, conferencista autor, editor y compilador de libros. <a href=\"https:\/\/t.co\/z04VpzaP4i\">pic.twitter.com\/z04VpzaP4i<\/a><\/p>\n<p>\u2014 SUCRE (@SUCREInstituto) <a href=\"https:\/\/twitter.com\/SUCREInstituto\/status\/1686144593438380035?ref_src=twsrc%5Etfw\">July 31, 2023<\/a><\/p><\/blockquote>\n<p><script async src=\"https:\/\/platform.twitter.com\/widgets.js\" charset=\"utf-8\"><\/script>[\/vc_column_text][\/vc_column_inner][vc_column_inner width=\u00bb1\/3&#8243;][vc_column_text css=\u00bb\u00bb]<\/p>\n<blockquote class=\"twitter-tweet\">\n<p dir=\"ltr\" lang=\"es\">Estamos comprometidos junto al GAD de Tambillo. Gracias a la unidad de vinculaci\u00f3n y nuestros estudiantes de Desarrollo de Software, Contabilidad, Marketing , Producci\u00f3n y Audiovisual. Entregamos el proyecto para impulsar el desarrollo productivo.<a href=\"https:\/\/twitter.com\/EduSuperiorEc?ref_src=twsrc%5Etfw\">@EduSuperiorEc<\/a> <a href=\"https:\/\/twitter.com\/IllescasSan17?ref_src=twsrc%5Etfw\">@IllescasSan17<\/a> <a href=\"https:\/\/t.co\/8S5rDJnxNG\">pic.twitter.com\/8S5rDJnxNG<\/a><\/p>\n<p>\u2014 SUCRE (@SUCREInstituto) <a href=\"https:\/\/twitter.com\/SUCREInstituto\/status\/1629171177045348352?ref_src=twsrc%5Etfw\">February 24, 2023<\/a><\/p><\/blockquote>\n<p><script async src=\"https:\/\/platform.twitter.com\/widgets.js\" charset=\"utf-8\"><\/script>[\/vc_column_text][\/vc_column_inner][vc_column_inner width=\u00bb1\/3&#8243;][vc_empty_space height=\u00bb10px\u00bb][vc_column_text css=\u00bb\u00bb]<\/p>\n<div class=\"fb-video\" data-href=\"https:\/\/www.facebook.com\/SUCREInstitutooficial\/videos\/355333223310179\/\" data-width=\"300\" data-show-text=\"true\">\n<blockquote class=\"fb-xfbml-parse-ignore\" cite=\"https:\/\/www.facebook.com\/SUCREInstitutooficial\/videos\/355333223310179\/\"><p>&nbsp;<\/p>\n<p>\ud83d\udc68\u200d\ud83c\udfeb La carrera de Marketing fue hasta la parroquia de Viche para apoyar a su gente con un proyecto muy interesante.<\/p>\n<p>Publicado por <a href=\"https:\/\/facebook.com\/SUCREInstitutooficial\">SUCRE Instituto Superior Universitario<\/a> en Martes, 14 de junio de 2022<\/p><\/blockquote>\n<\/div>\n<p>[\/vc_column_text][\/vc_column_inner][\/vc_row_inner][\/vc_column][\/vc_row][vc_row][vc_column][vc_empty_space][\/vc_column][\/vc_row]<\/p>\n<\/div>","protected":false},"excerpt":{"rendered":"<p>[vc_row][vc_column][vc_column_text css=\u00bb\u00bb] [\/vc_column_text][vc_empty_space height=\u00bb42px\u00bb][vc_empty_space height=\u00bb52px\u00bb][vc_row_inner][vc_column_inner width=\u00bb1\/3&#8243;][vc_column_text css=\u00bb\u00bb] Consolidamos un convenio de vinculaci\u00f3n y pr\u00e1cticas profesionales junto a Fundaci\u00f3n Alianza Estrat\u00e9gica de la mano de su presidente el Dr. Carlos Paladines Escudero. Un hombre con una amplia trayectoria en el \u00e1mbito acad\u00e9mico, conferencista autor, editor y compilador de libros. pic.twitter.com\/z04VpzaP4i \u2014 SUCRE (@SUCREInstituto) July 31, 2023 [&hellip;]<\/p>\n","protected":false},"author":2,"featured_media":0,"parent":0,"menu_order":0,"comment_status":"closed","ping_status":"closed","template":"","meta":{"_monsterinsights_skip_tracking":false,"_monsterinsights_sitenote_active":false,"_monsterinsights_sitenote_note":"","_monsterinsights_sitenote_category":0,"footnotes":""},"class_list":["post-6900","page","type-page","status-publish","hentry"],"_links":{"self":[{"href":"https:\/\/tecnologicosucre.edu.ec\/web\/wp-json\/wp\/v2\/pages\/6900","targetHints":{"allow":["GET"]}}],"collection":[{"href":"https:\/\/tecnologicosucre.edu.ec\/web\/wp-json\/wp\/v2\/pages"}],"about":[{"href":"https:\/\/tecnologicosucre.edu.ec\/web\/wp-json\/wp\/v2\/types\/page"}],"author":[{"embeddable":true,"href":"https:\/\/tecnologicosucre.edu.ec\/web\/wp-json\/wp\/v2\/users\/2"}],"replies":[{"embeddable":true,"href":"https:\/\/tecnologicosucre.edu.ec\/web\/wp-json\/wp\/v2\/comments?post=6900"}],"version-history":[{"count":0,"href":"https:\/\/tecnologicosucre.edu.ec\/web\/wp-json\/wp\/v2\/pages\/6900\/revisions"}],"wp:attachment":[{"href":"https:\/\/tecnologicosucre.edu.ec\/web\/wp-json\/wp\/v2\/media?parent=6900"}],"curies":[{"name":"wp","href":"https:\/\/api.w.org\/{rel}","templated":true}]}}