{"id":6856,"date":"2024-09-12T14:36:15","date_gmt":"2024-09-12T19:36:15","guid":{"rendered":"https:\/\/tecnologicosucre.edu.ec\/?page_id=6856"},"modified":"2025-10-22T16:19:43","modified_gmt":"2025-10-22T21:19:43","slug":"pedagogia-sociologia-y-artes","status":"publish","type":"page","link":"https:\/\/tecnologicosucre.edu.ec\/web\/pedagogia-sociologia-y-artes\/","title":{"rendered":"Pedagog\u00eda, Sociolog\u00eda y Artes"},"content":{"rendered":"<div class=\"wpb-content-wrapper\"><p>[vc_row][vc_column][vc_column_text css=\u00bb\u00bb]<\/p>\n<p style=\"text-align: center;\"><div class=\"ntb_table_wrapper ninja_table_builder_instance_0\"\n     id='ninja_table_builder_6678'\n     data-ninja_table_builder_instance=\"ninja_table_builder_instance_0\"\n     style=\"\n     max-height:507px;\n     max-width: 1160px;\">\n     <table id=\"ntb_table\" role=\"table\" class=\"table ninja_tables_builder_class_6678 ntb_6678\" style=\"margin: 0px auto; table-layout: fixed; border-collapse: collapse; border: 0px solid rgb(0, 0, 0); font-family: inherit; border-spacing: 0px;\"> <tbody class=\"tbody\"><tr id=\"tr_id_6694676\" class=\"desktop-view tr_class_6694676 \" style=\"background: rgb(255, 255, 255);\"> <td id=\"td_id_22149628\" rowspan=\"1\" colspan=\"1\" class=\"td_class_22149628 table-data\" style=\"padding: 10px; max-width: 158px; min-width: 158px; background-color: rgb(0, 124, 186); border: 1px solid rgb(0, 0, 0);\"><div id=\"td_id_22149628\"><div class=\"single-item other-item\"><div class=\"ntb-datas-wrapper\" style=\"margin: 1px;\"><span class=\"hover-item mce-content-body\" id=\"mce_9\" style=\"padding: 0px; font-weight: normal; font-style: normal; text-decoration: none; font-size: 15px; display: block; text-align: center; color: rgb(0, 0, 1); opacity: 1; line-height: 1.2; position: relative;\" spellcheck=\"false\"><strong><span style=\"color: #ffffff; font-family: 'Times New Roman', serif; font-size: 18px; white-space-collapse: preserve;\" data-mce-style=\"color: #ffffff; font-family: 'Times New Roman', serif; font-size: 18px; white-space-collapse: preserve;\">PROGRAMAS<\/span><\/strong><\/span><\/div> <\/div><\/div><\/td><td id=\"td_id_12070617\" rowspan=\"1\" colspan=\"1\" class=\"td_class_12070617 table-data\" style=\"padding: 10px; max-width: 158px; min-width: 158px; background-color: rgb(110, 196, 232); border: 1px solid rgb(0, 0, 0);\"><div id=\"td_id_12070617\"><div class=\"single-item other-item\"><div class=\"ntb-datas-wrapper\" style=\"margin: 1px;\"><span class=\"hover-item mce-content-body\" style=\"padding: 0px; font-weight: normal; font-style: normal; text-decoration: none; font-size: 15px; display: block; text-align: center; color: rgb(0, 0, 1); opacity: 1; line-height: 1.2; position: relative;\" id=\"mce_10\" spellcheck=\"false\"><strong><span style=\"color: #ffffff; font-family: 'Times New Roman', serif; font-size: 18px; white-space-collapse: preserve;\" data-mce-style=\"color: #ffffff; font-family: 'Times New Roman', serif; font-size: 18px; white-space-collapse: preserve;\">CARRERAS<\/span><\/strong><\/span><\/div> <\/div><\/div><\/td><\/tr><tr id=\"tr_id_8569966\" class=\"desktop-view tr_class_8569966 \" style=\"background: rgb(255, 255, 255);\"> <td id=\"td_id_62895165\" rowspan=\"1\" colspan=\"1\" class=\"td_class_62895165 table-data\" style=\"padding: 10px; max-width: 158px; min-width: 158px; background-color: rgb(0, 124, 186); border: 1px solid rgb(0, 0, 0);\"><div id=\"td_id_62895165\"><div class=\"single-item other-item\"><div class=\"ntb-datas-wrapper\" style=\"margin: 1px;\"><span class=\"hover-item mce-content-body\" style=\"padding: 0px; font-weight: normal; font-style: normal; text-decoration: none; font-size: 15px; display: block; text-align: left; color: rgb(0, 0, 1); opacity: 1; line-height: 1.2; position: relative;\" id=\"mce_11\" spellcheck=\"false\"><span style=\"color: #ffffff; font-family: 'Times New Roman', serif; font-size: 13.3333px; white-space-collapse: preserve;\" data-mce-style=\"color: #ffffff; font-family: 'Times New Roman', serif; font-size: 13.3333px; white-space-collapse: preserve;\">Ciencias Sociales<\/span><\/span><\/div> <\/div><\/div><\/td><td id=\"td_id_67275375\" rowspan=\"4\" colspan=\"1\" class=\"td_class_67275375 table-data\" style=\"padding: 10px; max-width: 325px; min-width: 325px; background-color: rgb(110, 196, 232); border: 1px solid rgb(0, 0, 0);\"><div id=\"td_id_67275375\"><div class=\"single-item other-item\"><div class=\"ntb-datas-wrapper\" style=\"margin: 1px;\"><span class=\"hover-item mce-content-body\" style=\"padding: 0px; font-weight: normal; font-style: normal; text-decoration: none; font-size: 15px; display: block; text-align: left; color: rgb(0, 0, 1); opacity: 1; line-height: 1.2; position: relative;\" id=\"mce_12\" spellcheck=\"false\"><span style=\"color: #ffffff; font-family: Times New Roman, serif;\"><span style=\"font-size: 13.3333px; white-space-collapse: preserve;\">- Producci\u00f3n y Realizaci\u00f3n Audiovisual con el nivel equivalente a Tecnolog\u00eda Superior<\/span><\/span>&nbsp;<br><\/span><sider-quick-compose-btn data-gpts-theme=\"light\"><\/sider-quick-compose-btn><\/div> <\/div><div class=\"single-item other-item\" draggable=\"false\"><div class=\"ntb-datas-wrapper\" style=\"margin: 1px;\"><span class=\"hover-item mce-content-body\" style=\"padding: 0px; font-weight: normal; font-style: normal; text-decoration: none; font-size: 15px; display: block; text-align: left; color: rgb(0, 0, 1); opacity: 1; line-height: 1.2; position: relative;\" id=\"mce_13\" spellcheck=\"false\"><span style=\"color: #ffffff; font-family: 'Times New Roman', serif; font-size: 13.3333px; white-space-collapse: preserve;\" data-mce-style=\"color: #ffffff; font-family: 'Times New Roman', serif; font-size: 13.3333px; white-space-collapse: preserve;\">- Tecnolog\u00eda Superior en Fotograf\u00eda <\/span><\/span><\/div> <\/div><div class=\"single-item other-item\"><div class=\"ntb-datas-wrapper\" style=\"margin: 1px;\"><span class=\"hover-item mce-content-body\" style=\"padding: 0px; font-weight: normal; font-style: normal; text-decoration: none; font-size: 15px; display: block; text-align: left; color: rgb(0, 0, 1); opacity: 1; line-height: 1.2; position: relative;\" id=\"mce_14\" spellcheck=\"false\"><span id=\"docs-internal-guid-89786390-7fff-9b61-bd29-f538ec86d5e2\"><span style=\"font-size: 10pt; font-family: 'Times New Roman', serif; color: #ffffff; background-color: transparent; font-variant-numeric: normal; font-variant-east-asian: normal; font-variant-alternates: normal; font-variant-position: normal; vertical-align: baseline; white-space-collapse: preserve;\" data-mce-style=\"font-size: 10pt; font-family: 'Times New Roman', serif; color: #ffffff; background-color: transparent; font-variant-numeric: normal; font-variant-east-asian: normal; font-variant-alternates: normal; font-variant-position: normal; vertical-align: baseline; white-space-collapse: preserve;\">- Tecnolog\u00eda Superior en Desarrollo infantil<\/span><\/span><\/span><\/div> <\/div><\/div><\/td><\/tr><tr id=\"tr_id_6558525\" class=\"desktop-view tr_class_6558525 \" style=\"background: rgb(255, 255, 255);\"> <td id=\"td_id_65580850\" rowspan=\"1\" colspan=\"1\" class=\"td_class_65580850 table-data\" style=\"padding: 10px; max-width: 158px; min-width: 158px; background-color: rgb(0, 124, 186); border: 1px solid rgb(0, 0, 0);\"><div id=\"td_id_65580850\"><div class=\"single-item other-item\"><div class=\"ntb-datas-wrapper\" style=\"margin: 1px;\"><span class=\"hover-item mce-content-body\" style=\"padding: 0px; font-weight: normal; font-style: normal; text-decoration: none; font-size: 15px; display: block; text-align: left; color: rgb(0, 0, 1); opacity: 1; line-height: 1.2; position: relative;\" id=\"mce_15\" spellcheck=\"false\"><span style=\"color: #ffffff; font-family: 'Times New Roman', serif; font-size: 13.3333px; white-space-collapse: preserve;\" data-mce-style=\"color: #ffffff; font-family: 'Times New Roman', serif; font-size: 13.3333px; white-space-collapse: preserve;\">M\u00e9todos Educativos<\/span><\/span><\/div> <\/div><\/div><\/td><td id=\"td_id_68978242\" rowspan=\"0\" colspan=\"0\" class=\"td_class_68978242 table-data\" style=\"padding: 10px; max-width: 325px; min-width: 325px; background-color: rgb(110, 196, 232); display: none; border: 1px solid rgb(0, 0, 0);\"><div id=\"td_id_68978242\"><div class=\"single-item other-item\"><div class=\"ntb-datas-wrapper\" style=\"margin: 1px;\"><span class=\"hover-item mce-content-body\" id=\"mce_16\" style=\"padding: 0px; font-weight: normal; font-style: normal; text-decoration: none; font-size: 15px; display: block; text-align: left; color: rgb(0, 0, 1); opacity: 1; line-height: 1.2; position: relative;\" spellcheck=\"false\"><span style=\"color: #ffffff; font-family: 'Times New Roman', serif; font-size: 13.3333px; white-space-collapse: preserve;\" data-mce-style=\"color: #ffffff; font-family: 'Times New Roman', serif; font-size: 13.3333px; white-space-collapse: preserve;\">Tecnolog\u00eda superior y Universitaria en Electricidad<\/span><\/span><\/div> <\/div><\/div><\/td><\/tr><tr id=\"tr_id_6992511\" class=\"desktop-view tr_class_6992511 \" style=\"background: rgb(255, 255, 255);\"> <td id=\"td_id_55287196\" rowspan=\"1\" colspan=\"1\" class=\"td_class_55287196 table-data\" style=\"padding: 10px; max-width: 158px; min-width: 158px; background-color: rgb(0, 124, 186); border: 1px solid rgb(0, 0, 0);\"><div id=\"td_id_55287196\"><div class=\"single-item other-item\"><div class=\"ntb-datas-wrapper\" style=\"margin: 1px;\"><span class=\"hover-item mce-content-body\" style=\"padding: 0px; font-weight: normal; font-style: normal; text-decoration: none; font-size: 15px; display: block; text-align: left; color: rgb(0, 0, 1); opacity: 1; line-height: 1.2; position: relative;\" id=\"mce_17\" spellcheck=\"false\"><span id=\"docs-internal-guid-953ac8fa-7fff-85a9-4af9-23ba6a085e8d\"><span style=\"font-size: 10pt; font-family: 'Times New Roman', serif; color: #ffffff; background-color: transparent; font-variant-numeric: normal; font-variant-east-asian: normal; font-variant-alternates: normal; font-variant-position: normal; vertical-align: baseline; white-space-collapse: preserve;\" data-mce-style=\"font-size: 10pt; font-family: 'Times New Roman', serif; color: #ffffff; background-color: transparent; font-variant-numeric: normal; font-variant-east-asian: normal; font-variant-alternates: normal; font-variant-position: normal; vertical-align: baseline; white-space-collapse: preserve;\">Producci\u00f3n Audiovisual y Artes<\/span><\/span><\/span><\/div> <\/div><\/div><\/td><td id=\"td_id_69903855\" rowspan=\"0\" colspan=\"0\" class=\"td_class_69903855 table-data\" style=\"padding: 10px; max-width: 325px; min-width: 325px; background-color: rgb(110, 196, 232); display: none; border: 1px solid rgb(0, 0, 0);\"><div id=\"td_id_69903855\"><div class=\"single-item other-item\"><div class=\"ntb-datas-wrapper\" style=\"margin: 1px;\"><span class=\"hover-item mce-content-body\" id=\"mce_18\" style=\"padding: 0px; font-weight: normal; font-style: normal; text-decoration: none; font-size: 15px; display: block; text-align: left; color: rgb(0, 0, 1); opacity: 1; line-height: 1.2; position: relative;\" spellcheck=\"false\"><span id=\"docs-internal-guid-89786390-7fff-9b61-bd29-f538ec86d5e2\"><span style=\"font-size: 10pt; font-family: 'Times New Roman', serif; color: #ffffff; background-color: transparent; font-variant-numeric: normal; font-variant-east-asian: normal; font-variant-alternates: normal; font-variant-position: normal; vertical-align: baseline; white-space-collapse: preserve;\" data-mce-style=\"font-size: 10pt; font-family: 'Times New Roman', serif; color: #ffffff; background-color: transparent; font-variant-numeric: normal; font-variant-east-asian: normal; font-variant-alternates: normal; font-variant-position: normal; vertical-align: baseline; white-space-collapse: preserve;\">Tecnolog\u00eda superior en Electromec\u00e1nica<\/span><\/span><\/span><\/div> <\/div><\/div><\/td><\/tr><\/tbody><\/table><\/div>\n<p>[\/vc_column_text][vc_empty_space]            <div class=\"heading color-dark text-center \" >\n                                    <span class=\"s-color\"><i class=\"fa fa-star\"><\/i><\/span>\n                                                <h2 class=\"heading-color fs-38\">\n                    PEDADOG\u00cdA, SOCIOLOG\u00cdA Y ARTES                <\/h2>\n                            <\/div>\n            [vc_empty_space height=\u00bb52px\u00bb][vc_row_inner][vc_column_inner width=\u00bb1\/3&#8243;][vc_empty_space height=\u00bb10px\u00bb][vc_column_text css=\u00bb\u00bb]<\/p>\n<div class=\"fb-post\" data-href=\"https:\/\/www.facebook.com\/SUCREInstitutooficial\/posts\/pfbid02nqAH5b7Ag2L1DuKdqkszc1uU6CtyriPut5bvnv79LiTH8GNmLQ7HcEtaxhjnhfaJl\" data-width=\"400\" data-heigth=\"200\" data-show-text=\"false\">\n<blockquote class=\"fb-xfbml-parse-ignore\" cite=\"https:\/\/www.facebook.com\/SUCREInstitutooficial\/posts\/801621445338861\"><p>\ud83c\udf1f\ud83d\udc69\u200d\ud83c\udf93 \u00a1Estudiantes de Desarrollo Infantil Integral impactando positivamente en la comunidad! \ud83e\udd1d<\/p>\n<p>\ud83d\ude4c\ud83c\udffbJunto al GAD de&#8230;<\/p>\n<p>Publicado por <a href=\"https:\/\/www.facebook.com\/SUCREInstitutooficial\">SUCRE Instituto Superior Universitario<\/a> en\u00a0<a href=\"https:\/\/www.facebook.com\/SUCREInstitutooficial\/posts\/801621445338861\">S\u00e1bado, 17 de febrero de 2024<\/a><\/p><\/blockquote>\n<\/div>\n<p>[\/vc_column_text][\/vc_column_inner][vc_column_inner width=\u00bb1\/3&#8243;][vc_column_text css=\u00bb\u00bb]<\/p>\n<blockquote class=\"twitter-tweet\">\n<p dir=\"ltr\" lang=\"es\">Revive los mejores momentos del Evento V\u00ednculos de amor \ud83d\udc69\u200d\ud83c\udf7cNuestras estudiantes de Desarrollo Infantil se desatacaron con interactivas actividades y por la tarde aprendieron de destacados profesionales en Lactancia Materna.<a href=\"https:\/\/twitter.com\/hashtag\/LactanciaMaterna?src=hash&amp;ref_src=twsrc%5Etfw\">#LactanciaMaterna<\/a> <a href=\"https:\/\/twitter.com\/hashtag\/SemanaMundialDeLaLactanciaMaterna?src=hash&amp;ref_src=twsrc%5Etfw\">#SemanaMundialDeLaLactanciaMaterna<\/a> <a href=\"https:\/\/t.co\/NMN9h4NmBn\">pic.twitter.com\/NMN9h4NmBn<\/a><\/p>\n<p>\u2014 SUCRE (@SUCREInstituto) <a href=\"https:\/\/twitter.com\/SUCREInstituto\/status\/1687221334294568972?ref_src=twsrc%5Etfw\">August 3, 2023<\/a><\/p><\/blockquote>\n<p><script async src=\"https:\/\/platform.twitter.com\/widgets.js\" charset=\"utf-8\"><\/script>[\/vc_column_text][\/vc_column_inner][vc_column_inner width=\u00bb1\/3&#8243;][vc_empty_space height=\u00bb10px\u00bb][vc_column_text css=\u00bb\u00bb]<\/p>\n<div class=\"fb-post\" data-href=\"https:\/\/www.facebook.com\/SUCREInstitutooficial\/posts\/pfbid02PpWBpnVT4tV78RwqszMXz7CpjCf99SQwDPevHsDV2MjbWmCitaAQAAMRE2JBESXDl\" data-width=\"400\" data-show-text=\"true\">\n<blockquote class=\"fb-xfbml-parse-ignore\" cite=\"https:\/\/www.facebook.com\/SUCREInstitutooficial\/posts\/463407342493608\"><p>Estamos orgullosos de presentar a toda la Comunidad del Isu Sucre el noticiero \u00abKiunda\u00bb. Un proyecto liderado por la&#8230;<\/p>\n<p>Publicado por <a href=\"https:\/\/www.facebook.com\/SUCREInstitutooficial\">SUCRE Instituto Superior Universitario<\/a> en\u00a0<a href=\"https:\/\/www.facebook.com\/SUCREInstitutooficial\/posts\/463407342493608\">Martes, 27 de septiembre de 2022<\/a><\/p><\/blockquote>\n<\/div>\n<p>[\/vc_column_text][\/vc_column_inner][\/vc_row_inner][\/vc_column][\/vc_row][vc_row][vc_column][vc_empty_space][\/vc_column][\/vc_row][vc_row][vc_column width=\u00bb1\/3&#8243;][vc_column_text css=\u00bb\u00bb]<\/p>\n<blockquote class=\"twitter-tweet\">\n<p dir=\"ltr\" lang=\"es\">El <a href=\"https:\/\/twitter.com\/hashtag\/ISUSucre?src=hash&amp;ref_src=twsrc%5Etfw\">#ISUSucre<\/a> en coordinaci\u00f3n con el <a href=\"https:\/\/twitter.com\/InclusionEc?ref_src=twsrc%5Etfw\">@InclusionEc<\/a> est\u00e1n atendiendo a mujeres, ni\u00f1os, j\u00f3venes y personas vulnerables desde el colegio Manuela Ca\u00f1izares en el <a href=\"https:\/\/twitter.com\/hashtag\/DMQ?src=hash&amp;ref_src=twsrc%5Etfw\">#DMQ<\/a> <a href=\"https:\/\/twitter.com\/angelicpalabril?ref_src=twsrc%5Etfw\">@angelicpalabril<\/a> <a href=\"https:\/\/twitter.com\/IllescasSan17?ref_src=twsrc%5Etfw\">@IllescasSan17<\/a> <a href=\"https:\/\/twitter.com\/Ministeri?ref_src=twsrc%5Etfw\">@ministeri<\/a> <a href=\"https:\/\/twitter.com\/Salud_Ec?ref_src=twsrc%5Etfw\">@Salud_Ec<\/a> <a href=\"https:\/\/twitter.com\/MunicipioQuito?ref_src=twsrc%5Etfw\">@MunicipioQuito<\/a> <a href=\"https:\/\/t.co\/ZuJDkvJVlG\">pic.twitter.com\/ZuJDkvJVlG<\/a><\/p>\n<p>\u2014 SUCRE (@SUCREInstituto) <a href=\"https:\/\/twitter.com\/SUCREInstituto\/status\/1540769127198883845?ref_src=twsrc%5Etfw\">June 25, 2022<\/a><\/p><\/blockquote>\n<p><script async src=\"https:\/\/platform.twitter.com\/widgets.js\" charset=\"utf-8\"><\/script>[\/vc_column_text][\/vc_column][vc_column width=\u00bb1\/3&#8243;][vc_column_text css=\u00bb\u00bb]<\/p>\n<div class=\"fb-post\" data-href=\"https:\/\/www.facebook.com\/audiovisualessucre\/posts\/pfbid0FUGVNcY1x1r3dC7j4zPCDUiZL9qmjj6MmFPHaEDQc51ygyGgjproERm1mKp8Yk6ol\" data-show-text=\"false\">\n<blockquote class=\"fb-xfbml-parse-ignore\" cite=\"https:\/\/www.facebook.com\/audiovisualessucre\/posts\/739979454009895\"><p>Como parte del Proyecto de Vinculaci\u00f3n con la Sociedad que el Instituto Superior Universitario Sucre desarrolla en la&#8230;<\/p>\n<p>Publicado por <a href=\"https:\/\/facebook.com\/audiovisualessucre\">Producci\u00f3n y Realizaci\u00f3n Audiovisual<\/a> en\u00a0<a href=\"https:\/\/www.facebook.com\/audiovisualessucre\/posts\/739979454009895\">Mi\u00e9rcoles, 22 de junio de 2022<\/a><\/p><\/blockquote>\n<\/div>\n<p>[\/vc_column_text][\/vc_column][vc_column parallax=\u00bbcontent-moving\u00bb parallax_speed_bg=\u00bb30&#8243; width=\u00bb1\/3&#8243;][vc_column_text css=\u00bb\u00bb]<\/p>\n<div class=\"fb-post\" data-href=\"https:\/\/www.facebook.com\/SUCREInstitutooficial\/posts\/pfbid025aocoBXHeYPnKdKRQhUyobVRSBYTvmbFtBeKPfqoWTZ1L7WK8mFym94uFJXEZtJZl\" data-show-text=\"false\">\n<blockquote class=\"fb-xfbml-parse-ignore\" cite=\"https:\/\/www.facebook.com\/SUCREInstitutooficial\/posts\/5254344107983291\"><p>En la Comunidad Chorrera Grande, habitada por la nacionalidad ind\u00edgena Chachi; estudiantes y docentes de la Carrera de&#8230;<\/p>\n<p>Publicado por <a href=\"https:\/\/facebook.com\/SUCREInstitutooficial\">SUCRE Instituto Superior Universitario<\/a> en\u00a0<a href=\"https:\/\/www.facebook.com\/SUCREInstitutooficial\/posts\/5254344107983291\">Mi\u00e9rcoles, 22 de junio de 2022<\/a><\/p><\/blockquote>\n<\/div>\n<p>[\/vc_column_text][\/vc_column][\/vc_row][vc_row][vc_column][vc_empty_space][\/vc_column][\/vc_row]<\/p>\n<\/div>","protected":false},"excerpt":{"rendered":"<p>[vc_row][vc_column][vc_column_text css=\u00bb\u00bb] [\/vc_column_text][vc_empty_space][vc_empty_space height=\u00bb52px\u00bb][vc_row_inner][vc_column_inner width=\u00bb1\/3&#8243;][vc_empty_space height=\u00bb10px\u00bb][vc_column_text css=\u00bb\u00bb] \ud83c\udf1f\ud83d\udc69\u200d\ud83c\udf93 \u00a1Estudiantes de Desarrollo Infantil Integral impactando positivamente en la comunidad! \ud83e\udd1d \ud83d\ude4c\ud83c\udffbJunto al GAD de&#8230; Publicado por SUCRE Instituto Superior Universitario en\u00a0S\u00e1bado, 17 de febrero de 2024 [\/vc_column_text][\/vc_column_inner][vc_column_inner width=\u00bb1\/3&#8243;][vc_column_text css=\u00bb\u00bb] Revive los mejores momentos del Evento V\u00ednculos de amor \ud83d\udc69\u200d\ud83c\udf7cNuestras estudiantes de Desarrollo Infantil se desatacaron con [&hellip;]<\/p>\n","protected":false},"author":2,"featured_media":0,"parent":0,"menu_order":0,"comment_status":"closed","ping_status":"closed","template":"","meta":{"_monsterinsights_skip_tracking":false,"_monsterinsights_sitenote_active":false,"_monsterinsights_sitenote_note":"","_monsterinsights_sitenote_category":0,"footnotes":""},"class_list":["post-6856","page","type-page","status-publish","hentry"],"_links":{"self":[{"href":"https:\/\/tecnologicosucre.edu.ec\/web\/wp-json\/wp\/v2\/pages\/6856","targetHints":{"allow":["GET"]}}],"collection":[{"href":"https:\/\/tecnologicosucre.edu.ec\/web\/wp-json\/wp\/v2\/pages"}],"about":[{"href":"https:\/\/tecnologicosucre.edu.ec\/web\/wp-json\/wp\/v2\/types\/page"}],"author":[{"embeddable":true,"href":"https:\/\/tecnologicosucre.edu.ec\/web\/wp-json\/wp\/v2\/users\/2"}],"replies":[{"embeddable":true,"href":"https:\/\/tecnologicosucre.edu.ec\/web\/wp-json\/wp\/v2\/comments?post=6856"}],"version-history":[{"count":1,"href":"https:\/\/tecnologicosucre.edu.ec\/web\/wp-json\/wp\/v2\/pages\/6856\/revisions"}],"predecessor-version":[{"id":9434,"href":"https:\/\/tecnologicosucre.edu.ec\/web\/wp-json\/wp\/v2\/pages\/6856\/revisions\/9434"}],"wp:attachment":[{"href":"https:\/\/tecnologicosucre.edu.ec\/web\/wp-json\/wp\/v2\/media?parent=6856"}],"curies":[{"name":"wp","href":"https:\/\/api.w.org\/{rel}","templated":true}]}}