{"id":6176,"date":"2024-09-12T16:12:06","date_gmt":"2024-09-12T21:12:06","guid":{"rendered":"https:\/\/tecnologicosucre.edu.ec\/?page_id=6176"},"modified":"2024-11-18T20:59:22","modified_gmt":"2024-11-19T01:59:22","slug":"programas-de-vinculacion","status":"publish","type":"page","link":"https:\/\/tecnologicosucre.edu.ec\/web\/programas-de-vinculacion\/","title":{"rendered":"Programas de Vinculaci\u00f3n"},"content":{"rendered":"<div class=\"wpb-content-wrapper\"><p>[vc_row][vc_column][vc_column_text css=\u00bb\u00bb]<span style=\"font-weight: 400;\">Buscan mejorar la calidad de vida, el medio ambiente, el desarrollo productivo\u00a0 la preservaci\u00f3n, difusi\u00f3n y enriquecimiento de las culturas y saberes, mediante iniciativas estrat\u00e9gicas dise\u00f1adas para fortalecer la relaci\u00f3n entre las instituciones educativas y la entidad o comunidad en general .<\/span><\/p>\n<p><span style=\"font-weight: 400;\">Constan con varios objetivos principales:<\/span>[\/vc_column_text][vc_empty_space][\/vc_column][\/vc_row][vc_row][vc_column width=\u00bb1\/2&#8243;][vc_empty_space][vc_column_text css=\u00bb\u00bb]<\/p>\n<h4 style=\"text-align: left;\"><span style=\"color: #000000;\">\u00a0 \u00a0 \u00a0 \u00a0 \u00a0 \u00a0 \u00a0 \u00a0 \u00a0 \u00a0 <strong>Integraci\u00f3n Acad\u00e9mica y Pr\u00e1ctica<\/strong><\/span><\/h4>\n<p>[\/vc_column_text]\t\t\t<div class=\"iconbox style2 color-dark \" >\n                <div style=\"background-color: #1E73BE; color:#1E73BE\">\n                                                <img decoding=\"async\" alt=\"\" src=\"https:\/\/tecnologicosucre.edu.ec\/web\/wp-content\/uploads\/2024\/09\/icono_v1.png\"\/>\n                                        <\/div>\n                                <p>Facilitan la colaboraci\u00f3n entre la instituci\u00f3n acad\u00e9mica y el sector empresarial para promover la mejora de procesos productivos.<\/p>\n                \t\t\t<\/div>\n            [vc_empty_space][vc_column_text css=\u00bb\u00bb]<\/p>\n<h4 style=\"text-align: left;\"><span style=\"color: #000000;\"><strong>\u00a0 \u00a0 \u00a0 \u00a0 \u00a0 \u00a0 \u00a0 \u00a0 \u00a0 Transferencia de Tecnolog\u00eda e Innovaci\u00f3n<\/strong><\/span><\/h4>\n<p>[\/vc_column_text]\t\t\t<div class=\"iconbox style2 color-dark \" >\n                <div style=\"background-color: #1E73BE; color:#1E73BE\">\n                                                <img decoding=\"async\" alt=\"\" src=\"https:\/\/tecnologicosucre.edu.ec\/web\/wp-content\/uploads\/2024\/09\/icono_v2.png\"\/>\n                                        <\/div>\n                                <p>Proporcionan a los estudiantes oportunidades para aplicar el conocimiento te\u00f3rico en entornos pr\u00e1cticos.<\/p>\n                \t\t\t<\/div>\n            [vc_empty_space][vc_column_text css=\u00bb\u00bb]<\/p>\n<h4 style=\"text-align: left;\"><span style=\"color: #000000;\"><strong>\u00a0 \u00a0 \u00a0 \u00a0 \u00a0 \u00a0 \u00a0 \u00a0 \u00a0 Responsabilidad Social<\/strong><\/span><\/h4>\n<p>[\/vc_column_text]\t\t\t<div class=\"iconbox style2 color-dark \" >\n                <div style=\"background-color: #1E73BE; color:#1E73BE\">\n                                                <img decoding=\"async\" alt=\"\" src=\"https:\/\/tecnologicosucre.edu.ec\/web\/wp-content\/uploads\/2024\/09\/icono_v3.png\"\/>\n                                        <\/div>\n                                <p>Fomentan la participaci\u00f3n activa de los estudiantes y acad\u00e9micos en proyectos que benefician a la comunidad local y promueven el desarrollo sostenible.<\/p>\n                \t\t\t<\/div>\n            [vc_empty_space][vc_column_text css=\u00bb\u00bb]<\/p>\n<h4 style=\"text-align: left;\"><span style=\"color: #000000;\"><strong>\u00a0 \u00a0 \u00a0 \u00a0 \u00a0 \u00a0 \u00a0 \u00a0 \u00a0 Colaboraci\u00f3n Interinstitucional<\/strong><\/span><\/h4>\n<p>[\/vc_column_text]\t\t\t<div class=\"iconbox style2 color-dark \" >\n                <div style=\"background-color: #1E73BE; color:#1E73BE\">\n                                                <img decoding=\"async\" alt=\"\" src=\"https:\/\/tecnologicosucre.edu.ec\/web\/wp-content\/uploads\/2024\/09\/icono_v4.png\"\/>\n                                        <\/div>\n                                <p>Establecen alianzas estrat\u00e9gicas con otras instituciones, centros y organismos p\u00fablicos y privados para el impacto positivo, de la formaci\u00f3n integral de los estudiantes en el mundo acad\u00e9mico del sector productivo y social.<\/p>\n                \t\t\t<\/div>\n            [vc_empty_space][\/vc_column][vc_column width=\u00bb1\/2&#8243;][vc_empty_space][vc_images_carousel images=\u00bb6644,6643,6641,6642&#8243; img_size=\u00bb350&#215;250&#8243; onclick=\u00bblink_no\u00bb mode=\u00bbvertical\u00bb speed=\u00bb2500&#8243; slides_per_view=\u00bb2&#8243; autoplay=\u00bbyes\u00bb hide_prev_next_buttons=\u00bbyes\u00bb css=\u00bb\u00bb][vc_empty_space][\/vc_column][\/vc_row][vc_row][vc_column][vc_empty_space][vc_column_text css=\u00bb\u00bb]<\/p>\n<h2 style=\"text-align: center;\"><span style=\"color: #000000;\"><b>L\u00cdNEAS DE INVESTIGACI\u00d3N Y VINCULACI\u00d3N INSTITUCIONAL<\/b><\/span><\/h2>\n<p>[\/vc_column_text][vc_empty_space][vc_row_inner][vc_column_inner width=\u00bb1\/3&#8243;]            <div class=\"feature \" >\n                <div class=\"feature-thumb text-center\">\n                     <a target=\"_self\" href=\"https:\/\/tecnologicosucre.edu.ec\/web\/ciencias-tecnologicas\/\">\n                            <img decoding=\"async\" class=\"\" src=\"https:\/\/tecnologicosucre.edu.ec\/web\/wp-content\/uploads\/2024\/09\/ciencias_t-scaled-370x200.jpg\" width=\"370\" height=\"200\" alt=\"ciencias_t\" title=\"ciencias_t\" loading=\"lazy\" \/>                      <\/a>\n                <\/div>\n\n                <div class=\"feature-content\">\n                                        <h4 class=\"heading-color line-24\">\n                        <a target=\"_self\" href=\"https:\/\/tecnologicosucre.edu.ec\/web\/ciencias-tecnologicas\/\">CIENCIAS TECNOL\u00d3GICAS<\/a>\n                    <\/h4>\n                                    <\/div>\n            <\/div>\n            [\/vc_column_inner][vc_column_inner width=\u00bb1\/3&#8243;]            <div class=\"feature \" >\n                <div class=\"feature-thumb text-center\">\n                     <a target=\"_self\" href=\"https:\/\/tecnologicosucre.edu.ec\/web\/pedagogia-sociologia-y-artes\/\">\n                            <img decoding=\"async\" class=\"\" src=\"https:\/\/tecnologicosucre.edu.ec\/web\/wp-content\/uploads\/2024\/09\/pedagogia-scaled-370x200.jpg\" width=\"370\" height=\"200\" alt=\"pedagogia\" title=\"pedagogia\" loading=\"lazy\" \/>                      <\/a>\n                <\/div>\n\n                <div class=\"feature-content\">\n                                        <h4 class=\"heading-color line-24\">\n                        <a target=\"_self\" href=\"https:\/\/tecnologicosucre.edu.ec\/web\/pedagogia-sociologia-y-artes\/\">PEDAGOG\u00cdA, SOCIOLOG\u00cdA Y ARTES<\/a>\n                    <\/h4>\n                                    <\/div>\n            <\/div>\n            [\/vc_column_inner][vc_column_inner width=\u00bb1\/3&#8243;]            <div class=\"feature \" >\n                <div class=\"feature-thumb text-center\">\n                     <a target=\"_blank\" href=\"https:\/\/tecnologicosucre.edu.ec\/web\/ciencias-economicas\/\">\n                            <img decoding=\"async\" class=\"\" src=\"https:\/\/tecnologicosucre.edu.ec\/web\/wp-content\/uploads\/2024\/09\/c-economicas-scaled-370x200.jpg\" width=\"370\" height=\"200\" alt=\"c-economicas\" title=\"c-economicas\" loading=\"lazy\" \/>                      <\/a>\n                <\/div>\n\n                <div class=\"feature-content\">\n                                        <h4 class=\"heading-color line-24\">\n                        <a target=\"_blank\" href=\"https:\/\/tecnologicosucre.edu.ec\/web\/ciencias-economicas\/\">CIENCIAS ECON\u00d3MICAS<\/a>\n                    <\/h4>\n                                    <\/div>\n            <\/div>\n            [\/vc_column_inner][\/vc_row_inner][\/vc_column][\/vc_row][vc_row][vc_column][vc_empty_space][\/vc_column][\/vc_row]<\/p>\n<\/div>","protected":false},"excerpt":{"rendered":"<p>[vc_row][vc_column][vc_column_text css=\u00bb\u00bb]Buscan mejorar la calidad de vida, el medio ambiente, el desarrollo productivo\u00a0 la preservaci\u00f3n, difusi\u00f3n y enriquecimiento de las culturas y saberes, mediante iniciativas estrat\u00e9gicas dise\u00f1adas para fortalecer la relaci\u00f3n entre las instituciones educativas y la entidad o comunidad en general . Constan con varios objetivos principales:[\/vc_column_text][vc_empty_space][\/vc_column][\/vc_row][vc_row][vc_column width=\u00bb1\/2&#8243;][vc_empty_space][vc_column_text css=\u00bb\u00bb] \u00a0 \u00a0 \u00a0 \u00a0 \u00a0 [&hellip;]<\/p>\n","protected":false},"author":2,"featured_media":0,"parent":0,"menu_order":0,"comment_status":"closed","ping_status":"closed","template":"","meta":{"_monsterinsights_skip_tracking":false,"_monsterinsights_sitenote_active":false,"_monsterinsights_sitenote_note":"","_monsterinsights_sitenote_category":0,"footnotes":""},"class_list":["post-6176","page","type-page","status-publish","hentry"],"_links":{"self":[{"href":"https:\/\/tecnologicosucre.edu.ec\/web\/wp-json\/wp\/v2\/pages\/6176","targetHints":{"allow":["GET"]}}],"collection":[{"href":"https:\/\/tecnologicosucre.edu.ec\/web\/wp-json\/wp\/v2\/pages"}],"about":[{"href":"https:\/\/tecnologicosucre.edu.ec\/web\/wp-json\/wp\/v2\/types\/page"}],"author":[{"embeddable":true,"href":"https:\/\/tecnologicosucre.edu.ec\/web\/wp-json\/wp\/v2\/users\/2"}],"replies":[{"embeddable":true,"href":"https:\/\/tecnologicosucre.edu.ec\/web\/wp-json\/wp\/v2\/comments?post=6176"}],"version-history":[{"count":0,"href":"https:\/\/tecnologicosucre.edu.ec\/web\/wp-json\/wp\/v2\/pages\/6176\/revisions"}],"wp:attachment":[{"href":"https:\/\/tecnologicosucre.edu.ec\/web\/wp-json\/wp\/v2\/media?parent=6176"}],"curies":[{"name":"wp","href":"https:\/\/api.w.org\/{rel}","templated":true}]}}