{"id":6161,"date":"2024-09-12T16:12:15","date_gmt":"2024-09-12T21:12:15","guid":{"rendered":"https:\/\/tecnologicosucre.edu.ec\/?page_id=6161"},"modified":"2025-09-25T16:03:00","modified_gmt":"2025-09-25T21:03:00","slug":"vinculacion","status":"publish","type":"page","link":"https:\/\/tecnologicosucre.edu.ec\/web\/vinculacion\/","title":{"rendered":"Vinculaci\u00f3n"},"content":{"rendered":"<div class=\"wpb-content-wrapper\"><p>[vc_row][vc_column][vc_column_text css=\u00bb\u00bb]<span style=\"font-weight: 400;\">La vinculaci\u00f3n a la sociedad es crucial para fortalecer la relaci\u00f3n entre la teor\u00eda y la pr\u00e1ctica en el \u00e1mbito educativo contribuye a la formaci\u00f3n de profesionales con pensamiento cr\u00edtico por medio del intercambio de conocimientos, recursos y experiencias, impulsando la innovaci\u00f3n, colaboraci\u00f3n y crecimiento. A trav\u00e9s de proyectos de investigaci\u00f3n\/acci\u00f3n, aprendizaje\/transparencia junto con la comunidad, se abordar\u00e1n estrategias y herramientas clave para promover una vinculaci\u00f3n efectiva, que conlleva esta pr\u00e1ctica en el contexto real contribuyendo as\u00ed a mejorar las condiciones de vida de la poblaci\u00f3n.<\/span>[\/vc_column_text][vc_empty_space height=\u00bb40px\u00bb][\/vc_column][\/vc_row][vc_row gap=\u00bb35&#8243;][vc_column width=\u00bb1\/2&#8243;]            <div class=\"heading color-dark text-center \" >\n                                                <h2 class=\"heading-color fs-18\">\n                    REGLAMENTO DE VINCULACI\u00d3N                <\/h2>\n                            <\/div>\n            [vc_empty_space]            <div class=\"feature \" >\n                <div class=\"feature-thumb text-center\">\n                     <a target=\"_blank\" href=\"https:\/\/tecnologicosucre.edu.ec\/web\/wp-content\/uploads\/2023\/09\/5Reglamento-de-Vinculacion-con-la-Sociedad-del-ISUSucre.pdf\">\n                            <img decoding=\"async\" class=\"\" src=\"https:\/\/tecnologicosucre.edu.ec\/web\/wp-content\/uploads\/2024\/09\/reglamento_v-370x200.jpg\" width=\"370\" height=\"200\" alt=\"reglamento_v\" title=\"reglamento_v\" loading=\"lazy\" \/>                      <\/a>\n                <\/div>\n\n                <div class=\"feature-content\">\n                                    <\/div>\n            <\/div>\n            [vc_empty_space height=\u00bb18px\u00bb][vc_column_text css=\u00bb\u00bb]La Coordinaci\u00f3n de Vinculaci\u00f3n con la Sociedad impulsa la interacci\u00f3n acad\u00e9mica y social, promoviendo proyectos y convenios que contribuyen al desarrollo local y nacional mediante servicios especializados y programas de formaci\u00f3n[\/vc_column_text][vc_empty_space height=\u00bb40px\u00bb][\/vc_column][vc_column width=\u00bb1\/2&#8243;]            <div class=\"heading color-dark text-center \" >\n                                                <h2 class=\"heading-color fs-18\">\n                    PROGRAMAS Y PROYECTOS DE VINCULACI\u00d3N                <\/h2>\n                            <\/div>\n            [vc_empty_space]            <div class=\"feature \" >\n                <div class=\"feature-thumb text-center\">\n                     <a target=\"_self\" href=\"https:\/\/tecnologicosucre.edu.ec\/web\/programas-de-vinculacion\/\">\n                            <img decoding=\"async\" class=\"\" src=\"https:\/\/tecnologicosucre.edu.ec\/web\/wp-content\/uploads\/2024\/09\/pp_vinculacion-scaled-370x200.jpg\" width=\"370\" height=\"200\" alt=\"pp_vinculacion\" title=\"pp_vinculacion\" loading=\"lazy\" \/>                      <\/a>\n                <\/div>\n\n                <div class=\"feature-content\">\n                                    <\/div>\n            <\/div>\n            [vc_empty_space height=\u00bb18px\u00bb][vc_column_text css=\u00bb\u00bb]Los programas y proyectos de vinculaci\u00f3n buscan mejorar la calidad de vida y el desarrollo socioecon\u00f3mico mediante la integraci\u00f3n acad\u00e9mica, la transferencia de tecnolog\u00eda e innovaci\u00f3n, y la colaboraci\u00f3n interinstitucional.[\/vc_column_text][vc_empty_space height=\u00bb40px\u00bb][\/vc_column][\/vc_row][vc_row gap=\u00bb35&#8243;][vc_column width=\u00bb1\/2&#8243;]            <div class=\"heading color-dark text-center \" >\n                                                <h2 class=\"heading-color fs-18\">\n                    PROCESO Y DOCUMENTACI\u00d3N HABILITANTE DIRECTORES DEL PROYECTO                <\/h2>\n                            <\/div>\n            [vc_empty_space]            <div class=\"feature \" >\n                <div class=\"feature-thumb text-center\">\n                     <a target=\"_self\" href=\"https:\/\/tecnologicosucre.edu.ec\/web\/proceso-directores-proyecto\/\">\n                            <img decoding=\"async\" class=\"\" src=\"https:\/\/tecnologicosucre.edu.ec\/web\/wp-content\/uploads\/2024\/09\/documentacion_v-scaled-370x200.jpg\" width=\"370\" height=\"200\" alt=\"documentacion_v\" title=\"documentacion_v\" loading=\"lazy\" \/>                      <\/a>\n                <\/div>\n\n                <div class=\"feature-content\">\n                                    <\/div>\n            <\/div>\n            [vc_empty_space height=\u00bb18px\u00bb][vc_column_text css=\u00bb\u00bb]La Coordinaci\u00f3n de vinculaci\u00f3n, pone a disposici\u00f3n del personal docente interesado en generar proyectos de vinculaci\u00f3n con la comunidad, los formatos y gu\u00eda a seguir de este proceso que contribuye en la parte acad\u00e9mica y social[\/vc_column_text][vc_empty_space height=\u00bb40px\u00bb][\/vc_column][vc_column width=\u00bb1\/2&#8243;]            <div class=\"heading color-dark text-center \" >\n                                                <h2 class=\"heading-color fs-18\">\n                    PRESENCIA DE LA INSTITUCI\u00d3N EN LA COMUNIDAD                <\/h2>\n                            <\/div>\n            [vc_empty_space]            <div class=\"feature \" >\n                <div class=\"feature-thumb text-center\">\n                     <a target=\"_self\" href=\"https:\/\/tecnologicosucre.edu.ec\/web\/institucion-comunidad\/\">\n                            <img decoding=\"async\" class=\"\" src=\"https:\/\/tecnologicosucre.edu.ec\/web\/wp-content\/uploads\/2024\/09\/presencia_v-scaled-370x200.jpg\" width=\"370\" height=\"200\" alt=\"presencia_v\" title=\"presencia_v\" loading=\"lazy\" \/>                      <\/a>\n                <\/div>\n\n                <div class=\"feature-content\">\n                                    <\/div>\n            <\/div>\n            [vc_empty_space height=\u00bb18px\u00bb][vc_column_text css=\u00bb\u00bb]La instituci\u00f3n es un actor relevante en los acontecimientos importante de la vida social, cultural, deportiva y art\u00edstica de su entorno como inserci\u00f3n que mantiene en la vida comunitaria dentro de territorio.[\/vc_column_text][vc_empty_space height=\u00bb40px\u00bb][\/vc_column][\/vc_row][vc_row gap=\u00bb35&#8243;][vc_column width=\u00bb1\/2&#8243;]            <div class=\"heading color-dark text-center \" >\n                                                <h2 class=\"heading-color fs-18\">\n                    PLANIFICACI\u00d3N Y RESULTADOS DE PROYECTOS                <\/h2>\n                            <\/div>\n            [vc_empty_space]            <div class=\"feature \" >\n                <div class=\"feature-thumb text-center\">\n                     <a target=\"_self\" href=\"https:\/\/tecnologicosucre.edu.ec\/web\/plan-resultados-de-proyectos\/\">\n                            <img decoding=\"async\" class=\"\" src=\"https:\/\/tecnologicosucre.edu.ec\/web\/wp-content\/uploads\/2025\/09\/planificacion-370x200.jpg\" width=\"370\" height=\"200\" alt=\"planificacion\" title=\"planificacion\" loading=\"lazy\" \/>                      <\/a>\n                <\/div>\n\n                <div class=\"feature-content\">\n                                    <\/div>\n            <\/div>\n            [vc_empty_space height=\u00bb18px\u00bb][vc_column_text css=\u00bb\u00bb][\/vc_column_text][\/vc_column][vc_column width=\u00bb1\/2&#8243;][\/vc_column][\/vc_row][vc_row][vc_column][vc_empty_space][vc_empty_space][\/vc_column][\/vc_row]<\/p>\n<\/div>","protected":false},"excerpt":{"rendered":"<p>[vc_row][vc_column][vc_column_text css=\u00bb\u00bb]La vinculaci\u00f3n a la sociedad es crucial para fortalecer la relaci\u00f3n entre la teor\u00eda y la pr\u00e1ctica en el \u00e1mbito educativo contribuye a la formaci\u00f3n de profesionales con pensamiento cr\u00edtico por medio del intercambio de conocimientos, recursos y experiencias, impulsando la innovaci\u00f3n, colaboraci\u00f3n y crecimiento. A trav\u00e9s de proyectos de investigaci\u00f3n\/acci\u00f3n, aprendizaje\/transparencia junto con [&hellip;]<\/p>\n","protected":false},"author":2,"featured_media":0,"parent":0,"menu_order":0,"comment_status":"closed","ping_status":"closed","template":"","meta":{"_monsterinsights_skip_tracking":false,"_monsterinsights_sitenote_active":false,"_monsterinsights_sitenote_note":"","_monsterinsights_sitenote_category":0,"footnotes":""},"class_list":["post-6161","page","type-page","status-publish","hentry"],"_links":{"self":[{"href":"https:\/\/tecnologicosucre.edu.ec\/web\/wp-json\/wp\/v2\/pages\/6161","targetHints":{"allow":["GET"]}}],"collection":[{"href":"https:\/\/tecnologicosucre.edu.ec\/web\/wp-json\/wp\/v2\/pages"}],"about":[{"href":"https:\/\/tecnologicosucre.edu.ec\/web\/wp-json\/wp\/v2\/types\/page"}],"author":[{"embeddable":true,"href":"https:\/\/tecnologicosucre.edu.ec\/web\/wp-json\/wp\/v2\/users\/2"}],"replies":[{"embeddable":true,"href":"https:\/\/tecnologicosucre.edu.ec\/web\/wp-json\/wp\/v2\/comments?post=6161"}],"version-history":[{"count":4,"href":"https:\/\/tecnologicosucre.edu.ec\/web\/wp-json\/wp\/v2\/pages\/6161\/revisions"}],"predecessor-version":[{"id":9277,"href":"https:\/\/tecnologicosucre.edu.ec\/web\/wp-json\/wp\/v2\/pages\/6161\/revisions\/9277"}],"wp:attachment":[{"href":"https:\/\/tecnologicosucre.edu.ec\/web\/wp-json\/wp\/v2\/media?parent=6161"}],"curies":[{"name":"wp","href":"https:\/\/api.w.org\/{rel}","templated":true}]}}