{"id":5957,"date":"2024-08-13T18:47:54","date_gmt":"2024-08-13T23:47:54","guid":{"rendered":"https:\/\/tecnologicosucre.edu.ec\/?page_id=5957"},"modified":"2025-09-30T18:23:17","modified_gmt":"2025-09-30T23:23:17","slug":"reglamentos","status":"publish","type":"page","link":"https:\/\/tecnologicosucre.edu.ec\/web\/reglamentos\/","title":{"rendered":"Reglamentos"},"content":{"rendered":"<div class=\"wpb-content-wrapper\"><p>[vc_row][vc_column][vc_empty_space][\/vc_column][\/vc_row][vc_row gap=\u00bb35&#8243;][vc_column width=\u00bb1\/2&#8243;][vc_column_text css=\u00bb\u00bb]<\/p>\n<h2 style=\"text-align: center;\"><span style=\"color: #000000;\"><strong>REGLAMENTOS INSTITUCIONALES<\/strong><\/span><\/h2>\n<p>[\/vc_column_text][vc_empty_space][vc_single_image image=\u00bb5991&#8243; img_size=\u00bblarge\u00bb alignment=\u00bbcenter\u00bb style=\u00bbvc_box_shadow_3d\u00bb css=\u00bb\u00bb][vc_empty_space][vc_column_text css=\u00bb\u00bb]<\/p>\n<ul>\n<li>\n<h5><strong><a href=\"https:\/\/tecnologicosucre.edu.ec\/web\/wp-content\/uploads\/2023\/09\/1Estatuto2023.pdf\" target=\"_blank\" rel=\"noopener\">ESTATUTO INSTITUTO SUCRE<\/a><\/strong><\/h5>\n<\/li>\n<li>\n<h5><strong><a href=\"https:\/\/tecnologicosucre.edu.ec\/web\/wp-content\/uploads\/2023\/09\/2ReglamentodelaUnidaddeIntegracionCurriculardelInstitutoSuperiorTecnologicoSucre.pdf\" target=\"_blank\" rel=\"noopener\">REGLAMENTO UNIDAD DE INTEGRACI\u00d3N CURRICULAR ISTSUCRE<\/a><\/strong><\/h5>\n<\/li>\n<li>\n<h5><strong><a href=\"https:\/\/tecnologicosucre.edu.ec\/web\/wp-content\/uploads\/2023\/09\/3ReglamentoRegimenAcademico2023.pdf\" target=\"_blank\" rel=\"noopener\">REGLAMENTO INTERNO ISTSUCRE<\/a><\/strong><\/h5>\n<\/li>\n<li>\n<h5><strong><a href=\"https:\/\/tecnologicosucre.edu.ec\/web\/wp-content\/uploads\/2023\/09\/4Reglamento-de-Investigacion_ISU.pdf\" target=\"_blank\" rel=\"noopener\">REGLAMENTO DE INVESTIGACI\u00d3N DEL ISTSUCRE<\/a><\/strong><\/h5>\n<\/li>\n<li>\n<h5><a href=\"https:\/\/tecnologicosucre.edu.ec\/web\/wp-content\/uploads\/2023\/09\/5Reglamento-de-Vinculacion-con-la-Sociedad-del-ISUSucre.pdf\" target=\"_blank\" rel=\"noopener\"><strong>REGLAMENTO DE VINCULACI\u00d3N CON LA SOCIEDAD DEL ISTSUCRE<\/strong><\/a><\/h5>\n<\/li>\n<li>\n<h5><strong><a href=\"https:\/\/tecnologicosucre.edu.ec\/web\/wp-content\/uploads\/2023\/09\/6Reglamento-de-Titulacion-del-ISUSucre.pdf\" target=\"_blank\" rel=\"noopener\">REGLAMENTO DE TITULACI\u00d3N\u00a0<\/a><\/strong><\/h5>\n<\/li>\n<li>\n<h5><strong><a href=\"https:\/\/tecnologicosucre.edu.ec\/web\/wp-content\/uploads\/2023\/09\/7Reglamento-del-Centro-de-Idiomas-del-ISUSucre.pdf\" target=\"_blank\" rel=\"noopener\">REGLAMENTO CENTRO DE IDIOMAS<\/a><\/strong><\/h5>\n<\/li>\n<li>\n<h5><strong><a href=\"https:\/\/tecnologicosucre.edu.ec\/web\/wp-content\/uploads\/2023\/09\/8ReglamentoCentroEmprendimiento2023.pdf\" target=\"_blank\" rel=\"noopener\">REGLAMENTO CENTRO DE EMPRENDIMIENTO<\/a><\/strong><\/h5>\n<\/li>\n<li>\n<h5><strong><a href=\"https:\/\/tecnologicosucre.edu.ec\/web\/wp-content\/uploads\/2023\/09\/9ReformaReglamentoCentroEmprendimiento2023.pdf\" target=\"_blank\" rel=\"noopener\">REFORMA REGLAMENTO CENTRO DE EMPRENDIMIENTO<\/a><\/strong><\/h5>\n<\/li>\n<\/ul>\n<p>[\/vc_column_text][\/vc_column][vc_column width=\u00bb1\/2&#8243;][vc_column_text css=\u00bb\u00bb]<\/p>\n<h2 style=\"text-align: center;\"><span style=\"color: #000000;\"><strong>REGLAMENTOS ESTUDIANTILES<\/strong><\/span><\/h2>\n<p>[\/vc_column_text][vc_empty_space][vc_single_image image=\u00bb5986&#8243; img_size=\u00bblarge\u00bb alignment=\u00bbcenter\u00bb style=\u00bbvc_box_shadow_3d\u00bb css=\u00bb\u00bb][vc_empty_space][vc_column_text css=\u00bb\u00bb]<\/p>\n<ul>\n<li>\n<h5><a href=\"https:\/\/tecnologicosucre.edu.ec\/web\/wp-content\/uploads\/2023\/09\/1Reglamento-Elecciones2023.pdf\" target=\"_blank\" rel=\"noopener\"><strong>REGLAMENTO DE ELECCIONES DEL ISTSUCRE<\/strong><\/a><\/h5>\n<\/li>\n<li>\n<h5><a href=\"https:\/\/tecnologicosucre.edu.ec\/web\/wp-content\/uploads\/2024\/08\/Codigo-de-etica-PDF.pdf\" target=\"_blank\" rel=\"noopener\"><strong>C\u00d3DIGO DE \u00c9TICA<\/strong><\/a><\/h5>\n<\/li>\n<li>\n<h5><a href=\"https:\/\/tecnologicosucre.edu.ec\/web\/wp-content\/uploads\/2023\/09\/2ReglamentoDisciplinario2023.pdf\" target=\"_blank\" rel=\"noopener\"><strong>REGLAMENTO DICIPLINARIO<\/strong><\/a><\/h5>\n<\/li>\n<li>\n<h5><a href=\"https:\/\/tecnologicosucre.edu.ec\/web\/wp-content\/uploads\/2023\/09\/3ReglamentoConsejoEstudiantil2022.pdf\" target=\"_blank\" rel=\"noopener\"><strong>REGLAMENTO DEL CONSEJO ESTUDIANTIL<\/strong><\/a><\/h5>\n<\/li>\n<li>\n<h5><a href=\"https:\/\/tecnologicosucre.edu.ec\/web\/wp-content\/uploads\/2023\/09\/4ReglamentodeAdmisionMatriculacionHomologaciondelISTSUCRE.pdf\" target=\"_blank\" rel=\"noopener\"><strong>REGLAMENTO DE ADMISI\u00d3N, MATRICULACI\u00d3N Y HOMOLOGACI\u00d3N<\/strong><\/a><\/h5>\n<\/li>\n<li>\n<h5><strong><a href=\"https:\/\/tecnologicosucre.edu.ec\/web\/wp-content\/uploads\/2025\/06\/GUIA-EDUCATIVA-ADAPTACIONES-CURRICULARES-ISTS.pdf\" target=\"_blank\" rel=\"noopener\">GUIA EDUCATIVA INSTITUCIONAL PARA APLICAR ADAPTACIONES CURRICULARES ISTS<\/a><\/strong><\/h5>\n<\/li>\n<li>\n<h5><a href=\"https:\/\/tecnologicosucre.edu.ec\/web\/wp-content\/uploads\/2025\/06\/LINEAMIENTOS-Sala-de-Lactancia.pdf\" target=\"_blank\" rel=\"noopener\"><strong>LINEAMIENTOS Sala de Lactancia<\/strong><\/a><\/h5>\n<\/li>\n<li>\n<h5><a href=\"https:\/\/tecnologicosucre.edu.ec\/web\/wp-content\/uploads\/2025\/06\/REGLAMENTO-RECONOCIMIENTO-AL-MERITO.pdf\" target=\"_blank\" rel=\"noopener\"><strong>REGLAMENTO RECONOCIMIENTO AL M\u00c9RITO<\/strong><\/a><\/h5>\n<\/li>\n<li>\n<h5><a href=\"https:\/\/tecnologicosucre.edu.ec\/web\/wp-content\/uploads\/2025\/06\/Politica-y-Protocolo-Casos-de-Acoso-Discriminacion-Violencia.pdf\" target=\"_blank\" rel=\"noopener\"><strong>Pol\u00edtica y Protocolo de Prevenci\u00f3n y Actuaci\u00f3n en Casos de Acoso, Discriminaci\u00f3n y Violencia<\/strong><\/a><\/h5>\n<\/li>\n<li>\n<h5><a href=\"https:\/\/tecnologicosucre.edu.ec\/web\/wp-content\/uploads\/2025\/09\/NORMATIVA-ACCIONES-AFIRMATIVAS.pdf\" target=\"_blank\" rel=\"noopener\"><strong>ACCIONES AFIRMATIVAS<\/strong><\/a><\/h5>\n<\/li>\n<\/ul>\n<p>[\/vc_column_text][\/vc_column][\/vc_row][vc_row][vc_column][vc_empty_space][vc_empty_space][\/vc_column][\/vc_row]<\/p>\n<\/div>","protected":false},"excerpt":{"rendered":"<p>[vc_row][vc_column][vc_empty_space][\/vc_column][\/vc_row][vc_row gap=\u00bb35&#8243;][vc_column width=\u00bb1\/2&#8243;][vc_column_text css=\u00bb\u00bb] REGLAMENTOS INSTITUCIONALES [\/vc_column_text][vc_empty_space][vc_single_image image=\u00bb5991&#8243; img_size=\u00bblarge\u00bb alignment=\u00bbcenter\u00bb style=\u00bbvc_box_shadow_3d\u00bb css=\u00bb\u00bb][vc_empty_space][vc_column_text css=\u00bb\u00bb] ESTATUTO INSTITUTO SUCRE REGLAMENTO UNIDAD DE INTEGRACI\u00d3N CURRICULAR ISTSUCRE REGLAMENTO INTERNO ISTSUCRE REGLAMENTO DE INVESTIGACI\u00d3N DEL ISTSUCRE REGLAMENTO DE VINCULACI\u00d3N CON LA SOCIEDAD DEL ISTSUCRE REGLAMENTO DE TITULACI\u00d3N\u00a0 REGLAMENTO CENTRO DE IDIOMAS REGLAMENTO CENTRO DE EMPRENDIMIENTO REFORMA REGLAMENTO CENTRO DE EMPRENDIMIENTO [\/vc_column_text][\/vc_column][vc_column [&hellip;]<\/p>\n","protected":false},"author":2,"featured_media":0,"parent":0,"menu_order":0,"comment_status":"closed","ping_status":"closed","template":"","meta":{"_monsterinsights_skip_tracking":false,"_monsterinsights_sitenote_active":false,"_monsterinsights_sitenote_note":"","_monsterinsights_sitenote_category":0,"footnotes":""},"class_list":["post-5957","page","type-page","status-publish","hentry"],"_links":{"self":[{"href":"https:\/\/tecnologicosucre.edu.ec\/web\/wp-json\/wp\/v2\/pages\/5957","targetHints":{"allow":["GET"]}}],"collection":[{"href":"https:\/\/tecnologicosucre.edu.ec\/web\/wp-json\/wp\/v2\/pages"}],"about":[{"href":"https:\/\/tecnologicosucre.edu.ec\/web\/wp-json\/wp\/v2\/types\/page"}],"author":[{"embeddable":true,"href":"https:\/\/tecnologicosucre.edu.ec\/web\/wp-json\/wp\/v2\/users\/2"}],"replies":[{"embeddable":true,"href":"https:\/\/tecnologicosucre.edu.ec\/web\/wp-json\/wp\/v2\/comments?post=5957"}],"version-history":[{"count":2,"href":"https:\/\/tecnologicosucre.edu.ec\/web\/wp-json\/wp\/v2\/pages\/5957\/revisions"}],"predecessor-version":[{"id":9362,"href":"https:\/\/tecnologicosucre.edu.ec\/web\/wp-json\/wp\/v2\/pages\/5957\/revisions\/9362"}],"wp:attachment":[{"href":"https:\/\/tecnologicosucre.edu.ec\/web\/wp-json\/wp\/v2\/media?parent=5957"}],"curies":[{"name":"wp","href":"https:\/\/api.w.org\/{rel}","templated":true}]}}