{"id":5918,"date":"2024-08-08T11:44:42","date_gmt":"2024-08-08T16:44:42","guid":{"rendered":"https:\/\/tecnologicosucre.edu.ec\/?page_id=5918"},"modified":"2025-06-23T21:36:43","modified_gmt":"2025-06-24T02:36:43","slug":"rendicion-de-cuentas","status":"publish","type":"page","link":"https:\/\/tecnologicosucre.edu.ec\/web\/rendicion-de-cuentas\/","title":{"rendered":"Rendici\u00f3n de cuentas"},"content":{"rendered":"<div class=\"wpb-content-wrapper\"><p>[vc_row][vc_column][vc_empty_space][vc_empty_space][\/vc_column][\/vc_row][vc_row][vc_column width=\u00bb1\/3&#8243;]            <div class=\"heading color-dark text-center \" >\n                                                <h2 class=\"heading-color fs-18\">\n                    Rendici\u00f3n de cuentas 2024                <\/h2>\n                            <\/div>\n                        <div class=\"feature \" >\n                <div class=\"feature-thumb text-center\">\n                     <a target=\"_blank\" href=\"https:\/\/tecnologicosucre.edu.ec\/web\/wp-content\/uploads\/2025\/05\/rdc2024.pdf\">\n                            <img decoding=\"async\" class=\"\" src=\"https:\/\/tecnologicosucre.edu.ec\/web\/wp-content\/uploads\/2025\/05\/RC-2024-scaled-370x200.jpg\" width=\"370\" height=\"200\" alt=\"RC-2024\" title=\"RC-2024\" loading=\"lazy\" \/>                      <\/a>\n                <\/div>\n\n                <div class=\"feature-content\">\n                                    <\/div>\n            <\/div>\n            [vc_empty_space][vc_toggle title=\u00bbINFORMACI\u00d3N\u00bb css=\u00bb\u00bb]<\/p>\n<ul>\n<li>\n<h5><strong><a href=\"https:\/\/tecnologicosucre.edu.ec\/web\/wp-content\/uploads\/2025\/05\/Invitacion.jpeg\" target=\"_blank\" rel=\"noopener\">INVITACI\u00d3N<\/a><\/strong><\/h5>\n<\/li>\n<li>\n<h5><strong><a href=\"https:\/\/tecnologicosucre.edu.ec\/web\/wp-content\/uploads\/2025\/05\/rdc2024.pdf\" target=\"_blank\" rel=\"noopener\">INFORME NARRATIVO 2024<\/a><\/strong><\/h5>\n<\/li>\n<li>\n<h5><a href=\"https:\/\/www.youtube.com\/live\/DaXHqMAIleE?si=8Le2EvVP_oivo1JF\" target=\"_blank\" rel=\"noopener\"><strong>VIDEO<\/strong><\/a><\/h5>\n<\/li>\n<\/ul>\n<p>[\/vc_toggle][\/vc_column][vc_column width=\u00bb1\/3&#8243;]            <div class=\"heading color-dark text-center \" >\n                                                <h2 class=\"heading-color fs-18\">\n                    Rendici\u00f3n de cuentas 2023                <\/h2>\n                            <\/div>\n                        <div class=\"feature \" >\n                <div class=\"feature-thumb text-center\">\n                     <a target=\"_blank\" href=\"https:\/\/tecnologicosucre.edu.ec\/web\/wp-content\/uploads\/2024\/03\/Informe_Rendicion_cuentas2023.pdf\">\n                            <img decoding=\"async\" class=\"\" src=\"https:\/\/tecnologicosucre.edu.ec\/web\/wp-content\/uploads\/2024\/08\/2023-jpeg-370x200.avif\" width=\"370\" height=\"200\" alt=\"2023\" title=\"2023\" loading=\"lazy\" \/>                      <\/a>\n                <\/div>\n\n                <div class=\"feature-content\">\n                                    <\/div>\n            <\/div>\n            [vc_empty_space][vc_toggle title=\u00bbINFORMACI\u00d3N\u00bb css=\u00bb\u00bb]<\/p>\n<ul>\n<li>\n<h5><strong><a href=\"https:\/\/tecnologicosucre.edu.ec\/web\/wp-content\/uploads\/2024\/03\/Rendicion_2023.jpg\" target=\"_blank\" rel=\"noopener\">INVITACI\u00d3N<\/a><\/strong><\/h5>\n<\/li>\n<li>\n<h5><strong><a href=\"https:\/\/tecnologicosucre.edu.ec\/web\/wp-content\/uploads\/2024\/03\/Informe_Rendicion_cuentas2023.pdf\" target=\"_blank\" rel=\"noopener\">INFORME NARRATIVO 2023<\/a><\/strong><\/h5>\n<\/li>\n<li><a href=\"https:\/\/www.youtube.com\/live\/j638SYtD9Rs\" target=\"_blank\" rel=\"noopener\"><strong>VIDEO<\/strong><\/a><\/li>\n<\/ul>\n<p>[\/vc_toggle][\/vc_column][vc_column width=\u00bb1\/3&#8243;]            <div class=\"heading color-dark text-center \" >\n                                                <h2 class=\"heading-color fs-18\">\n                    Rendici\u00f3n de cuentas 2022                <\/h2>\n                            <\/div>\n                        <div class=\"feature \" >\n                <div class=\"feature-thumb text-center\">\n                     <a target=\"_blank\" href=\"https:\/\/tecnologicosucre.edu.ec\/web\/wp-content\/uploads\/2023\/09\/Rendicion_cuentas2022.pdf\">\n                            <img decoding=\"async\" class=\"\" src=\"https:\/\/tecnologicosucre.edu.ec\/web\/wp-content\/uploads\/2024\/08\/2022-jpg-370x200.avif\" width=\"370\" height=\"200\" alt=\"2022\" title=\"2022\" loading=\"lazy\" \/>                      <\/a>\n                <\/div>\n\n                <div class=\"feature-content\">\n                                    <\/div>\n            <\/div>\n            [vc_empty_space][vc_toggle title=\u00bbINFORMACI\u00d3N\u00bb css=\u00bb\u00bb]<\/p>\n<ul>\n<li>\n<h5><strong><a href=\"https:\/\/tecnologicosucre.edu.ec\/web\/wp-content\/uploads\/2024\/08\/2023-invitacion.jpg\" target=\"_blank\" rel=\"noopener\">INVITACI\u00d3N<\/a><\/strong><\/h5>\n<\/li>\n<li>\n<h5><strong><a href=\"https:\/\/tecnologicosucre.edu.ec\/web\/wp-content\/uploads\/2023\/09\/Rendicion_cuentas2022.pdf\" target=\"_blank\" rel=\"noopener\">INFORME NARRATIVO 2022<\/a><\/strong><\/h5>\n<\/li>\n<\/ul>\n<p>[\/vc_toggle][\/vc_column][\/vc_row][vc_row][vc_column width=\u00bb1\/3&#8243;]            <div class=\"heading color-dark text-center \" >\n                                                <h2 class=\"heading-color fs-18\">\n                    Rendici\u00f3n de cuentas 2021                <\/h2>\n                            <\/div>\n                        <div class=\"feature \" >\n                <div class=\"feature-thumb text-center\">\n                     <a target=\"_blank\" href=\"https:\/\/tecnologicosucre.edu.ec\/web\/wp-content\/uploads\/2023\/09\/Rendicion_cuentas2021.pdf\">\n                            <img decoding=\"async\" class=\"\" src=\"https:\/\/tecnologicosucre.edu.ec\/web\/wp-content\/uploads\/2024\/08\/2021-jpeg-370x200.avif\" width=\"370\" height=\"200\" alt=\"2021\" title=\"2021\" loading=\"lazy\" \/>                      <\/a>\n                <\/div>\n\n                <div class=\"feature-content\">\n                                    <\/div>\n            <\/div>\n            [vc_empty_space][vc_toggle title=\u00bbINFORMACI\u00d3N\u00bb css=\u00bb\u00bb]<\/p>\n<ul>\n<li>\n<h5><strong><a href=\"https:\/\/tecnologicosucre.edu.ec\/web\/wp-content\/uploads\/2024\/08\/2021-invitacion.jpg\" target=\"_blank\" rel=\"noopener\">INVITACI\u00d3N<\/a><\/strong><\/h5>\n<\/li>\n<li>\n<h5><strong><a href=\"https:\/\/tecnologicosucre.edu.ec\/web\/wp-content\/uploads\/2023\/09\/Rendicion_cuentas2021.pdf\" target=\"_blank\" rel=\"noopener\">INFORME NARRATIVO 2021<\/a><\/strong><\/h5>\n<\/li>\n<\/ul>\n<p>[\/vc_toggle][\/vc_column][vc_column width=\u00bb1\/3&#8243;]            <div class=\"heading color-dark text-center \" >\n                                                <h2 class=\"heading-color fs-18\">\n                    Rendici\u00f3n de cuentas 2020                <\/h2>\n                            <\/div>\n                        <div class=\"feature \" >\n                <div class=\"feature-thumb text-center\">\n                     <a target=\"_blank\" href=\"https:\/\/tecnologicosucre.edu.ec\/web\/wp-content\/uploads\/2023\/09\/Rendicion_cuentas2020.pdf\">\n                            <img decoding=\"async\" class=\"\" src=\"https:\/\/tecnologicosucre.edu.ec\/web\/wp-content\/uploads\/2024\/08\/2020-jpeg-370x200.avif\" width=\"370\" height=\"200\" alt=\"2020\" title=\"2020\" loading=\"lazy\" \/>                      <\/a>\n                <\/div>\n\n                <div class=\"feature-content\">\n                                    <\/div>\n            <\/div>\n            [vc_empty_space][vc_toggle title=\u00bbINFORMACI\u00d3N\u00bb css=\u00bb\u00bb]<\/p>\n<ul>\n<li>\n<h5><strong><a href=\"https:\/\/tecnologicosucre.edu.ec\/web\/wp-content\/uploads\/2024\/08\/2020-invitacion.jpg\" target=\"_blank\" rel=\"noopener\">INVITACI\u00d3N<\/a><\/strong><\/h5>\n<\/li>\n<li>\n<h5><strong><a href=\"https:\/\/tecnologicosucre.edu.ec\/web\/wp-content\/uploads\/2023\/09\/Rendicion_cuentas2020.pdf\" target=\"_blank\" rel=\"noopener\">INFORME NARRATIVO 2020<\/a><\/strong><\/h5>\n<\/li>\n<\/ul>\n<p>[\/vc_toggle][\/vc_column][vc_column width=\u00bb1\/3&#8243;]            <div class=\"heading color-dark text-center \" >\n                                                <h2 class=\"heading-color fs-18\">\n                    Rendici\u00f3n de cuentas 2019                <\/h2>\n                            <\/div>\n                        <div class=\"feature \" >\n                <div class=\"feature-thumb text-center\">\n                     <a target=\"_blank\" href=\"https:\/\/tecnologicosucre.edu.ec\/web\/wp-content\/uploads\/2023\/09\/Rendicion_cuentas2019.pdf\">\n                            <img decoding=\"async\" class=\"\" src=\"https:\/\/tecnologicosucre.edu.ec\/web\/wp-content\/uploads\/2024\/08\/2019-scaled-370x200.avif\" width=\"370\" height=\"200\" alt=\"2019\" title=\"2019\" loading=\"lazy\" \/>                      <\/a>\n                <\/div>\n\n                <div class=\"feature-content\">\n                                    <\/div>\n            <\/div>\n            [vc_empty_space][vc_toggle title=\u00bbINFORMACI\u00d3N\u00bb css=\u00bb\u00bb]<\/p>\n<ul>\n<li>\n<h5><strong><a href=\"https:\/\/tecnologicosucre.edu.ec\/web\/wp-content\/uploads\/2024\/08\/2019-invitacion.jpg\" target=\"_blank\" rel=\"noopener\">INVITACI\u00d3N<\/a><\/strong><\/h5>\n<\/li>\n<li>\n<h5><strong><a href=\"https:\/\/tecnologicosucre.edu.ec\/web\/wp-content\/uploads\/2023\/09\/Rendicion_cuentas2019.pdf\" target=\"_blank\" rel=\"noopener\">INFORME NARRATIVO 2019<\/a><\/strong><\/h5>\n<\/li>\n<\/ul>\n<p>[\/vc_toggle][\/vc_column][\/vc_row][vc_row][vc_column width=\u00bb1\/3&#8243;]            <div class=\"heading color-dark text-center \" >\n                                                <h2 class=\"heading-color fs-18\">\n                    Rendici\u00f3n de cuentas 2018                <\/h2>\n                            <\/div>\n                        <div class=\"feature \" >\n                <div class=\"feature-thumb text-center\">\n                     <a target=\"_blank\" href=\"https:\/\/tecnologicosucre.edu.ec\/web\/wp-content\/uploads\/2023\/09\/Rendicion_cuentas2018.pdf\">\n                            <img decoding=\"async\" class=\"\" src=\"https:\/\/tecnologicosucre.edu.ec\/web\/wp-content\/uploads\/2024\/08\/2018-jpeg-370x200.avif\" width=\"370\" height=\"200\" alt=\"2018\" title=\"2018\" loading=\"lazy\" \/>                      <\/a>\n                <\/div>\n\n                <div class=\"feature-content\">\n                                    <\/div>\n            <\/div>\n            [vc_empty_space][vc_toggle title=\u00bbINFORMACI\u00d3N\u00bb css=\u00bb\u00bb]<\/p>\n<ul>\n<li>\n<h5><strong><a href=\"https:\/\/tecnologicosucre.edu.ec\/web\/wp-content\/uploads\/2023\/09\/Rendicion_cuentas2018.pdf\" target=\"_blank\" rel=\"noopener\">INFORME NARRATIVO 2018<\/a><\/strong><\/h5>\n<\/li>\n<\/ul>\n<p>[\/vc_toggle][\/vc_column][vc_column width=\u00bb1\/3&#8243;]            <div class=\"heading color-dark text-center \" >\n                                                <h2 class=\"heading-color fs-18\">\n                    Rendici\u00f3n de cuentas 2017                <\/h2>\n                            <\/div>\n                        <div class=\"feature \" >\n                <div class=\"feature-thumb text-center\">\n                     <a target=\"_blank\" href=\"https:\/\/tecnologicosucre.edu.ec\/web\/wp-content\/uploads\/2023\/09\/Rendicion_cuentas2017.pdf\">\n                            <img decoding=\"async\" class=\"\" src=\"https:\/\/tecnologicosucre.edu.ec\/web\/wp-content\/uploads\/2024\/08\/2017-jpeg-370x200.avif\" width=\"370\" height=\"200\" alt=\"2017\" title=\"2017\" loading=\"lazy\" \/>                      <\/a>\n                <\/div>\n\n                <div class=\"feature-content\">\n                                    <\/div>\n            <\/div>\n            [vc_empty_space][vc_toggle title=\u00bbINFORMACI\u00d3N\u00bb css=\u00bb\u00bb]<\/p>\n<ul>\n<li>\n<h5><strong><a href=\"https:\/\/tecnologicosucre.edu.ec\/web\/wp-content\/uploads\/2023\/09\/Rendicion_cuentas2017.pdf\" target=\"_blank\" rel=\"noopener\">INFORME NARRATIVO 2017<\/a><\/strong><\/h5>\n<\/li>\n<\/ul>\n<p>[\/vc_toggle][\/vc_column][vc_column width=\u00bb1\/3&#8243;][\/vc_column][\/vc_row][vc_row][vc_column][vc_empty_space][vc_empty_space][\/vc_column][\/vc_row][vc_row][vc_column][vc_column_text css=\u00bb\u00bb]<\/p>\n<h3 style=\"text-align: center;\"><span style=\"color: #000000;\"><strong>ESTUDIANTES EN INSTITUCIONES P\u00daBLICAS O PRIVADAS CON CONVENIO<\/strong><\/span><\/h3>\n<p>[\/vc_column_text][vc_empty_space][vc_tta_tabs style=\u00bboutline\u00bb color=\u00bbsky\u00bb active_section=\u00bb1&#8243;][vc_tta_section i_icon_fontawesome=\u00bbfa fa-regular fa-pen-to-square\u00bb add_icon=\u00bbtrue\u00bb title=\u00bbPASO 1&#8243; tab_id=\u00bb1745627521453-a3521d97-bcb1&#8243;][vc_empty_space][vc_column_text css=\u00bb\u00bb]<\/p>\n<h3><strong>Paso 1<\/strong><\/h3>\n<h4><strong>INICIO DE PR\u00c1CTICAS PRE PROFESIONALES<\/strong><\/h4>\n<p><span style=\"color: #3366ff;\"><strong><i>Los estudiantes para realizar pr\u00e1cticas, considerar m\u00ednimo 4 horas y m\u00e1ximo 6 horas diarias.<\/i><\/strong><\/span><\/p>\n<h4><strong>Presentar al docente representante de pr\u00e1cticas PRE PROFESIONALES de tu carrera:<\/strong><\/h4>\n<ul>\n<li><strong>Solicitud de pr\u00e1cticas pre profesionales:<\/strong>\u00a0el estudiante solicita por <em>correo electr\u00f3nico<\/em> al representante de pr\u00e1cticas realizar las pr\u00e1cticas pre profesionales. El correo que emite el estudiante debe contener el <em>nombre de la empresa, nombre del gerente, direcci\u00f3n, tel\u00e9fono y mail<\/em>. El representante de pr\u00e1cticas autoriza y asigna el <em>c\u00f3digo para el oficio, el c\u00f3digo del Check list<\/em> y la asignaci\u00f3n del <em>tutor acad\u00e9mico<\/em> <em>con su respectivo mail<\/em>. Esta informaci\u00f3n el representante de pr\u00e1cticas env\u00eda por correo electr\u00f3nico al estudiante con copia al <em>tutor acad\u00e9mico asignado.<\/em><\/li>\n<\/ul>\n<p>[\/vc_column_text][vc_empty_space][vc_column_text css=\u00bb\u00bb]<\/p>\n<ul>\n<li><strong>Oficio de aprobaci\u00f3n de pr\u00e1cticas pre profesionales y asignaci\u00f3n de tutor acad\u00e9mico<\/strong><em>: <\/em>Una vez autorizada la solicitud el estudiante genera el documento del oficio, tomando en cuenta los siguientes par\u00e1metros: colocar el <em>c\u00f3digo del oficio<\/em>, <em>fecha inicio pr\u00e1cticas pre profesionales, nombre del gerente de la empresa; nombre, n\u00famero de c\u00e9dula, semestre y carrera del estudiante; nombre, mail y firma del tutor acad\u00e9mico, C\u00f3digo Check list, n\u00famero de horas de Pr\u00e1cticas Pre Profesionales<\/em>, por \u00faltimo <em>firma del tutor acad\u00e9mico<\/em>, <em>firma del representante de pr\u00e1cticas y firma, sello del recibido por parte de la empresa.<\/em><\/li>\n<\/ul>\n<p><strong>\u00a0 \u00a0 \u00a0<span style=\"color: #007cba;\"> \u00a0 <a style=\"color: #007cba;\" href=\"https:\/\/tecnologicosucre.edu.ec\/web\/wp-content\/uploads\/2025\/04\/FORMATO-1_OFI_ASIG_TUT_APELLIDO.docx\">\u00a0FORMATO 1_OFI_ASIG_TUT_APELLIDO_NOMBRE <\/a><\/span><\/strong><\/p>\n<ul>\n<li><strong>\u00a0<\/strong>Al momento de presentar el oficio de aprobaci\u00f3n debe tambi\u00e9n presentar el Plan de aprendizaje pr\u00e1ctico rotacional con la firma del representante de pr\u00e1cticas de cada carrera.<\/li>\n<\/ul>\n<p>[\/vc_column_text][vc_empty_space][vc_column_text css=\u00bb\u00bb]<\/p>\n<ul>\n<li><strong>Plan de Aprendizaje Pr\u00e1ctico Rotacional<\/strong><em>: <\/em>genera el estudiante el documento, debe llenar los <em>datos del estudiante, datos de la empresa, la actividad econ\u00f3mica de la empresa, \u00e1reas de rotaci\u00f3n (m\u00ednimo 2),<\/em> <em>actividades a desarrollar en la empresa<\/em> y comparar las actividades con los resultados de aprendizaje para posterior <em>seleccionar dos asignaturas<\/em>, <em>firma el representante de pr\u00e1cticas pre profesionales<\/em>.<\/li>\n<\/ul>\n<p>[\/vc_column_text][vc_empty_space][vc_column_text css=\u00bb\u00bb]<\/p>\n<h4><span style=\"color: #0075a8;\"><strong>Descargue el formato correspondiente a su carrera<\/strong><\/span><\/h4>\n<p>[\/vc_column_text][vc_empty_space][vc_toggle title=\u00bbFORMATO 2_ PAPR_CARRERA_APELLIDO_NOMBRE\u00bb custom_font_container=\u00bbtag:h4|font_size:14|text_align:center|color:%230075a8&#8243; custom_use_theme_fonts=\u00bbyes\u00bb css=\u00bb\u00bb use_custom_heading=\u00bbtrue\u00bb]<\/p>\n<ol>\n<li><strong><a href=\"https:\/\/tecnologicosucre.edu.ec\/web\/wp-content\/uploads\/2025\/04\/FORMATO-2_PAPR_CONTABILIDAD_APELLIDO_NOMBRE.docx\">CONTABILIDAD<\/a><\/strong><\/li>\n<li><a href=\"https:\/\/tecnologicosucre.edu.ec\/web\/wp-content\/uploads\/2025\/04\/PLAN-DE-APRENDIZAJE-DESARROLLO-INFANTIL-INETGRAL_Firmado-signed-signed.pdf\" target=\"_blank\" rel=\"noopener\"><strong>DESARROLLO INFANTIL INTEGRAL<\/strong><\/a><\/li>\n<li><a href=\"https:\/\/tecnologicosucre.edu.ec\/web\/wp-content\/uploads\/2025\/04\/FORMATO-2_PAPR_DESARROLLO_SOFTWARE_APELLIDO_NOMBRE.docx\"><strong>DESARROLLO DE SOFTWARE<\/strong><\/a><\/li>\n<li><strong><a href=\"https:\/\/tecnologicosucre.edu.ec\/web\/wp-content\/uploads\/2025\/04\/PLAN-DE-APRENDIZAJE-EDUCACION-INICIAL.xlsx\">EDUCACI\u00d3N INICIAL<\/a><\/strong><\/li>\n<li><a href=\"https:\/\/tecnologicosucre.edu.ec\/web\/wp-content\/uploads\/2025\/04\/FORMATO-2_PAPR_ELECTRICIDAD_APELLIDO_NOMBRE.docx\"><strong>ELECTRICIDAD<\/strong><\/a><\/li>\n<li><a href=\"https:\/\/tecnologicosucre.edu.ec\/web\/wp-content\/uploads\/2025\/04\/FORMATO-2_PAPR_ELECTROMECANICA_APELLIDOS_NOMBRES_2025.docx\"><strong>ELECTROMEC\u00c1NICA<\/strong><\/a><\/li>\n<li><a href=\"https:\/\/tecnologicosucre.edu.ec\/web\/wp-content\/uploads\/2025\/04\/FORMATO-2_PAPR_ELECTRONICA_APELLIDO_NOMBRE.docx\"><strong>ELECTR\u00d3NICA<\/strong><\/a><\/li>\n<li><a href=\"https:\/\/tecnologicosucre.edu.ec\/web\/wp-content\/uploads\/2025\/04\/FORMATO-2_PAPR_FOTOGRAFIA_APELLIDO_NOMBRE.docx\"><strong>FOTOGRAF\u00cdA<\/strong><\/a><\/li>\n<li><a href=\"https:\/\/tecnologicosucre.edu.ec\/web\/wp-content\/uploads\/2025\/04\/FORMATO-2_PAPR_GESTION-AMBIENTAL_APELLIDO_NOMBRE.docx\"><strong>GESTI\u00d3N AMBIENTAL<\/strong><\/a><\/li>\n<li><a href=\"https:\/\/tecnologicosucre.edu.ec\/web\/wp-content\/uploads\/2025\/04\/FORMATO-2_PAPR_MARKETING_2025-II.docx\"><strong>MARKETING<\/strong><\/a><\/li>\n<li><a href=\"https:\/\/tecnologicosucre.edu.ec\/web\/wp-content\/uploads\/2025\/04\/FORMATO-2_PAPR_PROCESAMIENTO_ALIMENTOS_APELLIDO_NOMBRE1.docx\"><strong>PROCESAMIENTO DE ALIMENTOS<\/strong><\/a><\/li>\n<li><a href=\"https:\/\/tecnologicosucre.edu.ec\/web\/wp-content\/uploads\/2025\/04\/FORMATO-2_PAPR_PRODUCCION_AUDIOVISUAL_APELLIDO_NOMBRE.docx\"><strong>PRODUCCI\u00d3N AUDIOVISUAL<\/strong><\/a><\/li>\n<\/ol>\n<p>[\/vc_toggle][vc_empty_space][\/vc_tta_section][vc_tta_section i_icon_fontawesome=\u00bbfa fa-regular fa-pen-to-square\u00bb add_icon=\u00bbtrue\u00bb title=\u00bbPASO 2&#8243; tab_id=\u00bb1745627521465-ed492e92-1cf5&#8243;][vc_empty_space][vc_column_text css=\u00bb\u00bb]<\/p>\n<h3><strong>Paso 2<\/strong><\/h3>\n<h4><strong>FINALIZACI\u00d3N DE PR\u00c1CTICAS PRE PROFESIONALES<\/strong><\/h4>\n<p>Finalizadas las pr\u00e1cticas pre profesionales el estudiante tiene <strong>(30)<\/strong> <strong><em>treinta d\u00edas<\/em><\/strong> laborables, despu\u00e9s de haberlas culminado para presentar al representante de pr\u00e1cticas de la carrera, todos los documentos con firmas y sellos para validar.<\/p>\n<ul>\n<li><strong>Control asistencia de pr\u00e1cticas pre profesionales:<\/strong> <em>se reporta los datos del estudiante, nombre de la empresa, periodo acad\u00e9mico, las fechas llenar por mes, hora de entrada, hora de salida, actividades y total de horas, <\/em>por tal raz\u00f3n este documento debe llenarlo el estudiante<em>; al final debe firmar el tutor empresarial m\u00e1s el sello de la empresa.<\/em><\/li>\n<\/ul>\n<p><strong>\u00a0 \u00a0 \u00a0 \u00a0 \u00a0 <a href=\"https:\/\/tecnologicosucre.edu.ec\/web\/wp-content\/uploads\/2025\/04\/FORMATO-3_-CTR_ASIS_APELLIDO_NOMBRE.docx\">FORMATO 3_ CTR_ASIS_APELLIDO_NOMBRE.<\/a><\/strong><\/p>\n<ul>\n<li><strong>Evaluaci\u00f3n final de Pr\u00e1cticas Pre Profesionales\/Pasant\u00edas: <\/strong>El estudiante llena el apartado de los <em style=\"letter-spacing: 0.05em;\">datos informativos<\/em><span style=\"letter-spacing: 0.05em;\"> y<\/span><em style=\"letter-spacing: 0.05em;\"> quien eval\u00faa y firma es el tutor empresarial. <\/em><span style=\"letter-spacing: 0.05em;\">Todos los campos deben estar llenos<\/span><em style=\"letter-spacing: 0.05em;\">.<\/em><\/li>\n<\/ul>\n<p><strong>\u00a0 \u00a0 \u00a0 \u00a0 \u00a0 <a href=\"https:\/\/tecnologicosucre.edu.ec\/web\/wp-content\/uploads\/2025\/04\/FORMATO-4_EV_FINAL_APELLIDO_NOMBRE.docx\">FORMATO 4_EV_FINAL_APELLIDO_NOMBRE.<\/a><\/strong><\/p>\n<ul>\n<li><strong>Informe Final de Pr\u00e1cticas Pre Profesionales\/Pasant\u00edas: <\/strong>llenar los <em>datos informativos, objetivos, antecedentes, desarrollo, conclusiones, recomendaciones, participantes y anexos<\/em>, el documento es llenado por el estudiante.<\/li>\n<li>En el <em style=\"letter-spacing: 0.05em;\">apartado del <strong>desarrollo <\/strong><\/em><span style=\"letter-spacing: 0.05em;\">se verificar\u00e1 la <\/span><em style=\"letter-spacing: 0.05em;\">inducci\u00f3n<\/em><span style=\"letter-spacing: 0.05em;\"> por parte de la empresa y la <\/span><em style=\"letter-spacing: 0.05em;\">visita del tutor acad\u00e9mico<\/em><span style=\"letter-spacing: 0.05em;\">, tomando en consideraci\u00f3n los siguientes par\u00e1metros: <\/span><em style=\"letter-spacing: 0.05em;\">nombre del estudiante, nombre del delegado de la inducci\u00f3n por parte de la empresa, fecha de la inducci\u00f3n, evidencia fotogr\u00e1fica de la inducci\u00f3n, actividades a desarrollar en la empresa, normas de seguridad<\/em><span style=\"letter-spacing: 0.05em;\">, tambi\u00e9n colocar el <\/span><em style=\"letter-spacing: 0.05em;\">nombre del tutor acad\u00e9mico, fecha de la visita del tutor, evidencia fotogr\u00e1fica de la visita de tutor, observaciones<\/em><span style=\"letter-spacing: 0.05em;\">. <\/span><\/li>\n<li><span style=\"letter-spacing: 0.05em;\">Se realiza <\/span><strong style=\"letter-spacing: 0.05em;\">1 <\/strong><span style=\"letter-spacing: 0.05em;\">visita del proceso de pr\u00e1cticas.<\/span><\/li>\n<li><span style=\"letter-spacing: 0.05em;\">Al final debe <\/span><em style=\"letter-spacing: 0.05em;\">firmar el representante de pr\u00e1cticas<\/em><span style=\"letter-spacing: 0.05em;\"> pre profesionales de cada carrera y el <\/span><em style=\"letter-spacing: 0.05em;\">coordinador de pr\u00e1cticas<\/em><span style=\"letter-spacing: 0.05em;\">.<\/span><\/li>\n<\/ul>\n<p><strong>\u00a0 \u00a0 \u00a0 \u00a0 \u00a0 <a href=\"https:\/\/tecnologicosucre.edu.ec\/web\/wp-content\/uploads\/2025\/04\/FORMATO-5_INFORME_FINAL_APELLIDO_NOMBRE.docx\">FORMATO 5_INFORME_FINAL_APELLIDO_NOMBRE<\/a><\/strong><\/p>\n<ul>\n<li><strong>Certificado de culminaci\u00f3n de pr\u00e1cticas: <\/strong><em>El certificado debe tener el formato de la empresa, indicando el cumplimiento de las horas del practicante y las fechas de inicio y fin de las pr\u00e1cticas, nombres completos y c\u00e9dula del estudiante.<\/em><\/li>\n<li><strong>\u00a0<\/strong><strong>Check list: <\/strong><em>Los documentos deben entregar en el orden del Check list.<\/em><\/li>\n<\/ul>\n<p><strong>\u00a0 \u00a0 \u00a0 \u00a0 \u00a0 \u00a0<a href=\"https:\/\/tecnologicosucre.edu.ec\/web\/wp-content\/uploads\/2025\/04\/FORMATO-7_CHECKLIST_APELLIDO_NOMBRE.docx\">FORMATO 7_CHECKLIST_APELLIDO_NOMBRE<\/a><\/strong><\/p>\n<ul>\n<li><strong>\u00a0<\/strong><strong>Escanear los documentos<\/strong><strong> de pr\u00e1cticas con firmas y sellos en formato PDF: <\/strong>El estudiante <em style=\"letter-spacing: 0.05em;\">llena la matriz de control<\/em><span style=\"letter-spacing: 0.05em;\"> y carga el <\/span><em style=\"letter-spacing: 0.05em;\">expediente de pr\u00e1cticas en el driver<\/em><span style=\"letter-spacing: 0.05em;\">, tomando en cuenta el orden del Check list para posterior <\/span>el representante de pr\u00e1cticas de cada carrera pueda subir las horas de pr\u00e1cticas al sistema siga. <span style=\"letter-spacing: 0.05em;\">Considerar el nombre de cada documento<\/span><em style=\"letter-spacing: 0.05em;\">.<\/em><\/li>\n<\/ul>\n<p>[\/vc_column_text][\/vc_tta_section][\/vc_tta_tabs][\/vc_column][\/vc_row]<\/p>\n<\/div>","protected":false},"excerpt":{"rendered":"<p>[vc_row][vc_column][vc_empty_space][vc_empty_space][\/vc_column][\/vc_row][vc_row][vc_column width=\u00bb1\/3&#8243;][vc_empty_space][vc_toggle title=\u00bbINFORMACI\u00d3N\u00bb css=\u00bb\u00bb] INVITACI\u00d3N INFORME NARRATIVO 2024 VIDEO [\/vc_toggle][\/vc_column][vc_column width=\u00bb1\/3&#8243;][vc_empty_space][vc_toggle title=\u00bbINFORMACI\u00d3N\u00bb css=\u00bb\u00bb] INVITACI\u00d3N INFORME NARRATIVO 2023 VIDEO [\/vc_toggle][\/vc_column][vc_column width=\u00bb1\/3&#8243;][vc_empty_space][vc_toggle title=\u00bbINFORMACI\u00d3N\u00bb css=\u00bb\u00bb] INVITACI\u00d3N INFORME NARRATIVO 2022 [\/vc_toggle][\/vc_column][\/vc_row][vc_row][vc_column width=\u00bb1\/3&#8243;][vc_empty_space][vc_toggle title=\u00bbINFORMACI\u00d3N\u00bb css=\u00bb\u00bb] INVITACI\u00d3N INFORME NARRATIVO 2021 [\/vc_toggle][\/vc_column][vc_column width=\u00bb1\/3&#8243;][vc_empty_space][vc_toggle title=\u00bbINFORMACI\u00d3N\u00bb css=\u00bb\u00bb] INVITACI\u00d3N INFORME NARRATIVO 2020 [\/vc_toggle][\/vc_column][vc_column width=\u00bb1\/3&#8243;][vc_empty_space][vc_toggle title=\u00bbINFORMACI\u00d3N\u00bb css=\u00bb\u00bb] INVITACI\u00d3N INFORME NARRATIVO 2019 [\/vc_toggle][\/vc_column][\/vc_row][vc_row][vc_column width=\u00bb1\/3&#8243;][vc_empty_space][vc_toggle title=\u00bbINFORMACI\u00d3N\u00bb css=\u00bb\u00bb] INFORME [&hellip;]<\/p>\n","protected":false},"author":2,"featured_media":0,"parent":0,"menu_order":0,"comment_status":"closed","ping_status":"closed","template":"","meta":{"_monsterinsights_skip_tracking":false,"_monsterinsights_sitenote_active":false,"_monsterinsights_sitenote_note":"","_monsterinsights_sitenote_category":0,"footnotes":""},"class_list":["post-5918","page","type-page","status-publish","hentry"],"_links":{"self":[{"href":"https:\/\/tecnologicosucre.edu.ec\/web\/wp-json\/wp\/v2\/pages\/5918","targetHints":{"allow":["GET"]}}],"collection":[{"href":"https:\/\/tecnologicosucre.edu.ec\/web\/wp-json\/wp\/v2\/pages"}],"about":[{"href":"https:\/\/tecnologicosucre.edu.ec\/web\/wp-json\/wp\/v2\/types\/page"}],"author":[{"embeddable":true,"href":"https:\/\/tecnologicosucre.edu.ec\/web\/wp-json\/wp\/v2\/users\/2"}],"replies":[{"embeddable":true,"href":"https:\/\/tecnologicosucre.edu.ec\/web\/wp-json\/wp\/v2\/comments?post=5918"}],"version-history":[{"count":0,"href":"https:\/\/tecnologicosucre.edu.ec\/web\/wp-json\/wp\/v2\/pages\/5918\/revisions"}],"wp:attachment":[{"href":"https:\/\/tecnologicosucre.edu.ec\/web\/wp-json\/wp\/v2\/media?parent=5918"}],"curies":[{"name":"wp","href":"https:\/\/api.w.org\/{rel}","templated":true}]}}