{"id":5629,"date":"2024-07-17T14:47:41","date_gmt":"2024-07-17T19:47:41","guid":{"rendered":"https:\/\/tecnologicosucre.edu.ec\/?page_id=5629"},"modified":"2025-09-01T16:54:25","modified_gmt":"2025-09-01T21:54:25","slug":"convenios","status":"publish","type":"page","link":"https:\/\/tecnologicosucre.edu.ec\/web\/convenios\/","title":{"rendered":"Convenios"},"content":{"rendered":"<div class=\"wpb-content-wrapper\"><p>[vc_row][vc_column]            <div class=\"heading color-dark text-left \" >\n                                                <p class=\"fs-14\">\n                    Para introducir el \u00e1rea de convenios es crucial establecer el contexto y la importancia de estos acuerdos en diversos \u00e1mbitos los convenios representan acuerdos formales entre entidades ya sean empresas instituciones educativas gobiernos o organizaciones dise\u00f1adas para fomentar la colaboraci\u00f3n compartir recursos y alcanzar objetivos comunes de manera efectiva estos acuerdos no solo facilitan la cooperaci\u00f3n y intercambio de conocimientos sino que tambi\u00e9n promueven la innovaci\u00f3n y el desarrollo de en \u00e1reas claves en este sentido explorar el mundo de los convenios nos permite entender c\u00f3mo las alianzas estrat\u00e9gicas son fundamentales para el progreso y las sinergia entre diferentes entidades y los estudiantes.                <\/p>\n                            <\/div>\n            [vc_empty_space][\/vc_column][\/vc_row][vc_row][vc_column width=\u00bb1\/3&#8243;]            <div class=\"feature \" >\n                <div class=\"feature-thumb text-center\">\n                     <a target=\"_blank\" href=\"https:\/\/tecnologicosucre.edu.ec\/web\/convenios-de-cooperacion\">\n                            <img decoding=\"async\" class=\"\" src=\"https:\/\/tecnologicosucre.edu.ec\/web\/wp-content\/uploads\/2024\/07\/coopera001-jpg-370x200.avif\" width=\"370\" height=\"200\" alt=\"Convenio de cooperacion\" title=\"Convenio de cooperacion\" loading=\"lazy\" \/>                      <\/a>\n                <\/div>\n\n                <div class=\"feature-content\">\n                                        <h4 class=\"heading-color line-24\">\n                        <a target=\"_blank\" href=\"https:\/\/tecnologicosucre.edu.ec\/web\/convenios-de-cooperacion\">CONVENIOS DE COOPERACI\u00d3N<\/a>\n                    <\/h4>\n                                    <\/div>\n            <\/div>\n            [\/vc_column][vc_column width=\u00bb1\/3&#8243;]            <div class=\"feature \" >\n                <div class=\"feature-thumb text-center\">\n                     <a target=\"_blank\" href=\"https:\/\/tecnologicosucre.edu.ec\/web\/convenios-de-practicas-laborales\/\">\n                            <img decoding=\"async\" class=\"\" src=\"https:\/\/tecnologicosucre.edu.ec\/web\/wp-content\/uploads\/2024\/07\/coopera002-jpg-370x200.avif\" width=\"370\" height=\"200\" alt=\"Convenios p-laborales\" title=\"Convenios p-laborales\" loading=\"lazy\" \/>                      <\/a>\n                <\/div>\n\n                <div class=\"feature-content\">\n                                        <h4 class=\"heading-color line-24\">\n                        <a target=\"_blank\" href=\"https:\/\/tecnologicosucre.edu.ec\/web\/convenios-de-practicas-laborales\/\">CONVENIOS DE PR\u00c1CTICAS LABORALES<\/a>\n                    <\/h4>\n                                    <\/div>\n            <\/div>\n            [\/vc_column][vc_column width=\u00bb1\/3&#8243;]            <div class=\"feature \" >\n                <div class=\"feature-thumb text-center\">\n                     <a target=\"_blank\" href=\"https:\/\/tecnologicosucre.edu.ec\/web\/convenios-de-vinculacion\/\">\n                            <img decoding=\"async\" class=\"\" src=\"https:\/\/tecnologicosucre.edu.ec\/web\/wp-content\/uploads\/2024\/07\/coopera003-jpg-370x200.avif\" width=\"370\" height=\"200\" alt=\"Convenios de vinculacion\" title=\"Convenios de vinculacion\" loading=\"lazy\" \/>                      <\/a>\n                <\/div>\n\n                <div class=\"feature-content\">\n                                        <h4 class=\"heading-color line-24\">\n                        <a target=\"_blank\" href=\"https:\/\/tecnologicosucre.edu.ec\/web\/convenios-de-vinculacion\/\">CONVENIOS DE PROYECTOS DE VINCULACI\u00d3N<\/a>\n                    <\/h4>\n                                    <\/div>\n            <\/div>\n            [\/vc_column][\/vc_row][vc_row][vc_column][vc_empty_space][\/vc_column][\/vc_row]<\/p>\n<\/div>","protected":false},"excerpt":{"rendered":"<p>[vc_row][vc_column][vc_empty_space][\/vc_column][\/vc_row][vc_row][vc_column width=\u00bb1\/3&#8243;][\/vc_column][vc_column width=\u00bb1\/3&#8243;][\/vc_column][vc_column width=\u00bb1\/3&#8243;][\/vc_column][\/vc_row][vc_row][vc_column][vc_empty_space][\/vc_column][\/vc_row]<\/p>\n","protected":false},"author":2,"featured_media":0,"parent":0,"menu_order":0,"comment_status":"closed","ping_status":"closed","template":"","meta":{"_monsterinsights_skip_tracking":false,"_monsterinsights_sitenote_active":false,"_monsterinsights_sitenote_note":"","_monsterinsights_sitenote_category":0,"footnotes":""},"class_list":["post-5629","page","type-page","status-publish","hentry"],"_links":{"self":[{"href":"https:\/\/tecnologicosucre.edu.ec\/web\/wp-json\/wp\/v2\/pages\/5629","targetHints":{"allow":["GET"]}}],"collection":[{"href":"https:\/\/tecnologicosucre.edu.ec\/web\/wp-json\/wp\/v2\/pages"}],"about":[{"href":"https:\/\/tecnologicosucre.edu.ec\/web\/wp-json\/wp\/v2\/types\/page"}],"author":[{"embeddable":true,"href":"https:\/\/tecnologicosucre.edu.ec\/web\/wp-json\/wp\/v2\/users\/2"}],"replies":[{"embeddable":true,"href":"https:\/\/tecnologicosucre.edu.ec\/web\/wp-json\/wp\/v2\/comments?post=5629"}],"version-history":[{"count":2,"href":"https:\/\/tecnologicosucre.edu.ec\/web\/wp-json\/wp\/v2\/pages\/5629\/revisions"}],"predecessor-version":[{"id":9147,"href":"https:\/\/tecnologicosucre.edu.ec\/web\/wp-json\/wp\/v2\/pages\/5629\/revisions\/9147"}],"wp:attachment":[{"href":"https:\/\/tecnologicosucre.edu.ec\/web\/wp-json\/wp\/v2\/media?parent=5629"}],"curies":[{"name":"wp","href":"https:\/\/api.w.org\/{rel}","templated":true}]}}