{"id":5574,"date":"2024-06-28T15:39:18","date_gmt":"2024-06-28T20:39:18","guid":{"rendered":"https:\/\/tecnologicosucre.edu.ec\/?page_id=5574"},"modified":"2025-10-15T16:14:34","modified_gmt":"2025-10-15T21:14:34","slug":"practicas-de-servicio-comunitario","status":"publish","type":"page","link":"https:\/\/tecnologicosucre.edu.ec\/web\/practicas-de-servicio-comunitario\/","title":{"rendered":"Pr\u00e1cticas de Servicio Comunitario"},"content":{"rendered":"<div class=\"wpb-content-wrapper\"><p>[vc_row][vc_column][vc_column_text css=\u00bb\u00bb]<\/p>\n<h3 style=\"text-align: center;\"><span style=\"color: #000000;\"><strong>INICIO DE PR\u00c1CTICAS PRE PROFESIONALES EN PROYECTOS DE VINCULACI\u00d3N<\/strong><\/span><\/h3>\n<p>[\/vc_column_text][vc_empty_space][vc_tta_tabs style=\u00bboutline\u00bb color=\u00bbsky\u00bb active_section=\u00bb1&#8243;][vc_tta_section i_icon_fontawesome=\u00bbfa fa-regular fa-pen-to-square\u00bb add_icon=\u00bbtrue\u00bb title=\u00bbPASO 1&#8243; tab_id=\u00bb1745627521453-a3521d97-bcb1&#8243;][vc_empty_space][vc_column_text css=\u00bb\u00bb]<span style=\"color: #3366ff;\"><strong><i>Los estudiantes para realizar pr\u00e1cticas, considerar m\u00ednimo 4 horas y m\u00e1ximo 6 horas diarias.<\/i><\/strong><\/span><\/p>\n<h4><strong>Presentar al docente representante de pr\u00e1cticas PRE PROFESIONALES de tu carrera:<\/strong><\/h4>\n<ul>\n<li><strong>Solicitud de pr\u00e1cticas pre profesionales en Servicio Comunitario:<\/strong>\u00a0el estudiante solicita por\u00a0<em>correo electr\u00f3nico<\/em>\u00a0al representante de pr\u00e1cticas realizar las pr\u00e1cticas de PSC en el proyecto de vinculaci\u00f3n, cuando el Director le haya indicado. El correo que emite el estudiante debe contener el\u00a0<em>nombre del proyecto, nombre del Director del proyecto, entidad receptora en la cual se ejecutar\u00e1 el proyecto, Nombre del coordinador de proyecto por parte de la entidad receptora, direcci\u00f3n del lugar del proyecto tel\u00e9fono y mail<\/em>. El representante de pr\u00e1cticas autoriza y asigna el\u00a0<em>c\u00f3digo para el oficio, el c\u00f3digo del Check list<\/em>\u00a0y la asignaci\u00f3n del\u00a0<em>tutor acad\u00e9mico<\/em>\u00a0<em>con su respectivo mail<\/em>. Esta informaci\u00f3n el representante de pr\u00e1cticas env\u00eda por correo electr\u00f3nico al estudiante con copia al\u00a0<em>tutor acad\u00e9mico asignado.<\/em><\/li>\n<\/ul>\n<p>[\/vc_column_text][vc_empty_space][vc_column_text css=\u00bb\u00bb]<\/p>\n<ul>\n<li><strong>Oficio de aprobaci\u00f3n de pr\u00e1cticas pre profesionales en PSC y asignaci\u00f3n de tutor acad\u00e9mico<\/strong><em>:\u00a0<\/em>Una vez autorizada la solicitud el estudiante genera el documento del oficio, tomando en cuenta los siguientes par\u00e1metros: colocar el\u00a0<em>c\u00f3digo del oficio<\/em>,\u00a0<em>fecha inicio pr\u00e1cticas pre profesionales, nombre del Coordinador del entidad beneficiaria de ; nombre de estudiante, n\u00famero de c\u00e9dula, semestre y carrera del estudiante; nombre del tutor academico, mail y firma del tutor acad\u00e9mico, C\u00f3digo Check list, n\u00famero de horas de Pr\u00e1cticas Pre Profesionales en Servicio comunitario<\/em>, por \u00faltimo\u00a0<em>firma del tutor acad\u00e9mico<\/em>,\u00a0<em>firma del representante de pr\u00e1cticas y firma, sello del recibido por parte de la entidad receptora donde se ejecutar\u00e1 el proyecto.<\/em><\/li>\n<\/ul>\n<p><strong>\u00a0 \u00a0 \u00a0<span style=\"color: #007cba;\"> \u00a0 <a style=\"color: #007cba;\" href=\"https:\/\/tecnologicosucre.edu.ec\/web\/wp-content\/uploads\/2025\/05\/FORMATO-1_OFI_ASIG_TUT_APELLIDO.docx\">\u00a0FORMATO 1_OFI_ASIG_TUT_APELLIDO_NOMBRE <\/a><\/span><\/strong><\/p>\n<ul>\n<li><strong>\u00a0<\/strong>Al momento de presentar el oficio de aprobaci\u00f3n debe tambi\u00e9n presentar el Plan de aprendizaje pr\u00e1ctico rotacional con la firma del representante de pr\u00e1cticas de cada carrera.<\/li>\n<\/ul>\n<p>[\/vc_column_text][vc_empty_space][vc_column_text css=\u00bb\u00bb]<\/p>\n<ul>\n<li><strong>Plan de Aprendizaje Pr\u00e1ctico Rotacional<\/strong><em>: <\/em>genera el estudiante el documento, debe llenar los <em>datos del estudiante, datos de la empresa, la actividad econ\u00f3mica de la empresa, \u00e1reas de rotaci\u00f3n (m\u00ednimo 2),<\/em> <em>actividades a desarrollar en la empresa<\/em> y comparar las actividades con los resultados de aprendizaje para posterior <em>seleccionar dos asignaturas<\/em>, <em>firma el representante de pr\u00e1cticas pre profesionales<\/em>.<\/li>\n<\/ul>\n<p>[\/vc_column_text][vc_empty_space][vc_column_text css=\u00bb\u00bb]<\/p>\n<h4><span style=\"color: #0075a8;\"><strong>Descargue el formato correspondiente a su carrera<\/strong><\/span><\/h4>\n<p>[\/vc_column_text][vc_empty_space][vc_toggle title=\u00bbFORMATO 2_ PAPR_CARRERA_APELLIDO_NOMBRE\u00bb custom_font_container=\u00bbtag:h4|font_size:14|text_align:center|color:%230075a8&#8243; custom_use_theme_fonts=\u00bbyes\u00bb css=\u00bb\u00bb use_custom_heading=\u00bbtrue\u00bb]<\/p>\n<ol>\n<li><strong><a href=\"https:\/\/tecnologicosucre.edu.ec\/web\/wp-content\/uploads\/2025\/05\/FORMATO-2_PAPR_CONTABILIDAD_APELLIDO_NOMBRE.docx\">CONTABILIDAD<\/a><\/strong><\/li>\n<li><a href=\"https:\/\/tecnologicosucre.edu.ec\/web\/wp-content\/uploads\/2025\/05\/PLAN-DE-APRENDIZAJE-DESARROLLO-INFANTIL-INETGRAL_Firmado-signed-signed.pdf\" target=\"_blank\" rel=\"noopener\"><strong>DESARROLLO INFANTIL INTEGRAL<\/strong><\/a><\/li>\n<li><a href=\"https:\/\/tecnologicosucre.edu.ec\/web\/wp-content\/uploads\/2025\/05\/FORMATO-2_PAPR_DESARROLLO_SOFTWARE_APELLIDO_NOMBRE-1.docx\"><strong>DESARROLLO DE SOFTWARE<\/strong><\/a><\/li>\n<li><strong><a href=\"https:\/\/tecnologicosucre.edu.ec\/web\/wp-content\/uploads\/2025\/05\/PLAN-DE-APRENDIZAJE-EDUCACION-INICIAL-1.xlsx\">EDUCACI\u00d3N INICIAL<\/a><\/strong><\/li>\n<li><a href=\"https:\/\/tecnologicosucre.edu.ec\/web\/wp-content\/uploads\/2025\/05\/FORMATO-2_PAPR_ELECTRICIDAD_APELLIDO_NOMBRE-1.docx\"><strong>ELECTRICIDAD<\/strong><\/a><\/li>\n<li><a href=\"https:\/\/tecnologicosucre.edu.ec\/web\/wp-content\/uploads\/2025\/05\/FORMATO-2_PAPR_ELECTROMECANICA_APELLIDOS_NOMBRES_2025-1.docx\"><strong>ELECTROMEC\u00c1NICA<\/strong><\/a><\/li>\n<li><a href=\"https:\/\/tecnologicosucre.edu.ec\/web\/wp-content\/uploads\/2025\/05\/FORMATO-2_PAPR_ELECTRONICA_APELLIDO_NOMBRE-1.docx\"><strong>ELECTR\u00d3NICA<\/strong><\/a><\/li>\n<li><a href=\"https:\/\/tecnologicosucre.edu.ec\/web\/wp-content\/uploads\/2025\/05\/FORMATO-2_PAPR_FOTOGRAFIA_APELLIDO_NOMBRE-1.docx\"><strong>FOTOGRAF\u00cdA<\/strong><\/a><\/li>\n<li><a href=\"https:\/\/tecnologicosucre.edu.ec\/web\/wp-content\/uploads\/2025\/05\/FORMATO-2_PAPR_GESTION-AMBIENTAL_APELLIDO_NOMBRE-1.docx\"><strong>GESTI\u00d3N AMBIENTAL<\/strong><\/a><\/li>\n<li><a href=\"https:\/\/tecnologicosucre.edu.ec\/web\/wp-content\/uploads\/2025\/05\/FORMATO-2_PAPR_MARKETING_2025-II-1.docx\"><strong>MARKETING<\/strong><\/a><\/li>\n<li><a href=\"https:\/\/tecnologicosucre.edu.ec\/web\/wp-content\/uploads\/2025\/05\/FORMATO-2_PAPR_PROCESAMIENTO_ALIMENTOS_APELLIDO_NOMBRE1-1.docx\"><strong>PROCESAMIENTO DE ALIMENTOS<\/strong><\/a><\/li>\n<li><a href=\"https:\/\/tecnologicosucre.edu.ec\/web\/wp-content\/uploads\/2025\/05\/FORMATO-2_PAPR_PRODUCCION_AUDIOVISUAL_APELLIDO_NOMBRE-1.docx\"><strong>PRODUCCI\u00d3N AUDIOVISUAL<\/strong><\/a><\/li>\n<\/ol>\n<p>[\/vc_toggle][vc_empty_space][\/vc_tta_section][vc_tta_section i_icon_fontawesome=\u00bbfa fa-regular fa-pen-to-square\u00bb add_icon=\u00bbtrue\u00bb title=\u00bbPASO 2&#8243; tab_id=\u00bb1745627521465-ed492e92-1cf5&#8243;][vc_empty_space][vc_column_text css=\u00bb\u00bb]<\/p>\n<h4><strong>FINALIZACI\u00d3N DE PR\u00c1CTICAS PRE PROFESIONALES<\/strong><\/h4>\n<p>Finalizadas las pr\u00e1cticas pre profesionales en PSC el estudiante tiene\u00a0(30)\u00a0<em>treinta d\u00edas<\/em>\u00a0laborables, despu\u00e9s de haberlas culminado para presentar al representante de pr\u00e1cticas de la carrera, todos los documentos con firmas y sellos para validar.<\/p>\n<ul>\n<li><strong>Control asistencia de pr\u00e1cticas pre profesionales:\u00a0<\/strong><em>se reporta los datos del estudiante, nombre de la entidad beneficiaria, nombre del proyecto, periodo acad\u00e9mico, las fechas llenar por mes, hora de entrada, hora de salida, actividades y total de horas,\u00a0<\/em>por tal raz\u00f3n este documento debe llenarlo el estudiante<em>; al final debe firmar el director de proyecto.<\/em><\/li>\n<\/ul>\n<p><strong>\u00a0 \u00a0 \u00a0 \u00a0 \u00a0 <a href=\"https:\/\/tecnologicosucre.edu.ec\/web\/wp-content\/uploads\/2025\/05\/FORMATO-3_-CTR_ASIS_APELLIDO_NOMBRE.docx\">FORMATO 3_ CTR_ASIS_APELLIDO_NOMBRE.<\/a><\/strong><\/p>\n<ul>\n<li><strong>Evaluaci\u00f3n final de Pr\u00e1cticas Pre Profesionales en PSC:<\/strong>\u00a0El estudiante llena el apartado de los\u00a0<em>datos informativos<\/em>\u00a0y<em>\u00a0quien eval\u00faa y firma es el Director del proyecto.\u00a0<\/em>Todos los campos deben estar llenos<em>.<\/em><\/li>\n<\/ul>\n<p><strong>\u00a0 \u00a0 \u00a0 \u00a0 \u00a0 <a href=\"https:\/\/tecnologicosucre.edu.ec\/web\/wp-content\/uploads\/2025\/05\/FORMATO-4_EV_FINAL_APELLIDO_NOMBRE.docx\">FORMATO 4_EV_FINAL_APELLIDO_NOMBRE.<\/a><\/strong><\/p>\n<ul>\n<li><strong>Informe Final de Pr\u00e1cticas Pre Profesionales\/Pasant\u00edas: <\/strong>llenar los <em>datos informativos, objetivos, antecedentes, desarrollo, conclusiones, recomendaciones, participantes y anexos<\/em>, el documento es llenado por el estudiante.<\/li>\n<li>En el\u00a0<em>apartado del\u00a0desarrollo\u00a0<\/em>se verificar\u00e1 la\u00a0<em>inducci\u00f3n<\/em>\u00a0por parte del Docente Director o Colaborador y la\u00a0<em>visita del tutor acad\u00e9mico<\/em>, tomando en consideraci\u00f3n los siguientes par\u00e1metros:\u00a0<em>nombre del estudiante, nombre del delegado de la inducci\u00f3n por parte del Docente Director o Colaborador del proyecto, fecha de la inducci\u00f3n, evidencia fotogr\u00e1fica de la inducci\u00f3n, actividades a desarrollar en el proyecto de vinculaci\u00f3n, normas de seguridad<\/em>, tambi\u00e9n colocar el\u00a0<em>nombre del tutor acad\u00e9mico, fecha de la visita del tutor, evidencia fotogr\u00e1fica de la visita de tutor, observaciones<\/em>.<\/li>\n<li>Se realiza\u00a01\u00a0visita del proceso de pr\u00e1cticas en PSC.<\/li>\n<li>Al final debe\u00a0<em>firmar el representante de pr\u00e1cticas<\/em>\u00a0pre profesionales de cada carrera y el\u00a0<em>coordinador de pr\u00e1cticas de PSC correspondiente al Campus seg\u00fan la carrera<\/em>.<\/li>\n<\/ul>\n<p><strong>\u00a0 \u00a0 \u00a0 \u00a0 \u00a0 <a href=\"https:\/\/tecnologicosucre.edu.ec\/web\/wp-content\/uploads\/2025\/05\/FORMATO-5_INFORME_FINAL_APELLIDO_NOMBRE.docx\">FORMATO 5_INFORME_FINAL_APELLIDO_NOMBRE<\/a><\/strong><\/p>\n<ul>\n<li><strong>Certificado de culminaci\u00f3n de pr\u00e1cticas en PSC:<\/strong>\u00a0<em>El certificado debe tener el formato de la entidad beneficiaria del proyecto de vinculaci\u00f3n, indicando el cumplimiento de las horas del estudiante y las fechas de inicio y fin de las pr\u00e1cticas en PSC, nombres completos y c\u00e9dula del estudiante.<\/em><\/li>\n<li><strong>\u00a0<\/strong><strong>Check list: <\/strong><em>Los documentos deben entregar en el orden del Check list.<\/em><\/li>\n<\/ul>\n<p><strong>\u00a0 \u00a0 \u00a0 \u00a0 \u00a0 \u00a0<a href=\"https:\/\/tecnologicosucre.edu.ec\/web\/wp-content\/uploads\/2025\/05\/FORMATO-7_CHECKLIST_APELLIDO_NOMBRE-1.docx\">FORMATO 7_CHECKLIST_APELLIDO_NOMBRE<\/a><\/strong><\/p>\n<ul>\n<li><strong>\u00a0<\/strong><strong>Escanear los documentos<\/strong><strong> de pr\u00e1cticas con firmas y sellos en formato PDF: <\/strong>El estudiante <em style=\"letter-spacing: 0.05em;\">llena la matriz de control<\/em><span style=\"letter-spacing: 0.05em;\"> y carga el <\/span><em style=\"letter-spacing: 0.05em;\">expediente de pr\u00e1cticas en el driver<\/em><span style=\"letter-spacing: 0.05em;\">, tomando en cuenta el orden del Check list para posterior <\/span>el representante de pr\u00e1cticas de cada carrera pueda subir las horas de pr\u00e1cticas al sistema siga. <span style=\"letter-spacing: 0.05em;\">Considerar el nombre de cada documento<\/span><em style=\"letter-spacing: 0.05em;\">.<\/em><\/li>\n<\/ul>\n<p>[\/vc_column_text][\/vc_tta_section][\/vc_tta_tabs][\/vc_column][\/vc_row]<\/p>\n<\/div>","protected":false},"excerpt":{"rendered":"<p>[vc_row][vc_column][vc_column_text css=\u00bb\u00bb] INICIO DE PR\u00c1CTICAS PRE PROFESIONALES EN PROYECTOS DE VINCULACI\u00d3N [\/vc_column_text][vc_empty_space][vc_tta_tabs style=\u00bboutline\u00bb color=\u00bbsky\u00bb active_section=\u00bb1&#8243;][vc_tta_section i_icon_fontawesome=\u00bbfa fa-regular fa-pen-to-square\u00bb add_icon=\u00bbtrue\u00bb title=\u00bbPASO 1&#8243; tab_id=\u00bb1745627521453-a3521d97-bcb1&#8243;][vc_empty_space][vc_column_text css=\u00bb\u00bb]Los estudiantes para realizar pr\u00e1cticas, considerar m\u00ednimo 4 horas y m\u00e1ximo 6 horas diarias. Presentar al docente representante de pr\u00e1cticas PRE PROFESIONALES de tu carrera: Solicitud de pr\u00e1cticas pre profesionales en Servicio Comunitario:\u00a0el [&hellip;]<\/p>\n","protected":false},"author":2,"featured_media":0,"parent":0,"menu_order":0,"comment_status":"closed","ping_status":"closed","template":"","meta":{"_monsterinsights_skip_tracking":false,"_monsterinsights_sitenote_active":false,"_monsterinsights_sitenote_note":"","_monsterinsights_sitenote_category":0,"footnotes":""},"class_list":["post-5574","page","type-page","status-publish","hentry"],"_links":{"self":[{"href":"https:\/\/tecnologicosucre.edu.ec\/web\/wp-json\/wp\/v2\/pages\/5574","targetHints":{"allow":["GET"]}}],"collection":[{"href":"https:\/\/tecnologicosucre.edu.ec\/web\/wp-json\/wp\/v2\/pages"}],"about":[{"href":"https:\/\/tecnologicosucre.edu.ec\/web\/wp-json\/wp\/v2\/types\/page"}],"author":[{"embeddable":true,"href":"https:\/\/tecnologicosucre.edu.ec\/web\/wp-json\/wp\/v2\/users\/2"}],"replies":[{"embeddable":true,"href":"https:\/\/tecnologicosucre.edu.ec\/web\/wp-json\/wp\/v2\/comments?post=5574"}],"version-history":[{"count":1,"href":"https:\/\/tecnologicosucre.edu.ec\/web\/wp-json\/wp\/v2\/pages\/5574\/revisions"}],"predecessor-version":[{"id":9428,"href":"https:\/\/tecnologicosucre.edu.ec\/web\/wp-json\/wp\/v2\/pages\/5574\/revisions\/9428"}],"wp:attachment":[{"href":"https:\/\/tecnologicosucre.edu.ec\/web\/wp-json\/wp\/v2\/media?parent=5574"}],"curies":[{"name":"wp","href":"https:\/\/api.w.org\/{rel}","templated":true}]}}