{"id":5520,"date":"2024-05-29T16:43:52","date_gmt":"2024-05-29T21:43:52","guid":{"rendered":"https:\/\/tecnologicosucre.edu.ec\/?page_id=5520"},"modified":"2025-09-08T14:43:45","modified_gmt":"2025-09-08T19:43:45","slug":"pagina-de-libros","status":"publish","type":"page","link":"https:\/\/tecnologicosucre.edu.ec\/web\/pagina-de-libros\/","title":{"rendered":"P\u00e1gina de libros"},"content":{"rendered":"<div class=\"wpb-content-wrapper\"><p>[vc_row][vc_column]            <div class=\"heading color-dark text-center \" >\n                                                <h2 class=\"heading-color fs-38\">\n                    P\u00c1GINA DE LIBROS                <\/h2>\n                            <\/div>\n            [vc_empty_space][vc_empty_space][vc_tta_accordion style=\u00bboutline\u00bb color=\u00bbblue\u00bb spacing=\u00bb2&#8243; gap=\u00bb2&#8243; c_icon=\u00bbtriangle\u00bb active_section=\u00bb1&#8243; collapsible_all=\u00bbtrue\u00bb][vc_tta_section title=\u00bbP\u00c1GINA DE LIBROS 2017&#8243; tab_id=\u00bb1714163035564-dd81c21c-8778&#8243;][vc_row_inner][vc_column_inner width=\u00bb1\/3&#8243;]            <div class=\"heading color-dark text-left \" >\n                                                <h2 class=\"heading-color fs-18\">\n                    TEMA:                <\/h2>\n                                <p class=\"fs-14\">\n                    HABILIDADES SOCIALES PARA PADRES Y MADRES \u2013 GU\u00cdA METODOL\u00d3GICA PARA DECE (DEPARTAMENTO DE CONSEJER\u00cdA ESTUDIANTIL)                <\/p>\n                            <\/div>\n            [vc_empty_space][vc_single_image image=\u00bb5528&#8243; img_size=\u00bbmedium\u00bb add_caption=\u00bbyes\u00bb style=\u00bbvc_box_rounded\u00bb css=\u00bb\u00bb][vc_empty_space][vc_column_text css=\u00bb\u00bb]<strong>AUTOR: Ing. Edison Francisco Rivas.<\/strong><br \/>\n<strong>FECHA: Agosto 2017<\/strong><br \/>\n<strong>LINK:<a href=\"https:\/\/www.morebooks.de\/shop-ui\/shop\/product\/978-620-2-23387-3\"> https:\/\/www.morebooks.de\/shop-ui\/<\/a><\/strong><br \/>\n<strong><a href=\"https:\/\/www.morebooks.de\/shop-ui\/shop\/product\/978-620-2-23387-3\">shop\/product\/978-620-2-23387-3<\/a><\/strong>[\/vc_column_text][vc_empty_space][\/vc_column_inner][\/vc_row_inner][\/vc_tta_section][vc_tta_section title=\u00bbP\u00c1GINA DE LIBROS 2020&#8243; tab_id=\u00bb1714170157400-96f1598e-16fe\u00bb][vc_row_inner][vc_column_inner width=\u00bb1\/3&#8243;]            <div class=\"heading color-dark text-left \" >\n                                                <h2 class=\"heading-color fs-18\">\n                    TEMA                <\/h2>\n                                <p class=\"fs-14\">\n                    EL MANEJO DE PISOS ECOL\u00d3GICOS EN LOS ANDES ECUATORIALES                <\/p>\n                            <\/div>\n            [vc_empty_space][vc_single_image image=\u00bb5529&#8243; img_size=\u00bbmedium\u00bb add_caption=\u00bbyes\u00bb style=\u00bbvc_box_rounded\u00bb css=\u00bb\u00bb][vc_empty_space][vc_column_text css=\u00bb\u00bb]<strong>AUTOR: Lic. Freddy Auqui Calle Mg.<\/strong><br \/>\n<strong>FECHA: Febrero 2020<\/strong><br \/>\n<strong>LINK: <a href=\"https:\/\/www.morebooks.shop\/shop-ui\/shop\/product\/978-3-8484-7196-6\">https:\/\/www.morebooks.shop\/shop-ui\/<\/a><\/strong><br \/>\n<strong><a href=\"https:\/\/www.morebooks.shop\/shop-ui\/shop\/product\/978-3-8484-7196-6\">shop\/product\/978-3-8484-7196-6<\/a><\/strong>[\/vc_column_text][\/vc_column_inner][vc_column_inner width=\u00bb1\/3&#8243;]            <div class=\"heading color-dark text-left \" >\n                                                <h2 class=\"heading-color fs-18\">\n                    TEMA                <\/h2>\n                                <p class=\"fs-14\">\n                    AUTOMATIZACI\u00d3N SEGURA AUTOMATISMOS PARA SEGURIDAD DE M\u00c1QUINAS                <\/p>\n                            <\/div>\n            [vc_empty_space][vc_single_image image=\u00bb5530&#8243; img_size=\u00bbmedium\u00bb style=\u00bbvc_box_rounded\u00bb css=\u00bb\u00bb][vc_empty_space][vc_column_text css=\u00bb\u00bb]<strong>AUTOR: Ing. Diego Gonz\u00e1lez M.I.<\/strong><br \/>\n<strong>FECHA: Junio 2020<\/strong><br \/>\n<strong>LINK: <a href=\"https:\/\/www.morebooks.de\/shop-ui\/shop\/product\/978-620-0-40738-2\">https:\/\/www.morebooks.de\/shop-ui\/<\/a><\/strong><br \/>\n<strong><a href=\"https:\/\/www.morebooks.de\/shop-ui\/shop\/product\/978-620-0-40738-2\">shop\/product\/978-620-0-40738-2<\/a><\/strong>[\/vc_column_text][\/vc_column_inner][vc_column_inner width=\u00bb1\/3&#8243;]            <div class=\"heading color-dark text-left \" >\n                                                <h2 class=\"heading-color fs-18\">\n                    TEMA                <\/h2>\n                                <p class=\"fs-14\">\n                    BASES DEL MANTENIMIENTO INDUSTRIAL                <\/p>\n                            <\/div>\n            [vc_empty_space][vc_single_image image=\u00bb5527&#8243; img_size=\u00bbmedium\u00bb style=\u00bbvc_box_rounded\u00bb css=\u00bb\u00bb][vc_empty_space][vc_column_text css=\u00bb\u00bb]<strong>AUTORES: <\/strong><br \/>\n<strong>Ing. Carguachi Jos\u00e9 Bol\u00edvar MSc. <\/strong><br \/>\n<strong>Ing. G\u00f3mez Morales \u00d3scar MSc.<\/strong><br \/>\n<strong>Ing. Yarad J\u00e1come M\u00e9lany Msc. <\/strong><br \/>\n<strong>FECHA: Diciembre 2020<\/strong><br \/>\n<strong>LINK: <a href=\"http:\/\/186.71.28.67\/isbn_site\/catalogo.php?mode=resultados_avanzada&amp;isbn=&amp;titulo=&amp;autor=Carguachi&amp;id_materia=&amp;materia=&amp;idioma=&amp;fecha_aparicion=&amp;id_subtema=\">186.71.28.67<\/a><\/strong>[\/vc_column_text][\/vc_column_inner][\/vc_row_inner][vc_empty_space][\/vc_tta_section][\/vc_tta_accordion][\/vc_column][\/vc_row]<\/p>\n<\/div>","protected":false},"excerpt":{"rendered":"<p>[vc_row][vc_column][vc_empty_space][vc_empty_space][vc_tta_accordion style=\u00bboutline\u00bb color=\u00bbblue\u00bb spacing=\u00bb2&#8243; gap=\u00bb2&#8243; c_icon=\u00bbtriangle\u00bb active_section=\u00bb1&#8243; collapsible_all=\u00bbtrue\u00bb][vc_tta_section title=\u00bbP\u00c1GINA DE LIBROS 2017&#8243; tab_id=\u00bb1714163035564-dd81c21c-8778&#8243;][vc_row_inner][vc_column_inner width=\u00bb1\/3&#8243;][vc_empty_space][vc_single_image image=\u00bb5528&#8243; img_size=\u00bbmedium\u00bb add_caption=\u00bbyes\u00bb style=\u00bbvc_box_rounded\u00bb css=\u00bb\u00bb][vc_empty_space][vc_column_text css=\u00bb\u00bb]AUTOR: Ing. Edison Francisco Rivas. FECHA: Agosto 2017 LINK: https:\/\/www.morebooks.de\/shop-ui\/ shop\/product\/978-620-2-23387-3[\/vc_column_text][vc_empty_space][\/vc_column_inner][\/vc_row_inner][\/vc_tta_section][vc_tta_section title=\u00bbP\u00c1GINA DE LIBROS 2020&#8243; tab_id=\u00bb1714170157400-96f1598e-16fe\u00bb][vc_row_inner][vc_column_inner width=\u00bb1\/3&#8243;][vc_empty_space][vc_single_image image=\u00bb5529&#8243; img_size=\u00bbmedium\u00bb add_caption=\u00bbyes\u00bb style=\u00bbvc_box_rounded\u00bb css=\u00bb\u00bb][vc_empty_space][vc_column_text css=\u00bb\u00bb]AUTOR: Lic. Freddy Auqui Calle Mg. FECHA: Febrero 2020 LINK: https:\/\/www.morebooks.shop\/shop-ui\/ shop\/product\/978-3-8484-7196-6[\/vc_column_text][\/vc_column_inner][vc_column_inner width=\u00bb1\/3&#8243;][vc_empty_space][vc_single_image image=\u00bb5530&#8243; [&hellip;]<\/p>\n","protected":false},"author":2,"featured_media":0,"parent":0,"menu_order":0,"comment_status":"closed","ping_status":"closed","template":"","meta":{"_monsterinsights_skip_tracking":false,"_monsterinsights_sitenote_active":false,"_monsterinsights_sitenote_note":"","_monsterinsights_sitenote_category":0,"footnotes":""},"class_list":["post-5520","page","type-page","status-publish","hentry"],"_links":{"self":[{"href":"https:\/\/tecnologicosucre.edu.ec\/web\/wp-json\/wp\/v2\/pages\/5520","targetHints":{"allow":["GET"]}}],"collection":[{"href":"https:\/\/tecnologicosucre.edu.ec\/web\/wp-json\/wp\/v2\/pages"}],"about":[{"href":"https:\/\/tecnologicosucre.edu.ec\/web\/wp-json\/wp\/v2\/types\/page"}],"author":[{"embeddable":true,"href":"https:\/\/tecnologicosucre.edu.ec\/web\/wp-json\/wp\/v2\/users\/2"}],"replies":[{"embeddable":true,"href":"https:\/\/tecnologicosucre.edu.ec\/web\/wp-json\/wp\/v2\/comments?post=5520"}],"version-history":[{"count":1,"href":"https:\/\/tecnologicosucre.edu.ec\/web\/wp-json\/wp\/v2\/pages\/5520\/revisions"}],"predecessor-version":[{"id":9257,"href":"https:\/\/tecnologicosucre.edu.ec\/web\/wp-json\/wp\/v2\/pages\/5520\/revisions\/9257"}],"wp:attachment":[{"href":"https:\/\/tecnologicosucre.edu.ec\/web\/wp-json\/wp\/v2\/media?parent=5520"}],"curies":[{"name":"wp","href":"https:\/\/api.w.org\/{rel}","templated":true}]}}