{"id":5283,"date":"2024-04-26T14:24:05","date_gmt":"2024-04-26T19:24:05","guid":{"rendered":"https:\/\/tecnologicosucre.edu.ec\/?page_id=5283"},"modified":"2025-09-02T15:07:00","modified_gmt":"2025-09-02T20:07:00","slug":"publicaciones-2","status":"publish","type":"page","link":"https:\/\/tecnologicosucre.edu.ec\/web\/publicaciones-2\/","title":{"rendered":"Publicaciones"},"content":{"rendered":"<div class=\"wpb-content-wrapper\"><p>[vc_row][vc_column]            <div class=\"heading color-dark text-center \" >\n                                                <h2 class=\"heading-color fs-38\">\n                    PUBLICACIONES                <\/h2>\n                            <\/div>\n            [vc_empty_space][vc_column_text css=\u00bb\u00bb]Como evidencia de salida de los proyectos de investigaci\u00f3n: son las publicaciones, las cuales para su difusi\u00f3n masiva tienen que ser anexadas en alguna revista cient\u00edficas que cuente con sus respectivos registros.<\/p>\n<ul>\n<li>Las publicaciones, son el medio de difusi\u00f3n del conocimiento hacia la comunidad<\/li>\n<li>Las publicaciones, se componen de libros, cap\u00edtulos de libros y art\u00edculos publicados en revistas t\u00e9cnicas o cient\u00edficas y otras publicaciones.<\/li>\n<\/ul>\n<p><b>Convocatorias de Proyectos de Investigaci\u00f3n y Desarrollo<\/b><br \/>\n<span style=\"font-weight: 400;\">Anualmente, nuestra Comisi\u00f3n lanza convocatorias para proyectos de investigaci\u00f3n y desarrollo tecnol\u00f3gico. Invitamos a toda la planta docente y estudiantes a participar activamente en la generaci\u00f3n de conocimiento. Este proceso se estructura en fases rigurosas: desde la postulaci\u00f3n y revisi\u00f3n por pares, hasta el seguimiento y la evaluaci\u00f3n final. Fomentamos la creaci\u00f3n de soluciones innovadoras, requiriendo la entrega de un informe final y un art\u00edculo cient\u00edfico. Es una oportunidad para contribuir al avance cient\u00edfico y tecnol\u00f3gico de nuestra instituci\u00f3n.<\/span>[\/vc_column_text][vc_empty_space][\/vc_column][vc_column width=\u00bb1\/3&#8243;]            <div class=\"feature \" >\n                <div class=\"feature-thumb text-center\">\n                     <a target=\"_blank\" href=\"https:\/\/tecnologicosucre.edu.ec\/web\/publicaciones_ritam\/\">\n                            <img decoding=\"async\" class=\"\" src=\"https:\/\/tecnologicosucre.edu.ec\/web\/wp-content\/uploads\/2024\/05\/ritam-370x200.jpg\" width=\"370\" height=\"200\" alt=\"ritam\" title=\"ritam\" loading=\"lazy\" \/>                      <\/a>\n                <\/div>\n\n                <div class=\"feature-content\">\n                                        <h4 class=\"heading-color line-24\">\n                        <a target=\"_blank\" href=\"https:\/\/tecnologicosucre.edu.ec\/web\/publicaciones_ritam\/\">RITAM<\/a>\n                    <\/h4>\n                                        <p>La red RITAM tiene por objeto promover y fomentar la investigaci\u00f3n tecnol\u00f3gica y las artes musicales en el Ecuador y el resto del mundo. Por medio de la difusi\u00f3n de trabajos y proyectos acad\u00e9micos realizados dentro del \u00e1mbito de la investigaci\u00f3n, as\u00ed como evidenciar los resultados en materia de emprendimientos, productos y servicios que se ofertan y socializar experiencias de vinculaci\u00f3n entre los sectores acad\u00e9micos y socio-productivos.<\/p>\n                                    <\/div>\n            <\/div>\n            [vc_empty_space][\/vc_column][vc_column width=\u00bb1\/3&#8243;]            <div class=\"feature \" >\n                <div class=\"feature-thumb text-center\">\n                     <a target=\"_blank\" href=\"https:\/\/tecnologicosucre.edu.ec\/web\/publicaciones_articulos\/\">\n                            <img decoding=\"async\" class=\"\" src=\"https:\/\/tecnologicosucre.edu.ec\/web\/wp-content\/uploads\/2024\/05\/articulos-370x200.jpg\" width=\"370\" height=\"200\" alt=\"articulos\" title=\"articulos\" loading=\"lazy\" \/>                      <\/a>\n                <\/div>\n\n                <div class=\"feature-content\">\n                                        <h4 class=\"heading-color line-24\">\n                        <a target=\"_blank\" href=\"https:\/\/tecnologicosucre.edu.ec\/web\/publicaciones_articulos\/\">ART\u00cdCULOS<\/a>\n                    <\/h4>\n                                        <p>Art\u00edculos en formato digital adecuadamente editorializadas en revistas t\u00e9cnicas o cient\u00edficas con su registro ISSN<\/p>\n                                    <\/div>\n            <\/div>\n            [vc_empty_space][\/vc_column][vc_column width=\u00bb1\/3&#8243;]            <div class=\"feature \" >\n                <div class=\"feature-thumb text-center\">\n                     <a target=\"_blank\" href=\"https:\/\/tecnologicosucre.edu.ec\/web\/capitulos-de-libro\/\">\n                            <img decoding=\"async\" class=\"\" src=\"https:\/\/tecnologicosucre.edu.ec\/web\/wp-content\/uploads\/2024\/05\/clibros-370x200.jpg\" width=\"370\" height=\"200\" alt=\"clibros\" title=\"clibros\" loading=\"lazy\" \/>                      <\/a>\n                <\/div>\n\n                <div class=\"feature-content\">\n                                        <h4 class=\"heading-color line-24\">\n                        <a target=\"_blank\" href=\"https:\/\/tecnologicosucre.edu.ec\/web\/capitulos-de-libro\/\">CAP\u00cdTULOS DE LIBROS<\/a>\n                    <\/h4>\n                                        <p>Cap\u00edtulos de libros en formato digital adecuadamente editorializadas y cumplan con los requisitos de categor\u00eda, la existencia de referencias (autor, a\u00f1o, editorial, ciudad, etc.) y c\u00f3digo ISBN<\/p>\n                                    <\/div>\n            <\/div>\n            [vc_empty_space][\/vc_column][\/vc_row][vc_row][vc_column width=\u00bb1\/3&#8243;]            <div class=\"feature \" >\n                <div class=\"feature-thumb text-center\">\n                     <a target=\"_blank\" href=\"https:\/\/tecnologicosucre.edu.ec\/web\/pagina-de-libros\/\">\n                            <img decoding=\"async\" class=\"\" src=\"https:\/\/tecnologicosucre.edu.ec\/web\/wp-content\/uploads\/2024\/05\/libros-370x200.jpg\" width=\"370\" height=\"200\" alt=\"libros\" title=\"libros\" loading=\"lazy\" \/>                      <\/a>\n                <\/div>\n\n                <div class=\"feature-content\">\n                                        <h4 class=\"heading-color line-24\">\n                        <a target=\"_blank\" href=\"https:\/\/tecnologicosucre.edu.ec\/web\/pagina-de-libros\/\">LIBROS<\/a>\n                    <\/h4>\n                                        <p>Libros en formato digital adecuadamente editorializadas y cumplan con los requisitos de categor\u00eda, la existencia de referencias (autor, a\u00f1o, editorial, ciudad, etc.) y c\u00f3digo ISBN<\/p>\n                                    <\/div>\n            <\/div>\n            [\/vc_column][\/vc_row][vc_row][vc_column][vc_empty_space][\/vc_column][\/vc_row]<\/p>\n<\/div>","protected":false},"excerpt":{"rendered":"<p>[vc_row][vc_column][vc_empty_space][vc_column_text css=\u00bb\u00bb]Como evidencia de salida de los proyectos de investigaci\u00f3n: son las publicaciones, las cuales para su difusi\u00f3n masiva tienen que ser anexadas en alguna revista cient\u00edficas que cuente con sus respectivos registros. Las publicaciones, son el medio de difusi\u00f3n del conocimiento hacia la comunidad Las publicaciones, se componen de libros, cap\u00edtulos de libros y [&hellip;]<\/p>\n","protected":false},"author":2,"featured_media":0,"parent":0,"menu_order":0,"comment_status":"closed","ping_status":"closed","template":"","meta":{"_monsterinsights_skip_tracking":false,"_monsterinsights_sitenote_active":false,"_monsterinsights_sitenote_note":"","_monsterinsights_sitenote_category":0,"footnotes":""},"class_list":["post-5283","page","type-page","status-publish","hentry"],"_links":{"self":[{"href":"https:\/\/tecnologicosucre.edu.ec\/web\/wp-json\/wp\/v2\/pages\/5283","targetHints":{"allow":["GET"]}}],"collection":[{"href":"https:\/\/tecnologicosucre.edu.ec\/web\/wp-json\/wp\/v2\/pages"}],"about":[{"href":"https:\/\/tecnologicosucre.edu.ec\/web\/wp-json\/wp\/v2\/types\/page"}],"author":[{"embeddable":true,"href":"https:\/\/tecnologicosucre.edu.ec\/web\/wp-json\/wp\/v2\/users\/2"}],"replies":[{"embeddable":true,"href":"https:\/\/tecnologicosucre.edu.ec\/web\/wp-json\/wp\/v2\/comments?post=5283"}],"version-history":[{"count":3,"href":"https:\/\/tecnologicosucre.edu.ec\/web\/wp-json\/wp\/v2\/pages\/5283\/revisions"}],"predecessor-version":[{"id":9215,"href":"https:\/\/tecnologicosucre.edu.ec\/web\/wp-json\/wp\/v2\/pages\/5283\/revisions\/9215"}],"wp:attachment":[{"href":"https:\/\/tecnologicosucre.edu.ec\/web\/wp-json\/wp\/v2\/media?parent=5283"}],"curies":[{"name":"wp","href":"https:\/\/api.w.org\/{rel}","templated":true}]}}