{"id":4220,"date":"2023-10-27T15:49:48","date_gmt":"2023-10-27T20:49:48","guid":{"rendered":"https:\/\/page.estudiantesucre.edu.ec\/?page_id=4220"},"modified":"2025-09-08T14:01:15","modified_gmt":"2025-09-08T19:01:15","slug":"proyectos","status":"publish","type":"page","link":"https:\/\/tecnologicosucre.edu.ec\/web\/proyectos\/","title":{"rendered":"Proyectos"},"content":{"rendered":"<div class=\"wpb-content-wrapper\"><p>[vc_row][vc_column]            <div class=\"heading color-dark text-center \" >\n                                    <span class=\"s-color\"><i class=\"fa fa-star\"><\/i><\/span>\n                                                <h2 class=\"heading-color fs-38\">\n                    INVESTIGACI\u00d3N, DESARROLLO TECNOL\u00d3GICO E INNOVACI\u00d3N                <\/h2>\n                            <\/div>\n            [\/vc_column][vc_column][vc_empty_space height=\u00bb64px\u00bb][\/vc_column][\/vc_row][vc_row][vc_column width=\u00bb2\/3&#8243;][vc_column_text]<\/p>\n<h3>PARTICIPACI\u00d3N DE LOS ESTUDIANTES EN LAS PRODUCCIONES T\u00c9CNICAS<\/h3>\n<p>Es de gran importancia la formaci\u00f3n de los estudiantes en el campo de la investigaci\u00f3n, por tal motivo los docentes del Instituto Superior Tecnol\u00f3gico SUCRE, tienen la labor de trabajar progresivamente con los de estudiantes, y llevarlos desde la base de la producci\u00f3n t\u00e9cnica hacia el nivel de dominio de la producci\u00f3n cient\u00edfica.<\/p>\n<p>Con esto, se busca la generaci\u00f3n de conocimiento con mayores oportunidades de aplicaci\u00f3n directa a los problemas de la sociedad o el sector productivo y por lo tanto, para esta instituci\u00f3n resulta fundamental profundizar en los hallazgos tecnol\u00f3gicos de la investigaci\u00f3n b\u00e1sica que si bien se fundamentan desde el manejo te\u00f3rico de los docentes, los estudiantes son el enlace entre la teor\u00eda y el producto.<\/p>\n<p>Durante el per\u00edodo 2019, se realizaron producciones t\u00e9cnicas alienadas a los proyectos de los grupos de investigaci\u00f3n, con ello, los estudiantes de las diferentes carreras realizan proyectos, prototipos, experimentos y ensayos bajo la direcci\u00f3n de un docente tutor.<\/p>\n<p>Para respaldar la realizaci\u00f3n y el nivel de la producci\u00f3n t\u00e9cnica, la instituci\u00f3n cuenta con ciertos requisitos solicitados por la Coordinaci\u00f3n de Investigaci\u00f3n tales como:<\/p>\n<p><strong>Apoyo institucional:<\/strong> Por parte del docente de la asignatura, solicita a la autoridad pertinente, como son: el Vicerrector Acad\u00e9mico o los coordinadores de cada carrera, la aprobaci\u00f3n del tema de la producci\u00f3n t\u00e9cnica a desarrollar con los estudiantes.<\/p>\n<p>En la solicitud se detalla:<\/p>\n<blockquote>\n<ul>\n<li>El apoyo institucional con tiempo y equipos que cuenten los laboratorios de la instituci\u00f3n<\/li>\n<li>El o los docentes que van a realizar la producci\u00f3n t\u00e9cnica<\/li>\n<li>El Tema de la producci\u00f3n t\u00e9cnica<\/li>\n<\/ul>\n<\/blockquote>\n<p><strong>\u00a0La evidencia de la producci\u00f3n t\u00e9cnica:<\/strong> Despu\u00e9s de realizar el proyecto y haber obtenido resultados se solicita al grupo de 2Aestudiantes la elaboraci\u00f3n de un documento tipo paper para la presentaci\u00f3n del proyecto.<\/p>\n<p><strong>Socializaci\u00f3n:<\/strong> Se convocar a jornadas tecnol\u00f3gicas o presentaci\u00f3n de proyectos en la instituci\u00f3n u otras instituciones externas, con su debido registro de asistencia.<\/p>\n<p><strong>Premio recibidos:<\/strong> Si la producci\u00f3n t\u00e9cnica es relevante se brindar\u00e1 todo el apoyo institucional para su divulgaci\u00f3n en espacios acad\u00e9micos de alto nivel Producciones T\u00e9cnicas realizadas en el periodo 2019, por parte de las diferentes carreras del Instituto[\/vc_column_text][\/vc_column][vc_column width=\u00bb1\/3&#8243;][vc_images_carousel images=\u00bb4224&#8243; img_size=\u00bb350&#215;350&#8243;][\/vc_column][vc_column][vc_empty_space][vc_empty_space][vc_row_inner][vc_column_inner][vc_column_text]<\/p>\n<h3>GRUPOS DE INVESTIGACI\u00d3N<\/h3>\n<p>Los grupos de investigaci\u00f3n son equipos multidisciplinarios, integrados por docentes de distintas carreras, bajo la direcci\u00f3n de uno de ellos, se organizan para desarrollar de forma coordinada y continua las tareas de investigaci\u00f3n y cuya colaboraci\u00f3n permita cumplir con los objetivos planteados en el tema de investigaci\u00f3n.[\/vc_column_text][vc_empty_space][vc_empty_space][\/vc_column_inner][\/vc_row_inner][\/vc_column][\/vc_row][vc_row][vc_column width=\u00bb1\/4&#8243;]            <div class=\"feature \" >\n                <div class=\"feature-thumb text-center\">\n                     <a target=\"_self\" href=\"https:\/\/tecnologicosucre.edu.ec\/web\/grupos-de-investigacion-2019\/\">\n                            <img decoding=\"async\" class=\"\" src=\"https:\/\/tecnologicosucre.edu.ec\/web\/wp-content\/uploads\/2023\/11\/2019-370x200.jpg\" width=\"370\" height=\"200\" alt=\"2019\" title=\"2019\" loading=\"lazy\" \/>                      <\/a>\n                <\/div>\n\n                <div class=\"feature-content\">\n                                        <h4 class=\"heading-color line-24\">\n                        <a target=\"_self\" href=\"https:\/\/tecnologicosucre.edu.ec\/web\/grupos-de-investigacion-2019\/\">GRUPOS DE INVESTIGACI\u00d3N 2019<\/a>\n                    <\/h4>\n                                    <\/div>\n            <\/div>\n            [vc_empty_space][\/vc_column][vc_column width=\u00bb1\/4&#8243;]            <div class=\"feature \" >\n                <div class=\"feature-thumb text-center\">\n                     <a target=\"_self\" href=\"https:\/\/tecnologicosucre.edu.ec\/web\/grupos-de-investigacion-2020\/\">\n                            <img decoding=\"async\" class=\"\" src=\"https:\/\/tecnologicosucre.edu.ec\/web\/wp-content\/uploads\/2023\/11\/2020-370x200.jpg\" width=\"370\" height=\"200\" alt=\"2020\" title=\"2020\" loading=\"lazy\" \/>                      <\/a>\n                <\/div>\n\n                <div class=\"feature-content\">\n                                        <h4 class=\"heading-color line-24\">\n                        <a target=\"_self\" href=\"https:\/\/tecnologicosucre.edu.ec\/web\/grupos-de-investigacion-2020\/\">GRUPOS DE INVESTIGACI\u00d3N 2020<\/a>\n                    <\/h4>\n                                    <\/div>\n            <\/div>\n            [vc_empty_space][\/vc_column][vc_column width=\u00bb1\/4&#8243;]            <div class=\"feature \" >\n                <div class=\"feature-thumb text-center\">\n                     <a target=\"_self\" href=\"https:\/\/tecnologicosucre.edu.ec\/web\/grupos-de-investigacion-2021\/\">\n                            <img decoding=\"async\" class=\"\" src=\"https:\/\/tecnologicosucre.edu.ec\/web\/wp-content\/uploads\/2023\/11\/2021-370x200.jpg\" width=\"370\" height=\"200\" alt=\"2021\" title=\"2021\" loading=\"lazy\" \/>                      <\/a>\n                <\/div>\n\n                <div class=\"feature-content\">\n                                        <h4 class=\"heading-color line-24\">\n                        <a target=\"_self\" href=\"https:\/\/tecnologicosucre.edu.ec\/web\/grupos-de-investigacion-2021\/\">GRUPOS DE INVESTIGACI\u00d3N 2021<\/a>\n                    <\/h4>\n                                    <\/div>\n            <\/div>\n            [vc_empty_space][\/vc_column][vc_column width=\u00bb1\/4&#8243;]            <div class=\"feature \" >\n                <div class=\"feature-thumb text-center\">\n                     <a target=\"_self\" href=\"https:\/\/tecnologicosucre.edu.ec\/web\/grupos-de-investigacion-2022\/\">\n                            <img decoding=\"async\" class=\"\" src=\"https:\/\/tecnologicosucre.edu.ec\/web\/wp-content\/uploads\/2023\/11\/2022-370x200.jpg\" width=\"370\" height=\"200\" alt=\"2022\" title=\"2022\" loading=\"lazy\" \/>                      <\/a>\n                <\/div>\n\n                <div class=\"feature-content\">\n                                        <h4 class=\"heading-color line-24\">\n                        <a target=\"_self\" href=\"https:\/\/tecnologicosucre.edu.ec\/web\/grupos-de-investigacion-2022\/\">GRUPOS DE INVESTIGACI\u00d3N 2022<\/a>\n                    <\/h4>\n                                    <\/div>\n            <\/div>\n            [vc_empty_space][\/vc_column][vc_column][vc_row_inner][vc_column_inner width=\u00bb1\/4&#8243;]            <div class=\"feature \" >\n                <div class=\"feature-thumb text-center\">\n                     <a target=\"_self\" href=\"https:\/\/tecnologicosucre.edu.ec\/web\/grupos-investigacion-2023\/\">\n                            <img decoding=\"async\" class=\"\" src=\"https:\/\/tecnologicosucre.edu.ec\/web\/wp-content\/uploads\/2024\/08\/G2023-jpg-370x200.avif\" width=\"370\" height=\"200\" alt=\"G2023\" title=\"G2023\" loading=\"lazy\" \/>                      <\/a>\n                <\/div>\n\n                <div class=\"feature-content\">\n                                        <h4 class=\"heading-color line-24\">\n                        <a target=\"_self\" href=\"https:\/\/tecnologicosucre.edu.ec\/web\/grupos-investigacion-2023\/\">GRUPOS DE INVESTIGACI\u00d3N 2023<\/a>\n                    <\/h4>\n                                    <\/div>\n            <\/div>\n            [\/vc_column_inner][vc_column_inner width=\u00bb1\/4&#8243;]            <div class=\"feature \" >\n                <div class=\"feature-thumb text-center\">\n                     <a target=\"_self\" href=\"https:\/\/tecnologicosucre.edu.ec\/web\/grupos-investigacion-2024\/\">\n                            <img decoding=\"async\" class=\"\" src=\"https:\/\/tecnologicosucre.edu.ec\/web\/wp-content\/uploads\/2025\/09\/G2024-370x200.jpg\" width=\"370\" height=\"200\" alt=\"G2024\" title=\"G2024\" loading=\"lazy\" \/>                      <\/a>\n                <\/div>\n\n                <div class=\"feature-content\">\n                                        <h4 class=\"heading-color line-24\">\n                        <a target=\"_self\" href=\"https:\/\/tecnologicosucre.edu.ec\/web\/grupos-investigacion-2024\/\">GRUPOS DE INVESTIGACI\u00d3N 2024<\/a>\n                    <\/h4>\n                                    <\/div>\n            <\/div>\n            [\/vc_column_inner][vc_column_inner width=\u00bb1\/4&#8243;][\/vc_column_inner][vc_column_inner width=\u00bb1\/4&#8243;][\/vc_column_inner][\/vc_row_inner][vc_empty_space height=\u00bb80px\u00bb][\/vc_column][\/vc_row]<\/p>\n<\/div>","protected":false},"excerpt":{"rendered":"<p>[vc_row][vc_column][\/vc_column][vc_column][vc_empty_space height=\u00bb64px\u00bb][\/vc_column][\/vc_row][vc_row][vc_column width=\u00bb2\/3&#8243;][vc_column_text] PARTICIPACI\u00d3N DE LOS ESTUDIANTES EN LAS PRODUCCIONES T\u00c9CNICAS Es de gran importancia la formaci\u00f3n de los estudiantes en el campo de la investigaci\u00f3n, por tal motivo los docentes del Instituto Superior Tecnol\u00f3gico SUCRE, tienen la labor de trabajar progresivamente con los de estudiantes, y llevarlos desde la base de la producci\u00f3n t\u00e9cnica [&hellip;]<\/p>\n","protected":false},"author":2,"featured_media":0,"parent":0,"menu_order":0,"comment_status":"closed","ping_status":"closed","template":"","meta":{"_monsterinsights_skip_tracking":false,"_monsterinsights_sitenote_active":false,"_monsterinsights_sitenote_note":"","_monsterinsights_sitenote_category":0,"footnotes":""},"class_list":["post-4220","page","type-page","status-publish","hentry"],"_links":{"self":[{"href":"https:\/\/tecnologicosucre.edu.ec\/web\/wp-json\/wp\/v2\/pages\/4220","targetHints":{"allow":["GET"]}}],"collection":[{"href":"https:\/\/tecnologicosucre.edu.ec\/web\/wp-json\/wp\/v2\/pages"}],"about":[{"href":"https:\/\/tecnologicosucre.edu.ec\/web\/wp-json\/wp\/v2\/types\/page"}],"author":[{"embeddable":true,"href":"https:\/\/tecnologicosucre.edu.ec\/web\/wp-json\/wp\/v2\/users\/2"}],"replies":[{"embeddable":true,"href":"https:\/\/tecnologicosucre.edu.ec\/web\/wp-json\/wp\/v2\/comments?post=4220"}],"version-history":[{"count":2,"href":"https:\/\/tecnologicosucre.edu.ec\/web\/wp-json\/wp\/v2\/pages\/4220\/revisions"}],"predecessor-version":[{"id":9248,"href":"https:\/\/tecnologicosucre.edu.ec\/web\/wp-json\/wp\/v2\/pages\/4220\/revisions\/9248"}],"wp:attachment":[{"href":"https:\/\/tecnologicosucre.edu.ec\/web\/wp-json\/wp\/v2\/media?parent=4220"}],"curies":[{"name":"wp","href":"https:\/\/api.w.org\/{rel}","templated":true}]}}