{"id":4211,"date":"2023-10-27T14:47:12","date_gmt":"2023-10-27T19:47:12","guid":{"rendered":"https:\/\/page.estudiantesucre.edu.ec\/?page_id=4211"},"modified":"2025-09-24T21:56:30","modified_gmt":"2025-09-25T02:56:30","slug":"investigacion-docencia","status":"publish","type":"page","link":"https:\/\/tecnologicosucre.edu.ec\/web\/investigacion-docencia\/","title":{"rendered":"Investigaci\u00f3n"},"content":{"rendered":"<div class=\"wpb-content-wrapper\"><p>[vc_row][vc_column][vc_column_text css=\u00bb\u00bb]<span style=\"font-weight: 400;\">Bienvenidos a la Comisi\u00f3n de Investigaci\u00f3n, Desarrollo Tecnol\u00f3gico e Innovaci\u00f3n de nuestro Instituto Superior Universitario Sucre. En el coraz\u00f3n de nuestra misi\u00f3n, nos dedicamos con pasi\u00f3n a ser el motor del conocimiento y la innovaci\u00f3n. Cada a\u00f1o, convocamos a nuestra valiosa planta docente y estudiantes a unirse a la generaci\u00f3n de ciencia. Impulsamos proyectos de investigaci\u00f3n y desarrollo que buscan soluciones a diversas problem\u00e1ticas del pa\u00eds. <\/span><\/p>\n<p><span style=\"font-weight: 400;\">Nuestras l\u00edneas de investigaci\u00f3n gu\u00edan esfuerzos alineados con las necesidades acad\u00e9micas y sociales. Fomentamos la publicaci\u00f3n de art\u00edculos cient\u00edficos, compartiendo hallazgos para el avance del conocimiento. La innovaci\u00f3n es un pilar fundamental, impulsando el progreso y la mejora continua en la educaci\u00f3n superior. Con un compromiso inquebrantable, fortalecemos la cultura cient\u00edfica y el prestigio de nuestra instituci\u00f3n. Les invitamos a participar activamente en esta construcci\u00f3n de futuro y el progreso de la sociedad. Juntos, avanzamos en la ciencia y tecnolog\u00eda.<\/span>[\/vc_column_text][\/vc_column][vc_column][vc_empty_space][\/vc_column][\/vc_row][vc_row][vc_column width=\u00bb1\/3&#8243;]            <div class=\"feature \" >\n                <div class=\"feature-thumb text-center\">\n                     <a target=\"_blank\" href=\"https:\/\/tecnologicosucre.edu.ec\/web\/wp-content\/uploads\/2024\/09\/Reglamento_Investigacion_ISU.pdf\">\n                            <img decoding=\"async\" class=\"\" src=\"https:\/\/tecnologicosucre.edu.ec\/web\/wp-content\/uploads\/2023\/10\/reglamento-370x200.jpg\" width=\"370\" height=\"200\" alt=\"reglamento\" title=\"reglamento\" loading=\"lazy\" \/>                      <\/a>\n                <\/div>\n\n                <div class=\"feature-content\">\n                                        <h4 class=\"heading-color line-24\">\n                        <a target=\"_blank\" href=\"https:\/\/tecnologicosucre.edu.ec\/web\/wp-content\/uploads\/2024\/09\/Reglamento_Investigacion_ISU.pdf\">Reglamento de investigaci\u00f3n<\/a>\n                    <\/h4>\n                                    <\/div>\n            <\/div>\n            [\/vc_column][vc_column width=\u00bb1\/3&#8243;]            <div class=\"feature \" >\n                <div class=\"feature-thumb text-center\">\n                     <a target=\"_blank\" href=\"https:\/\/tecnologicosucre.edu.ec\/web\/lineas-de-investigacion\/\">\n                            <img decoding=\"async\" class=\"\" src=\"https:\/\/tecnologicosucre.edu.ec\/web\/wp-content\/uploads\/2023\/10\/Lineas-370x200.jpg\" width=\"370\" height=\"200\" alt=\"Lineas\" title=\"Lineas\" loading=\"lazy\" \/>                      <\/a>\n                <\/div>\n\n                <div class=\"feature-content\">\n                                        <h4 class=\"heading-color line-24\">\n                        <a target=\"_blank\" href=\"https:\/\/tecnologicosucre.edu.ec\/web\/lineas-de-investigacion\/\">L\u00edneas de investigaci\u00f3n<\/a>\n                    <\/h4>\n                                    <\/div>\n            <\/div>\n            [\/vc_column][vc_column width=\u00bb1\/3&#8243;]            <div class=\"feature \" >\n                <div class=\"feature-thumb text-center\">\n                     <a target=\"_blank\" href=\"https:\/\/sucrereview.tecnologicosucre.edu.ec\/\">\n                            <img decoding=\"async\" class=\"\" src=\"https:\/\/tecnologicosucre.edu.ec\/web\/wp-content\/uploads\/2023\/10\/revista-370x200.jpg\" width=\"370\" height=\"200\" alt=\"revista\" title=\"revista\" loading=\"lazy\" \/>                      <\/a>\n                <\/div>\n\n                <div class=\"feature-content\">\n                                        <h4 class=\"heading-color line-24\">\n                        <a target=\"_blank\" href=\"https:\/\/sucrereview.tecnologicosucre.edu.ec\/\">Revista sucre review<\/a>\n                    <\/h4>\n                                    <\/div>\n            <\/div>\n            [\/vc_column][vc_column][vc_empty_space][\/vc_column][\/vc_row][vc_row][vc_column width=\u00bb1\/3&#8243;]            <div class=\"feature \" >\n                <div class=\"feature-thumb text-center\">\n                     <a target=\"_self\" href=\"https:\/\/tecnologicosucre.edu.ec\/web\/innovacion\/\">\n                            <img decoding=\"async\" class=\"\" src=\"https:\/\/tecnologicosucre.edu.ec\/web\/wp-content\/uploads\/2024\/04\/INNOVACION-370x200.jpg\" width=\"370\" height=\"200\" alt=\"INNOVACION\" title=\"INNOVACION\" loading=\"lazy\" \/>                      <\/a>\n                <\/div>\n\n                <div class=\"feature-content\">\n                                        <h4 class=\"heading-color line-24\">\n                        <a target=\"_self\" href=\"https:\/\/tecnologicosucre.edu.ec\/web\/innovacion\/\">Innovacion<\/a>\n                    <\/h4>\n                                    <\/div>\n            <\/div>\n            [\/vc_column][vc_column width=\u00bb1\/3&#8243;]            <div class=\"feature \" >\n                <div class=\"feature-thumb text-center\">\n                     <a target=\"_blank\" href=\"https:\/\/tecnologicosucre.edu.ec\/web\/proyectos\/\">\n                            <img decoding=\"async\" class=\"\" src=\"https:\/\/tecnologicosucre.edu.ec\/web\/wp-content\/uploads\/2023\/10\/proyectos-370x200.jpg\" width=\"370\" height=\"200\" alt=\"proyectos\" title=\"proyectos\" loading=\"lazy\" \/>                      <\/a>\n                <\/div>\n\n                <div class=\"feature-content\">\n                                        <h4 class=\"heading-color line-24\">\n                        <a target=\"_blank\" href=\"https:\/\/tecnologicosucre.edu.ec\/web\/proyectos\/\">Proyectos<\/a>\n                    <\/h4>\n                                    <\/div>\n            <\/div>\n            [\/vc_column][vc_column width=\u00bb1\/3&#8243;]            <div class=\"feature \" >\n                <div class=\"feature-thumb text-center\">\n                     <a target=\"_blank\" href=\"https:\/\/tecnologicosucre.edu.ec\/web\/publicaciones-2\/\">\n                            <img decoding=\"async\" class=\"\" src=\"https:\/\/tecnologicosucre.edu.ec\/web\/wp-content\/uploads\/2023\/10\/publicaciones-370x200.jpg\" width=\"370\" height=\"200\" alt=\"publicaciones\" title=\"publicaciones\" loading=\"lazy\" \/>                      <\/a>\n                <\/div>\n\n                <div class=\"feature-content\">\n                                        <h4 class=\"heading-color line-24\">\n                        <a target=\"_blank\" href=\"https:\/\/tecnologicosucre.edu.ec\/web\/publicaciones-2\/\">Publicaciones<\/a>\n                    <\/h4>\n                                    <\/div>\n            <\/div>\n            [\/vc_column][vc_column][vc_empty_space][\/vc_column][\/vc_row][vc_row][vc_column width=\u00bb1\/3&#8243;]            <div class=\"feature \" >\n                <div class=\"feature-thumb text-center\">\n                     <a target=\"_self\" href=\"https:\/\/tecnologicosucre.edu.ec\/web\/guias-de-estudio\/\">\n                            <img decoding=\"async\" class=\"\" src=\"https:\/\/tecnologicosucre.edu.ec\/web\/wp-content\/uploads\/2024\/09\/guias-scaled-370x200.jpg\" width=\"370\" height=\"200\" alt=\"guias\" title=\"guias\" loading=\"lazy\" \/>                      <\/a>\n                <\/div>\n\n                <div class=\"feature-content\">\n                                        <h4 class=\"heading-color line-24\">\n                        <a target=\"_self\" href=\"https:\/\/tecnologicosucre.edu.ec\/web\/guias-de-estudio\/\">Gu\u00edas de Estudio<\/a>\n                    <\/h4>\n                                    <\/div>\n            <\/div>\n            [\/vc_column][vc_column width=\u00bb1\/3&#8243;][\/vc_column][vc_column width=\u00bb1\/3&#8243;][\/vc_column][vc_column][vc_empty_space][\/vc_column][\/vc_row][vc_row][vc_column][vc_empty_space][\/vc_column][\/vc_row]<\/p>\n<\/div>","protected":false},"excerpt":{"rendered":"<p>[vc_row][vc_column][vc_column_text css=\u00bb\u00bb]Bienvenidos a la Comisi\u00f3n de Investigaci\u00f3n, Desarrollo Tecnol\u00f3gico e Innovaci\u00f3n de nuestro Instituto Superior Universitario Sucre. En el coraz\u00f3n de nuestra misi\u00f3n, nos dedicamos con pasi\u00f3n a ser el motor del conocimiento y la innovaci\u00f3n. Cada a\u00f1o, convocamos a nuestra valiosa planta docente y estudiantes a unirse a la generaci\u00f3n de ciencia. Impulsamos proyectos [&hellip;]<\/p>\n","protected":false},"author":2,"featured_media":0,"parent":0,"menu_order":0,"comment_status":"closed","ping_status":"closed","template":"","meta":{"_monsterinsights_skip_tracking":false,"_monsterinsights_sitenote_active":false,"_monsterinsights_sitenote_note":"","_monsterinsights_sitenote_category":0,"footnotes":""},"class_list":["post-4211","page","type-page","status-publish","hentry"],"_links":{"self":[{"href":"https:\/\/tecnologicosucre.edu.ec\/web\/wp-json\/wp\/v2\/pages\/4211","targetHints":{"allow":["GET"]}}],"collection":[{"href":"https:\/\/tecnologicosucre.edu.ec\/web\/wp-json\/wp\/v2\/pages"}],"about":[{"href":"https:\/\/tecnologicosucre.edu.ec\/web\/wp-json\/wp\/v2\/types\/page"}],"author":[{"embeddable":true,"href":"https:\/\/tecnologicosucre.edu.ec\/web\/wp-json\/wp\/v2\/users\/2"}],"replies":[{"embeddable":true,"href":"https:\/\/tecnologicosucre.edu.ec\/web\/wp-json\/wp\/v2\/comments?post=4211"}],"version-history":[{"count":1,"href":"https:\/\/tecnologicosucre.edu.ec\/web\/wp-json\/wp\/v2\/pages\/4211\/revisions"}],"predecessor-version":[{"id":9211,"href":"https:\/\/tecnologicosucre.edu.ec\/web\/wp-json\/wp\/v2\/pages\/4211\/revisions\/9211"}],"wp:attachment":[{"href":"https:\/\/tecnologicosucre.edu.ec\/web\/wp-json\/wp\/v2\/media?parent=4211"}],"curies":[{"name":"wp","href":"https:\/\/api.w.org\/{rel}","templated":true}]}}