{"id":3394,"date":"2023-09-04T14:25:38","date_gmt":"2023-09-04T19:25:38","guid":{"rendered":"http:\/\/page.estudiantesucre.edu.ec\/?page_id=3394"},"modified":"2026-03-19T21:42:19","modified_gmt":"2026-03-20T02:42:19","slug":"postulate","status":"publish","type":"page","link":"https:\/\/tecnologicosucre.edu.ec\/web\/postulate\/","title":{"rendered":"Post\u00falate"},"content":{"rendered":"<div class=\"wpb-content-wrapper\"><p>[vc_row][vc_column]            <div class=\"heading color-dark text-center \" >\n                                                <h2 class=\"heading-color fs-38\">\n                    ETAPAS DE ADMISI\u00d3N 2026                <\/h2>\n                            <\/div>\n            [vc_empty_space][vc_column_text css=\u00bb\u00bb]<\/p>\n<h3><strong>Para estudiar en el Sucre debes seguir las etapas del Proceso de Acceso a Institutos Tecnol\u00f3gicos y Conservatorios Superiores P\u00fablicos.<\/strong><\/h3>\n<p>[\/vc_column_text][vc_empty_space][\/vc_column][\/vc_row][vc_row][vc_column][vc_empty_space][\/vc_column][\/vc_row][vc_row][vc_column width=\u00bb1\/4&#8243;]            <div class=\"heading color-dark text-center \" >\n                                                <h2 class=\"heading-color fs-38\">\n                    ETAPA 1                <\/h2>\n                            <\/div>\n            [vc_hoverbox image=\u00bb3578&#8243; primary_title=\u00bb\u00bb hover_title=\u00bb\u00bb hover_background_color=\u00bbpeacoc\u00bb hover_btn_title=\u00bbRegistro Nacional\u00bb hover_btn_color=\u00bbprimary\u00bb hover_btn_align=\u00bbcenter\u00bb hover_btn_i_icon_fontawesome=\u00bbfas fa-edit\u00bb hover_add_button=\u00bbtrue\u00bb hover_btn_add_icon=\u00bbtrue\u00bb hover_btn_link=\u00bburl:https%3A%2F%2Fwww.registrounicoedusup.gob.ec%2F|title:Registro%20Nacional|target:_blank\u00bb]<\/p>\n<h4><span style=\"color: #000000;\">Ingresa tus datos en el Registro Nacional deL MINEDEC.<\/span><br \/>\n<span style=\"color: #000000;\">Recuerda que esta etapa es OBLIGATORIA para iniciar tu proceso de admisi\u00f3n<\/span><\/h4>\n<p>[\/vc_hoverbox][\/vc_column][vc_column width=\u00bb1\/4&#8243;]            <div class=\"heading color-dark text-center \" >\n                                                <h2 class=\"heading-color fs-38\">\n                    ETAPA 2                <\/h2>\n                            <\/div>\n            [vc_hoverbox image=\u00bb3579&#8243; primary_title=\u00bb\u00bb hover_title=\u00bb\u00bb hover_background_color=\u00bbpeacoc\u00bb hover_btn_title=\u00bbRegistro \u00danico\u00bb hover_btn_color=\u00bbprimary\u00bb hover_btn_i_icon_fontawesome=\u00bbfas fa-edit\u00bb hover_add_button=\u00bbtrue\u00bb hover_btn_add_icon=\u00bbtrue\u00bb hover_btn_link=\u00bburl:https%3A%2F%2Fwww.registrounicoedusup.gob.ec%2F|title:Registro%20%C3%9Anico|target:_blank\u00bb]<\/p>\n<h4><span style=\"color: #000000;\">Para estudiar en el Sucre debes seleccionar la opci\u00f3n Institutos y Conservatorios Publicos EN LA PLATAFORMA DEl minedec<\/span><\/h4>\n<p>[\/vc_hoverbox][\/vc_column][vc_column width=\u00bb1\/4&#8243;]            <div class=\"heading color-dark text-center \" >\n                                                <h2 class=\"heading-color fs-38\">\n                    ETAPA 3                <\/h2>\n                            <\/div>\n            [vc_hoverbox image=\u00bb3580&#8243; primary_title=\u00bb\u00bb hover_title=\u00bb\u00bb hover_background_color=\u00bbpeacoc\u00bb hover_btn_title=\u00bbREVISAR\u00bb hover_btn_color=\u00bbprimary\u00bb hover_btn_i_icon_fontawesome=\u00bbfas fa-edit\u00bb hover_add_button=\u00bbtrue\u00bb hover_btn_add_icon=\u00bbtrue\u00bb hover_btn_link=\u00bburl:https%3A%2F%2Fwww.registrounicoedusup.gob.ec%2F\u00bb]<\/p>\n<h5><span style=\"color: #000000;\">Debes rendir el ex\u00e1men del MINEDEC<\/span><br \/>\n<span style=\"color: #000000;\">Da clic en el bot\u00f3n y verifica tu sede y horario (El MINEDEC es el organismo encargado de emitir fechas de ex\u00e1men)<\/span><\/h5>\n<p>[\/vc_hoverbox][\/vc_column][vc_column width=\u00bb1\/4&#8243;]            <div class=\"heading color-dark text-center \" >\n                                                <h2 class=\"heading-color fs-38\">\n                    ETAPA 4                <\/h2>\n                            <\/div>\n            [vc_hoverbox image=\u00bb3581&#8243; primary_title=\u00bb\u00bb hover_title=\u00bb\u00bb hover_background_color=\u00bbpeacoc\u00bb hover_btn_title=\u00bbPR\u00d3XIMAMENTE\u00bb hover_btn_color=\u00bbprimary\u00bb hover_btn_i_icon_fontawesome=\u00bbfas fa-bullhorn\u00bb hover_add_button=\u00bbtrue\u00bb hover_btn_add_icon=\u00bbtrue\u00bb hover_btn_link=\u00bburl:https%3A%2F%2Fwww.registrounicoedusup.gob.ec%2F|title:Postula|target:_blank\u00bb]<\/p>\n<h4><span style=\"color: #000000;\">Con tu puntaje elige la o las carerras de tu inter\u00e9s en el Instituto<\/span><\/h4>\n<p>[\/vc_hoverbox][\/vc_column][\/vc_row][vc_row][vc_column][vc_empty_space][vc_empty_space][\/vc_column][\/vc_row][vc_row][vc_column width=\u00bb1\/4&#8243;]            <div class=\"heading color-dark text-center \" >\n                                                <h2 class=\"heading-color fs-38\">\n                    ETAPA 5                <\/h2>\n                            <\/div>\n            [vc_hoverbox image=\u00bb3582&#8243; primary_title=\u00bb\u00bb hover_title=\u00bb\u00bb hover_background_color=\u00bbpeacoc\u00bb hover_btn_title=\u00bbPR\u00d3XIMAMENTE\u00bb hover_btn_color=\u00bbprimary\u00bb hover_btn_i_icon_fontawesome=\u00bbfas fa-bullhorn\u00bb hover_add_button=\u00bbtrue\u00bb hover_btn_add_icon=\u00bbtrue\u00bb hover_btn_link=\u00bburl:https%3A%2F%2Ftecnologicosucre.edu.ec%2Fproximamente%2F|title:Pr%C3%B3ximamente\u00bb]<\/p>\n<h4><span style=\"color: #000000;\">Proceso automatiZado mediante el cual se te asignar\u00e1 uno o varios cupos de acuerdo a tu postulaci\u00f3n, puntaje y librertad de elecci\u00f3n<\/span><\/h4>\n<p>[\/vc_hoverbox][\/vc_column][vc_column width=\u00bb1\/4&#8243;]            <div class=\"heading color-dark text-center \" >\n                                                <h2 class=\"heading-color fs-38\">\n                    ETAPA 6                <\/h2>\n                            <\/div>\n            [vc_hoverbox image=\u00bb3576&#8243; primary_title=\u00bb\u00bb hover_title=\u00bb\u00bb hover_background_color=\u00bbpeacoc\u00bb hover_btn_title=\u00bbPR\u00d3XIMAMENTE\u00bb hover_btn_color=\u00bbprimary\u00bb hover_btn_i_icon_fontawesome=\u00bbfas fa-bullhorn\u00bb hover_add_button=\u00bbtrue\u00bb hover_btn_add_icon=\u00bbtrue\u00bb hover_btn_link=\u00bburl:https%3A%2F%2Ftecnologicosucre.edu.ec%2Fproximamente%2F|title:Pr%C3%B3ximamente\u00bb]<\/p>\n<h4><span style=\"color: #000000;\">Acto libre y voluntario para hacer efectivo el cupo asignado<\/span><\/h4>\n<p>[\/vc_hoverbox][\/vc_column][vc_column width=\u00bb1\/4&#8243;]            <div class=\"heading color-dark text-center \" >\n                                                <h2 class=\"heading-color fs-38\">\n                    ETAPA 7                <\/h2>\n                            <\/div>\n            [vc_hoverbox image=\u00bb3577&#8243; primary_title=\u00bb\u00bb hover_title=\u00bb\u00bb hover_background_color=\u00bbpeacoc\u00bb hover_btn_title=\u00bbMATR\u00cdCULAS\u00bb hover_btn_color=\u00bbprimary\u00bb hover_btn_i_icon_fontawesome=\u00bbfas fa-bullhorn\u00bb hover_add_button=\u00bbtrue\u00bb hover_btn_add_icon=\u00bbtrue\u00bb hover_btn_link=\u00bburl:https%3A%2F%2Ftecnologicosucre.edu.ec%2Fmatriculas%2F|title:Matr%C3%ADculas\u00bb]<\/p>\n<h4><span style=\"color: #000000;\">Revisa las fechas y el proceso de matr\u00edculas en el siguiente bot\u00f3n<\/span><\/h4>\n<p>[\/vc_hoverbox][\/vc_column][vc_column width=\u00bb1\/4&#8243;][\/vc_column][\/vc_row][vc_row][vc_column][vc_empty_space][\/vc_column][\/vc_row]<\/p>\n<\/div>","protected":false},"excerpt":{"rendered":"<p>[vc_row][vc_column][vc_empty_space][vc_column_text css=\u00bb\u00bb] Para estudiar en el Sucre debes seguir las etapas del Proceso de Acceso a Institutos Tecnol\u00f3gicos y Conservatorios Superiores P\u00fablicos. [\/vc_column_text][vc_empty_space][\/vc_column][\/vc_row][vc_row][vc_column][vc_empty_space][\/vc_column][\/vc_row][vc_row][vc_column width=\u00bb1\/4&#8243;][vc_hoverbox image=\u00bb3578&#8243; primary_title=\u00bb\u00bb hover_title=\u00bb\u00bb hover_background_color=\u00bbpeacoc\u00bb hover_btn_title=\u00bbRegistro Nacional\u00bb hover_btn_color=\u00bbprimary\u00bb hover_btn_align=\u00bbcenter\u00bb hover_btn_i_icon_fontawesome=\u00bbfas fa-edit\u00bb hover_add_button=\u00bbtrue\u00bb hover_btn_add_icon=\u00bbtrue\u00bb hover_btn_link=\u00bburl:https%3A%2F%2Fwww.registrounicoedusup.gob.ec%2F|title:Registro%20Nacional|target:_blank\u00bb] Ingresa tus datos en el Registro Nacional deL MINEDEC. Recuerda que esta etapa es OBLIGATORIA para iniciar tu [&hellip;]<\/p>\n","protected":false},"author":2,"featured_media":0,"parent":0,"menu_order":0,"comment_status":"closed","ping_status":"closed","template":"","meta":{"_monsterinsights_skip_tracking":false,"_monsterinsights_sitenote_active":false,"_monsterinsights_sitenote_note":"","_monsterinsights_sitenote_category":0,"footnotes":""},"class_list":["post-3394","page","type-page","status-publish","hentry"],"_links":{"self":[{"href":"https:\/\/tecnologicosucre.edu.ec\/web\/wp-json\/wp\/v2\/pages\/3394","targetHints":{"allow":["GET"]}}],"collection":[{"href":"https:\/\/tecnologicosucre.edu.ec\/web\/wp-json\/wp\/v2\/pages"}],"about":[{"href":"https:\/\/tecnologicosucre.edu.ec\/web\/wp-json\/wp\/v2\/types\/page"}],"author":[{"embeddable":true,"href":"https:\/\/tecnologicosucre.edu.ec\/web\/wp-json\/wp\/v2\/users\/2"}],"replies":[{"embeddable":true,"href":"https:\/\/tecnologicosucre.edu.ec\/web\/wp-json\/wp\/v2\/comments?post=3394"}],"version-history":[{"count":4,"href":"https:\/\/tecnologicosucre.edu.ec\/web\/wp-json\/wp\/v2\/pages\/3394\/revisions"}],"predecessor-version":[{"id":9652,"href":"https:\/\/tecnologicosucre.edu.ec\/web\/wp-json\/wp\/v2\/pages\/3394\/revisions\/9652"}],"wp:attachment":[{"href":"https:\/\/tecnologicosucre.edu.ec\/web\/wp-json\/wp\/v2\/media?parent=3394"}],"curies":[{"name":"wp","href":"https:\/\/api.w.org\/{rel}","templated":true}]}}