{"id":2645,"date":"2023-08-03T17:22:43","date_gmt":"2023-08-03T22:22:43","guid":{"rendered":"http:\/\/page.estudiantesucre.edu.ec\/?page_id=2645"},"modified":"2024-11-05T16:39:50","modified_gmt":"2024-11-05T21:39:50","slug":"electromecanica","status":"publish","type":"page","link":"https:\/\/tecnologicosucre.edu.ec\/web\/electromecanica\/","title":{"rendered":"Electromec\u00e1nica"},"content":{"rendered":"<div class=\"wpb-content-wrapper\"><p>[vc_row layout=\u00bbcontainer\u00bb content_placement=\u00bbtop\u00bb][vc_column width=\u00bb2\/3&#8243;][vc_column_text][\/vc_column_text][vc_empty_space][\/vc_column][vc_column width=\u00bb1\/3&#8243;][vc_column_text]<div class=\"ntb_table_wrapper ninja_table_builder_instance_0\"\n     id='ninja_table_builder_2646'\n     data-ninja_table_builder_instance=\"ninja_table_builder_instance_0\"\n     style=\"\n     max-height:450px;\n     max-width: 1160px;\">\n     <table id=\"ntb_table\" role=\"table\" class=\"table ninja_tables_builder_class_2646 ntb_2646\" style=\"margin: 0px auto; table-layout: fixed; border-collapse: collapse; border: 0px solid rgb(255, 255, 255); font-family: inherit; border-spacing: 0px;\"> <tbody class=\"tbody\"><tr id=\"tr_id_6741786\" class=\"desktop-view tr_class_6741786 \" style=\"background: rgb(23, 112, 181);\"> <td id=\"td_id_31781771\" rowspan=\"1\" colspan=\"1\" class=\"td_class_31781771 table-data\" style=\"padding: 15px; max-width: 143px; min-width: 143px; border: 1px solid rgb(255, 255, 255);\"><div id=\"td_id_31781771\"><div class=\"single-item other-item\"><div class=\"ntb-datas-wrapper\" style=\"margin: 0px;\"><span class=\"hover-item mce-content-body\" id=\"mce_0\" style=\"padding: 0px; font-weight: bold; font-style: normal; text-decoration: none; font-size: 15px; display: block; text-align: center; color: rgb(255, 255, 255); opacity: 1; line-height: 1.2; position: relative;\" spellcheck=\"false\">MODALIDAD<\/span><\/div> <\/div><\/div><\/td><td id=\"td_id_92778150\" rowspan=\"1\" colspan=\"1\" class=\"td_class_92778150 table-data\" style=\"padding: 15px; max-width: 143px; min-width: 143px; background-color: rgb(38, 164, 212); border: 1px solid rgb(255, 255, 255);\"><div id=\"td_id_92778150\"><div class=\"single-item other-item\"><div class=\"ntb-datas-wrapper\" style=\"margin: 0px;\"><span class=\"hover-item mce-content-body\" id=\"mce_2\" style=\"padding: 0px; font-weight: normal; font-style: normal; text-decoration: none; font-size: 15px; display: block; text-align: center; color: rgb(255, 255, 255); opacity: 1; line-height: 1.2; position: relative;\" spellcheck=\"false\">PRESENCIAL<\/span><\/div> <\/div><\/div><\/td><\/tr><tr id=\"tr_id_2870053\" class=\"desktop-view tr_class_2870053 \" style=\"background: rgb(23, 112, 181);\"> <td id=\"td_id_33589073\" rowspan=\"1\" colspan=\"1\" class=\"td_class_33589073 table-data\" style=\"padding: 15px; max-width: 143px; min-width: 143px; border: 1px solid rgb(255, 255, 255);\"><div id=\"td_id_33589073\"><div class=\"single-item other-item\"><div class=\"ntb-datas-wrapper\" style=\"margin: 0px;\"><span class=\"hover-item mce-content-body\" id=\"mce_3\" style=\"padding: 0px; font-weight: bold; font-style: normal; text-decoration: none; font-size: 15px; display: block; text-align: center; color: rgb(255, 255, 255); opacity: 1; line-height: 1.2; position: relative;\" spellcheck=\"false\">HORARIO<\/span><\/div> <\/div><\/div><\/td><td id=\"td_id_54094429\" rowspan=\"1\" colspan=\"1\" class=\"td_class_54094429 table-data\" style=\"padding: 15px; max-width: 143px; min-width: 143px; background-color: rgb(38, 164, 212); border: 1px solid rgb(255, 255, 255);\"><div id=\"td_id_54094429\"><div class=\"single-item other-item\"><div class=\"ntb-datas-wrapper\" style=\"margin: 0px;\"><span class=\"hover-item mce-content-body mce-edit-focus\" id=\"mce_4\" style=\"padding: 0px; font-weight: normal; font-style: normal; text-decoration: none; font-size: 15px; display: block; text-align: center; color: rgb(255, 255, 255); opacity: 1; line-height: 1.2; position: relative;\" spellcheck=\"false\">MATUTINA,&nbsp; VESPERTINA Y NOCTURNA<\/span><\/div> <\/div><\/div><\/td><\/tr><tr id=\"tr_id_9102290\" class=\"desktop-view tr_class_9102290 \" style=\"background: rgb(23, 112, 181);\"> <td id=\"td_id_29800723\" rowspan=\"1\" colspan=\"1\" class=\"td_class_29800723 table-data\" style=\"padding: 15px; max-width: 143px; min-width: 143px; border: 1px solid rgb(255, 255, 255);\"><div id=\"td_id_29800723\"><div class=\"single-item other-item\"><div class=\"ntb-datas-wrapper\" style=\"margin: 0px;\"><span class=\"hover-item mce-content-body\" id=\"mce_5\" style=\"padding: 0px; font-weight: bold; font-style: normal; text-decoration: none; font-size: 15px; display: block; text-align: center; color: rgb(255, 255, 255); opacity: 1; line-height: 1.2; position: relative;\" spellcheck=\"false\">CAMPUS<\/span><\/div> <\/div><\/div><\/td><td id=\"td_id_17657245\" rowspan=\"1\" colspan=\"1\" class=\"td_class_17657245 table-data\" style=\"padding: 15px; max-width: 143px; min-width: 143px; background-color: rgb(38, 164, 212); border: 1px solid rgb(255, 255, 255);\"><div id=\"td_id_17657245\"><div class=\"single-item other-item\"><div class=\"ntb-datas-wrapper\" style=\"margin: 0px;\"><span class=\"hover-item mce-content-body\" id=\"mce_6\" style=\"padding: 0px; font-weight: normal; font-style: normal; text-decoration: none; font-size: 15px; display: block; text-align: center; color: rgb(255, 255, 255); opacity: 1; line-height: 1.2; position: relative;\" spellcheck=\"false\">SUR (AV. TEODORO GOMEZ DE LA TORRE S14-72 Y JOAQUIN GUTIERREZ<\/span><\/div> <\/div><\/div><\/td><\/tr><tr id=\"tr_id_1369163\" class=\"desktop-view tr_class_1369163 \" style=\"background: rgb(23, 112, 181);\"> <td id=\"td_id_28666457\" rowspan=\"1\" colspan=\"2\" class=\"td_class_28666457 table-data\" style=\"padding: 15px; max-width: 143px; min-width: 143px; border: 1px solid rgb(255, 255, 255);\"><div id=\"td_id_28666457\"><div class=\"single-item other-item\"><div class=\"ntb-datas-wrapper\" style=\"margin: 0px;\"><span class=\"hover-item mce-content-body\" id=\"mce_7\" style=\"padding: 0px; font-weight: bold; font-style: normal; text-decoration: none; font-size: 15px; display: block; text-align: center; color: rgb(255, 255, 255); opacity: 1; line-height: 1.2; position: relative;\" spellcheck=\"false\">EDUCACI\u00d3N GRATUITA<\/span><\/div> <\/div><\/div><\/td><td id=\"td_id_56650767\" rowspan=\"0\" colspan=\"0\" class=\"td_class_56650767 table-data\" style=\"padding: 15px; max-width: 143px; min-width: 143px; background-color: rgb(38, 164, 212); display: none; border: 1px solid rgb(255, 255, 255);\"><div id=\"td_id_56650767\"><div class=\"single-item other-item\"><div class=\"ntb-datas-wrapper\" style=\"margin: 0px;\"><span class=\"hover-item mce-content-body\" id=\"mce_8\" style=\"padding: 0px; font-weight: normal; font-style: normal; text-decoration: none; font-size: 15px; display: block; text-align: center; color: rgb(255, 255, 255); opacity: 1; line-height: 1.2; position: relative;\" spellcheck=\"false\">GRATUITO<\/span><\/div> <\/div><\/div><\/td><\/tr><tr id=\"tr_id_2377517\" class=\"desktop-view tr_class_2377517 \" style=\"background: rgb(23, 112, 181);\"> <td id=\"td_id_75157211\" rowspan=\"1\" colspan=\"1\" class=\"td_class_75157211 table-data\" style=\"padding: 15px; max-width: 143px; min-width: 143px; border: 1px solid rgb(255, 255, 255);\"><div id=\"td_id_75157211\"><div class=\"single-item other-item\"><div class=\"ntb-datas-wrapper\" style=\"margin: 0px;\"><span class=\"hover-item mce-content-body\" id=\"mce_9\" style=\"padding: 0px; font-weight: bold; font-style: normal; text-decoration: none; font-size: 15px; display: block; text-align: center; color: rgb(255, 255, 255); opacity: 1; line-height: 1.2; position: relative;\" spellcheck=\"false\">DURACI\u00d3N<\/span><\/div> <\/div><\/div><\/td><td id=\"td_id_65446518\" rowspan=\"1\" colspan=\"1\" class=\"td_class_65446518 table-data\" style=\"padding: 15px; max-width: 143px; min-width: 143px; background-color: rgb(38, 164, 212); border: 1px solid rgb(255, 255, 255);\"><div id=\"td_id_65446518\"><div class=\"single-item other-item\"><div class=\"ntb-datas-wrapper\" style=\"margin: 0px;\"><span class=\"hover-item mce-content-body\" id=\"mce_10\" style=\"padding: 0px; font-weight: normal; font-style: normal; text-decoration: none; font-size: 15px; display: block; text-align: center; color: rgb(255, 255, 255); opacity: 1; line-height: 1.2; position: relative;\" spellcheck=\"false\">2 A\u00d1OS<\/span><\/div> <\/div><\/div><\/td><\/tr><\/tbody><\/table><\/div>\n[\/vc_column_text][vc_empty_space][vc_column_text]\n<div class=\"wp-block-html5-player-parent\">\n<div data-video-id=\"\" class='wp-block-html5-player-video html5_video_players' class=\"wp-block-html5-player-video\" data-nonce=\"\n    0d52144b12\" data-attributes=\"\n    {&quot;imported&quot;:true,&quot;uniqueId&quot;:&quot;h5vp55e4b1fd&quot;,&quot;source&quot;:&quot;https:\\\/\\\/tecnologicosucre.edu.ec\\\/web\\\/wp-content\\\/uploads\\\/2024\\\/03\\\/Spot-Electromecanica.mp4&quot;,&quot;options&quot;:{&quot;controls&quot;:[&quot;play-large&quot;,&quot;play&quot;,&quot;progress&quot;,&quot;current-time&quot;,&quot;mute&quot;,&quot;volume&quot;,&quot;settings&quot;,&quot;fullscreen&quot;],&quot;settings&quot;:[&quot;captions&quot;,&quot;quality&quot;,&quot;speed&quot;,&quot;loop&quot;],&quot;loadSprite&quot;:true,&quot;autoplay&quot;:true,&quot;seekTime&quot;:10,&quot;volume&quot;:1,&quot;muted&quot;:false,&quot;hideControls&quot;:true,&quot;resetOnEnd&quot;:false,&quot;tooltips&quot;:{&quot;controls&quot;:true,&quot;seek&quot;:true},&quot;captions&quot;:{&quot;active&quot;:false,&quot;language&quot;:&quot;auto&quot;,&quot;update&quot;:true},&quot;ratio&quot;:null,&quot;storage&quot;:{&quot;enabled&quot;:true,&quot;key&quot;:&quot;plyr&quot;},&quot;speed&quot;:{&quot;options&quot;:[&quot;1&quot;,&quot;2&quot;,&quot;3&quot;,&quot;0.5&quot;,&quot;0.75&quot;,&quot;1.25&quot;,&quot;1.5&quot;,&quot;1.75&quot;,&quot;2.5&quot;]},&quot;loop&quot;:{&quot;active&quot;:false},&quot;ads&quot;:{&quot;enabled&quot;:true},&quot;urls&quot;:{&quot;enabled&quot;:false},&quot;markers&quot;:{&quot;enabled&quot;:true,&quot;points&quot;:[]},&quot;preload&quot;:&quot;metadata&quot;,&quot;imported&quot;:true},&quot;features&quot;:{&quot;popup&quot;:{&quot;enabled&quot;:false,&quot;type&quot;:&quot;poster&quot;,&quot;btnText&quot;:&quot;Watch Video&quot;,&quot;align&quot;:&quot;center&quot;,&quot;btnStyle&quot;:{&quot;color&quot;:&quot;#fff&quot;,&quot;backgroundColor&quot;:&quot;#006BA1&quot;,&quot;fontSize&quot;:&quot;16px&quot;,&quot;padding&quot;:{&quot;top&quot;:&quot;10px&quot;,&quot;right&quot;:&quot;20px&quot;,&quot;bottom&quot;:&quot;10px&quot;,&quot;left&quot;:&quot;20px&quot;}}},&quot;overlay&quot;:{&quot;enabled&quot;:false,&quot;items&quot;:[{&quot;color&quot;:&quot;#ffffff&quot;,&quot;backgroundColor&quot;:&quot;#333&quot;,&quot;fontSize&quot;:{&quot;number&quot;:20,&quot;unit&quot;:&quot;px&quot;},&quot;position&quot;:&quot;top_right&quot;,&quot;type&quot;:&quot;logo&quot;,&quot;opacity&quot;:0.8000000000000000444089209850062616169452667236328125}]},&quot;endScreen&quot;:{&quot;enabled&quot;:false,&quot;text&quot;:&quot;Endscreen text&quot;,&quot;btnText&quot;:&quot;Watch Again&quot;,&quot;btnLink&quot;:&quot;#&quot;,&quot;btnStyle&quot;:[]},&quot;thumbInPause&quot;:{&quot;enabled&quot;:false,&quot;type&quot;:&quot;default&quot;},&quot;watermark&quot;:{&quot;color&quot;:&quot;#f00&quot;},&quot;sticky&quot;:{&quot;enabled&quot;:false,&quot;position&quot;:&quot;top_right&quot;},&quot;playWhenVisible&quot;:false,&quot;disablePause&quot;:false,&quot;hideYoutubeUI&quot;:false,&quot;startTime&quot;:0,&quot;hideLoadingPlaceholder&quot;:false,&quot;passwordProtected&quot;:{&quot;password&quot;:null},&quot;saveState&quot;:false},&quot;styles&quot;:{&quot;plyr_wrapper&quot;:{&quot;width&quot;:&quot;100%&quot;},&quot;plyr&quot;:{&quot;borderRadius&quot;:&quot;20px&quot;},&quot;.plyr&quot;:{&quot;--plyr-color-main&quot;:&quot;#00b2ff&quot;}},&quot;width&quot;:{&quot;deprecated&quot;:true,&quot;number&quot;:100,&quot;unit&quot;:&quot;%&quot;,&quot;isDeprecated&quot;:true},&quot;radius&quot;:{&quot;number&quot;:20,&quot;unit&quot;:&quot;px&quot;},&quot;autoplay&quot;:true,&quot;provider&quot;:&quot;self-hosted&quot;,&quot;poster&quot;:&quot;&quot;,&quot;onlyLoggedIn&quot;:{&quot;whoCanSeeThisVideo&quot;:&quot;everyone&quot;,&quot;allowedRoles&quot;:[],&quot;message&quot;:&quot;This video is only for registered users. Please login to watch the video.&quot;},&quot;seo&quot;:{&quot;title&quot;:&quot;&quot;,&quot;description&quot;:&quot;&quot;,&quot;duration&quot;:&quot;&quot;},&quot;quality&quot;:[],&quot;subtitle&quot;:[{&quot;label&quot;:&quot;English\\\/en&quot;,&quot;caption_file&quot;:&quot;&quot;}],&quot;thumbInPause&quot;:false,&quot;hideYoutubeUI&quot;:false,&quot;autoplayWhenVisible&quot;:false,&quot;CSS&quot;:&quot;&quot;,&quot;isCDURL&quot;:false,&quot;posterTime&quot;:20,&quot;chapters&quot;:[],&quot;controls&quot;:{&quot;play-large&quot;:true,&quot;restart&quot;:false,&quot;rewind&quot;:false,&quot;play&quot;:true,&quot;fast-forward&quot;:false,&quot;progress&quot;:true,&quot;current-time&quot;:true,&quot;duration&quot;:false,&quot;mute&quot;:true,&quot;volume&quot;:true,&quot;pip&quot;:false,&quot;airplay&quot;:false,&quot;settings&quot;:true,&quot;downlaod&quot;:false,&quot;fullscreen&quot;:true},&quot;brandColor&quot;:&quot;#00B3FF&quot;,&quot;repeat&quot;:false,&quot;muted&quot;:false,&quot;sticky&quot;:false,&quot;stickyPosition&quot;:&quot;top-right&quot;,&quot;popup&quot;:false,&quot;popupType&quot;:&quot;button&quot;,&quot;playsinline&quot;:false,&quot;popupBtnStyle&quot;:[],&quot;popupBtnText&quot;:&quot;Watch Video&quot;,&quot;disablePause&quot;:false,&quot;thumbStyle&quot;:&quot;default&quot;,&quot;resetOnEnd&quot;:false,&quot;autoHideControl&quot;:true,&quot;protected&quot;:false,&quot;protectedText&quot;:&quot;Please enter password to wath the video&quot;,&quot;seekTime&quot;:10,&quot;startTime&quot;:0,&quot;preload&quot;:&quot;metadata&quot;,&quot;overlay&quot;:false,&quot;overlayType&quot;:&quot;text&quot;,&quot;overlayText&quot;:&quot;Simple Text&quot;,&quot;overlayPosition&quot;:&quot;top_right&quot;,&quot;overlayBackground&quot;:&quot;#333&quot;,&quot;overlayOpacity&quot;:0.8000000000000000444089209850062616169452667236328125,&quot;overlayTextColor&quot;:&quot;#ffffff&quot;,&quot;overlayFontSize&quot;:{&quot;number&quot;:20,&quot;unit&quot;:&quot;px&quot;},&quot;overlayTextHoverColor&quot;:&quot;#ffffff&quot;,&quot;endScreen&quot;:{&quot;enabled&quot;:false,&quot;text&quot;:&quot;Simple Text&quot;,&quot;btnText&quot;:&quot;Click Here&quot;,&quot;btnLink&quot;:&quot;&quot;,&quot;btnStyle&quot;:[]},&quot;endscreen&quot;:false,&quot;endscreenText&quot;:&quot;Endscreen text&quot;,&quot;endscreenTextLink&quot;:&quot;#&quot;,&quot;streaming&quot;:false,&quot;streamingType&quot;:&quot;hls&quot;,&quot;speed&quot;:{&quot;1&quot;:true,&quot;2&quot;:true,&quot;3&quot;:true,&quot;0.5&quot;:true,&quot;0.75&quot;:true,&quot;1.25&quot;:true,&quot;1.5&quot;:true,&quot;1.75&quot;:true,&quot;2.5&quot;:true},&quot;captionEnabled&quot;:false,&quot;saveState&quot;:false}\" data-preset=\"\n    null\">\n            <style>\n            .preload_poster svg {\n                background: var(--plyr-video-control-background-hover, var(--plyr-color-main, var(--plyr-color-main,\n                                #1ABAFF                            )));\n                border: 0;\n                border-radius: 100%;\n                left: 50%;\n                opacity: .9;\n                padding: calc(var(--plyr-control-spacing, 8px) * 1.5);\n                position: absolute;\n                top: 50%;\n                transform: translate(-50%, -50%);\n                transition: .3s;\n                z-index: 2;\n                box-sizing: content-box;\n                fill: #fff;\n            }\n\n            .preload_poster {\n                display:\n                    block            }\n        <\/style>\n        <div class=\"preload_poster\"\n            style=\"overflow:hidden;aspect-ratio:16\/9;background-image:url()\">\n            <svg width=\"24px\" height=\"24px\" viewBox=\"0 0 15 15\" fill=\"none\" xmlns=\"http:\/\/www.w3.org\/2000\/svg\">\n                <path\n                    d=\"M4.79062 2.09314C4.63821 1.98427 4.43774 1.96972 4.27121 2.05542C4.10467 2.14112 4 2.31271 4 2.5V12.5C4 12.6873 4.10467 12.8589 4.27121 12.9446C4.43774 13.0303 4.63821 13.0157 4.79062 12.9069L11.7906 7.90687C11.922 7.81301 12 7.66148 12 7.5C12 7.33853 11.922 7.18699 11.7906 7.09314L4.79062 2.09314Z\" \/>\n            <\/svg>\n        <\/div>\n        <\/div><\/div>\n[\/vc_column_text][vc_empty_space][\/vc_column][\/vc_row][vc_row][vc_column width=\u00bb2\/3&#8243;][vc_column_text css_animation=\u00bbnone\u00bb css=\u00bb\u00bb]<\/p>\n<h2><strong>PERFIL DE EGRESO<\/strong><\/h2>\n<p>Al finalizar la Carrera el estudiante adquirir\u00e1 conocimientos habilidades y competencias profesionales orientadas al \u00e1rea de estudio que le permitir\u00e1n.<\/p>\n<ul>\n<li>Fundamentar, interpretar y aplicar los principios generales de Tecnolog\u00eda Superior en Electromec\u00e1nica, analizando el funcionamiento y propiedades de los mecanismos que componen los mismos.<\/li>\n<li>Aplicar los conocimientos t\u00e9cnicos en un sistema de control de procesos y mantenimiento de equipos y maquinas electromec\u00e1nicas.<\/li>\n<li>Aplicar y relacionar los fundamentos te\u00f3rico- pr\u00e1cticos en el campo electromec\u00e1nico.<\/li>\n<li>Implementar sistemas de control en base a las necesidades de cada uno de los requerimientos de cada proceso en los que intervienen sistemas electromec\u00e1nicos.<\/li>\n<li>Aplicar el conocimiento para realizar el mantenimiento preventivo, correctivo a sistemas el\u00e9ctricos, maquinaria, equipo electromec\u00e1nico y sistemas mec\u00e1nicos aplicando los conocimientos de matem\u00e1ticas (aritm\u00e9tica, algebra, trigonometr\u00eda), f\u00edsica (electricidad, magnetismo, mec\u00e1nica) y qu\u00edmica (propiedades de los materiales) de acuerdo con los programas de mantenimiento.<\/li>\n<li>Realizar el mantenimiento a elementos electromec\u00e1nicos mediante la aplicaci\u00f3n de procesos de soldadura y maquinados.<\/li>\n<li>Verificar actividades de mantenimiento preventivo y correctivo, as\u00ed como la instalaci\u00f3n de sistemas electromec\u00e1nicos.<\/li>\n<li>Proponer los principios de respeto a las personas y al medio ambiente.<\/li>\n<\/ul>\n<p>[\/vc_column_text][vc_column_text css_animation=\u00bbnone\u00bb]<\/p>\n<h3><\/h3>\n<h2><strong>CAMPO OCUPACIONAL<\/strong><\/h2>\n<p><span style=\"font-weight: 400;\">El Tecn\u00f3logo Electromec\u00e1nico podr\u00e1 desempe\u00f1arse como operador, jefe o supervisor en las \u00e1reas de producci\u00f3n, mantenimiento preventivo y correctivo, sistemas de control y gesti\u00f3n de la calidad industrial, as\u00ed como en construcci\u00f3n, instalaci\u00f3n y montaje de m\u00e1quinas, equipos y sistemas electromec\u00e1nicos en talleres, f\u00e1bricas y plantas industriales.<\/span>[\/vc_column_text][vc_empty_space][vc_btn title=\u00bbDESCARGAR MALLA\u00bb color=\u00bbprimary\u00bb css=\u00bb\u00bb link=\u00bburl:https%3A%2F%2Ftecnologicosucre.edu.ec%2Fweb%2Fwp-content%2Fuploads%2F2024%2F10%2FMALLA-ELECTROMECANICA.pdf|title:Electromec%C3%A1nica|target:_blank\u00bb][vc_empty_space][\/vc_column][vc_column width=\u00bb1\/3&#8243;][vc_gmaps link=\u00bb#E-8_JTNDaWZyYW1lJTIwc3JjJTNEJTIyaHR0cHMlM0ElMkYlMkZ3d3cuZ29vZ2xlLmNvbSUyRm1hcHMlMkZlbWJlZCUzRnBiJTNEJTIxMW0xOCUyMTFtMTIlMjExbTMlMjExZDE1OTU5LjEwNDQ0NDEzNzYyNyUyMTJkLTc4LjUzODAyNDk4MTU2NzM3JTIxM2QtMC4yNjM1NTE1NDg5MDk2MDk2JTIxMm0zJTIxMWYwJTIxMmYwJTIxM2YwJTIxM20yJTIxMWkxMDI0JTIxMmk3NjglMjE0ZjEzLjElMjEzbTMlMjExbTIlMjExczB4OTFkNTk4ZmEyY2Y0MmNlOSUyNTNBMHhkYTBmNzFjMzU0ZTQwODU4JTIxMnNTdWNyZSUyNTIwSW5zdGl0dXRvJTI1MjBTdXBlcmlvciUyNTIwVW5pdmVyc2l0YXJpbyUyNTIwJTI4U3VyJTI5JTIxNWUwJTIxM20yJTIxMXNlcy00MTklMjEyc2VjJTIxNHYxNjkwNDk4ODIwNDU1JTIxNW0yJTIxMXNlcy00MTklMjEyc2VjJTIyJTIwd2lkdGglM0QlMjI2MDAlMjIlMjBoZWlnaHQlM0QlMjIzMDAlMjIlMjBzdHlsZSUzRCUyMmJvcmRlciUzQTAlM0IlMjIlMjBhbGxvd2Z1bGxzY3JlZW4lM0QlMjIlMjIlMjBsb2FkaW5nJTNEJTIybGF6eSUyMiUyMHJlZmVycmVycG9saWN5JTNEJTIybm8tcmVmZXJyZXItd2hlbi1kb3duZ3JhZGUlMjIlM0UlM0MlMkZpZnJhbWUlM0U=\u00bb title=\u00bbUBICACI\u00d3N\u00bb][vc_empty_space][vc_posts_slider count=\u00bb3&#8243; interval=\u00bb3&#8243; css=\u00bb\u00bb title=\u00bbNOTICIAS\u00bb posttypes=\u00bbpost\u00bb][vc_widget_sidebar sidebar_id=\u00bbsidebar-1&#8243; title=\u00bbREDES SOCIALES\u00bb][vc_empty_space][\/vc_column][\/vc_row]<\/p>\n<\/div>","protected":false},"excerpt":{"rendered":"<p>[vc_row layout=\u00bbcontainer\u00bb content_placement=\u00bbtop\u00bb][vc_column width=\u00bb2\/3&#8243;][vc_column_text][\/vc_column_text][vc_empty_space][\/vc_column][vc_column width=\u00bb1\/3&#8243;][vc_column_text][\/vc_column_text][vc_empty_space][vc_column_text][\/vc_column_text][vc_empty_space][\/vc_column][\/vc_row][vc_row][vc_column width=\u00bb2\/3&#8243;][vc_column_text css_animation=\u00bbnone\u00bb css=\u00bb\u00bb] PERFIL DE EGRESO Al finalizar la Carrera el estudiante adquirir\u00e1 conocimientos habilidades y competencias profesionales orientadas al \u00e1rea de estudio que le permitir\u00e1n. Fundamentar, interpretar y aplicar los principios generales de Tecnolog\u00eda Superior en Electromec\u00e1nica, analizando el funcionamiento y propiedades de los mecanismos que componen los mismos. [&hellip;]<\/p>\n","protected":false},"author":2,"featured_media":0,"parent":0,"menu_order":0,"comment_status":"closed","ping_status":"closed","template":"","meta":{"_monsterinsights_skip_tracking":false,"_monsterinsights_sitenote_active":false,"_monsterinsights_sitenote_note":"","_monsterinsights_sitenote_category":0,"footnotes":""},"class_list":["post-2645","page","type-page","status-publish","hentry"],"_links":{"self":[{"href":"https:\/\/tecnologicosucre.edu.ec\/web\/wp-json\/wp\/v2\/pages\/2645","targetHints":{"allow":["GET"]}}],"collection":[{"href":"https:\/\/tecnologicosucre.edu.ec\/web\/wp-json\/wp\/v2\/pages"}],"about":[{"href":"https:\/\/tecnologicosucre.edu.ec\/web\/wp-json\/wp\/v2\/types\/page"}],"author":[{"embeddable":true,"href":"https:\/\/tecnologicosucre.edu.ec\/web\/wp-json\/wp\/v2\/users\/2"}],"replies":[{"embeddable":true,"href":"https:\/\/tecnologicosucre.edu.ec\/web\/wp-json\/wp\/v2\/comments?post=2645"}],"version-history":[{"count":0,"href":"https:\/\/tecnologicosucre.edu.ec\/web\/wp-json\/wp\/v2\/pages\/2645\/revisions"}],"wp:attachment":[{"href":"https:\/\/tecnologicosucre.edu.ec\/web\/wp-json\/wp\/v2\/media?parent=2645"}],"curies":[{"name":"wp","href":"https:\/\/api.w.org\/{rel}","templated":true}]}}