{"id":1966,"date":"2023-06-22T21:03:54","date_gmt":"2023-06-23T02:03:54","guid":{"rendered":"http:\/\/page.estudiantesucre.edu.ec\/?page_id=1966"},"modified":"2025-04-28T18:22:51","modified_gmt":"2025-04-28T23:22:51","slug":"practicas-pre-profesionales-op-4","status":"publish","type":"page","link":"https:\/\/tecnologicosucre.edu.ec\/web\/practicas-pre-profesionales-op-4\/","title":{"rendered":"Pr\u00e1cticas Pre Profesionales &#8211; Opci\u00f3n 4"},"content":{"rendered":"<div class=\"wpb-content-wrapper\"><p>[vc_row][vc_column][vc_column_text css=\u00bb\u00bb]<\/p>\n<h3 style=\"text-align: center;\"><span style=\"color: #000000;\"><strong>ESTUDIANTES EN INSTITUCIONES P\u00daBLICAS O PRIVADAS SIN CONTRATO DE TRABAJO (SERVICIOS PROFESIONALES) PARA CONVALIDAR<\/strong><\/span><\/h3>\n<p>[\/vc_column_text][vc_empty_space][vc_tta_tabs style=\u00bboutline\u00bb color=\u00bbsky\u00bb active_section=\u00bb1&#8243;][vc_tta_section i_icon_fontawesome=\u00bbfa fa-regular fa-pen-to-square\u00bb add_icon=\u00bbtrue\u00bb title=\u00bbPASO 1&#8243; tab_id=\u00bb1745626551196-a59eb055-b0bc\u00bb][vc_empty_space][vc_column_text css=\u00bb\u00bb]<\/p>\n<h3><strong>Paso 1<\/strong><\/h3>\n<h4><strong>INICIO DE PASANT\u00cdAS<\/strong><\/h4>\n<h4><strong>Presentar al docente representante de pr\u00e1cticas pre profesionales de tu carrera:<\/strong><\/h4>\n<ul>\n<li><strong>Solicitud de pr\u00e1cticas pre profesionales:<\/strong> el estudiante solicita por correo electr\u00f3nico convalidar<em> las horas de trabajo o servicios profesionales por horas de PASANT\u00cdAS al representante de pr\u00e1cticas de cada carrera. <\/em>El correo que emite el estudiante debe contener el <em>nombre de la empresa, nombre del gerente, direcci\u00f3n, tel\u00e9fono y mail<\/em>.<\/li>\n<li><span style=\"letter-spacing: 0.05em;\">El representante de pr\u00e1cticas autoriza y asigna el <\/span><em style=\"letter-spacing: 0.05em;\">c\u00f3digo para el Check list<\/em><span style=\"letter-spacing: 0.05em;\"> y la asignaci\u00f3n del <\/span><em style=\"letter-spacing: 0.05em;\">tutor acad\u00e9mico con su respectivo mail. <\/em><span style=\"letter-spacing: 0.05em;\">Esta informaci\u00f3n el representante de pr\u00e1cticas env\u00eda por correo electr\u00f3nico al <\/span><em style=\"letter-spacing: 0.05em;\">estudiante<\/em><span style=\"letter-spacing: 0.05em;\"> con copia al <\/span><em style=\"letter-spacing: 0.05em;\">tutor acad\u00e9mico <\/em><span style=\"letter-spacing: 0.05em;\">asignado.<\/span><\/li>\n<\/ul>\n<ul>\n<li><strong>Oficio de aprobaci\u00f3n del Contrato de Trabajo por convalidaci\u00f3n de horas de pasant\u00edas y asignaci\u00f3n de tutor: <\/strong>Con los datos emitidos por el representante de pr\u00e1cticas de cada carrera el estudiante debe llenar sus datos personales, escoger horas de trabajo u horas de servicios profesionales, nombre de la empresa y direcci\u00f3n, detallar las actividades; colocar el nombre, mail y firma del tutor acad\u00e9mico, c\u00f3digo del Check list, por \u00faltimo, firma el coordinador de pr\u00e1cticas pre profesionales.<\/li>\n<\/ul>\n<p><strong>\u00a0 \u00a0 \u00a0 \u00a0 \u00a0<a href=\"https:\/\/tecnologicosucre.edu.ec\/web\/wp-content\/uploads\/2025\/04\/FORMATO-6_-OFI_CONV_PAS_-ASIG_TUT-_APELLIDO_NOMBRE.docx\">FORMATO 6_ OFI_CONV_PAS_ ASIG_TUT _APELLIDO_NOMBRE<\/a><\/strong><\/p>\n<ul>\n<li><strong>Registro \u00danico de Contribuyentes (RUC) habilitado y activado. <\/strong><\/li>\n<li><strong>Declaraciones al Servicio de Rentas Internas (SRI)<\/strong> del \u00faltimo a\u00f1o (al momento de la solicitud de convalidaci\u00f3n).<\/li>\n<li><strong>Facturas de los contratos adquiridos <\/strong>(en los \u00faltimos 6 meses)<\/li>\n<li>Al momento de presentar el oficio de aprobaci\u00f3n del Contrato de Trabajo por convalidaci\u00f3n de horas de pasant\u00edas y asignaci\u00f3n de tutor, el estudiante debe presentar el Registro \u00danico de Contribuyentes (RUC) habilitado y activado, Declaraciones al Servicio de Rentas Internas (SRI), Facturas de los contratos adquiridos y el Plan de aprendizaje pr\u00e1ctico rotacional con la firma del representante de pr\u00e1cticas de cada carrera.<\/li>\n<li><strong>\u00a0<\/strong><strong>Plan de Aprendizaje Pr\u00e1ctico Rotacional<\/strong><em>: <\/em>genera el estudiante el documento, debe llenar los <em>datos del estudiante, datos de la empresa, la actividad econ\u00f3mica de la empresa, \u00e1reas de rotaci\u00f3n (m\u00ednimo 2),<\/em> <em>actividades a desarrollar en la empresa<\/em> y comparar las actividades con los resultados de aprendizaje para posterior <em>seleccionar dos asignaturas<\/em>, <em>firma el representante de pr\u00e1cticas pre profesionales<\/em>.<\/li>\n<\/ul>\n<p>[\/vc_column_text][vc_empty_space][vc_column_text css=\u00bb\u00bb]<\/p>\n<h4><span style=\"color: #0075a8;\"><strong>Descargue el formato correspondiente a su carrera<\/strong><\/span><\/h4>\n<p>[\/vc_column_text][vc_empty_space][vc_toggle title=\u00bbFORMATO 2_ PAPR_CARRERA_APELLIDO_NOMBRE\u00bb custom_font_container=\u00bbtag:h4|font_size:14|text_align:center|color:%230075a8&#8243; custom_use_theme_fonts=\u00bbyes\u00bb css=\u00bb\u00bb use_custom_heading=\u00bbtrue\u00bb]<\/p>\n<ol>\n<li><strong><a href=\"https:\/\/tecnologicosucre.edu.ec\/web\/wp-content\/uploads\/2025\/04\/FORMATO-2_PAPR_CONTABILIDAD_APELLIDO_NOMBRE.docx\">CONTABILIDAD<\/a><\/strong><\/li>\n<li><a href=\"https:\/\/tecnologicosucre.edu.ec\/web\/wp-content\/uploads\/2025\/04\/PLAN-DE-APRENDIZAJE-DESARROLLO-INFANTIL-INETGRAL_Firmado-signed-signed.pdf\" target=\"_blank\" rel=\"noopener\"><strong>DESARROLLO INFANTIL INTEGRAL<\/strong><\/a><\/li>\n<li><a href=\"https:\/\/tecnologicosucre.edu.ec\/web\/wp-content\/uploads\/2025\/04\/FORMATO-2_PAPR_DESARROLLO_SOFTWARE_APELLIDO_NOMBRE.docx\"><strong>DESARROLLO DE SOFTWARE<\/strong><\/a><\/li>\n<li><strong><a href=\"https:\/\/tecnologicosucre.edu.ec\/web\/wp-content\/uploads\/2025\/04\/PLAN-DE-APRENDIZAJE-EDUCACION-INICIAL.xlsx\">EDUCACI\u00d3N INICIAL<\/a><\/strong><\/li>\n<li><a href=\"https:\/\/tecnologicosucre.edu.ec\/web\/wp-content\/uploads\/2025\/04\/FORMATO-2_PAPR_ELECTRICIDAD_APELLIDO_NOMBRE.docx\"><strong>ELECTRICIDAD<\/strong><\/a><\/li>\n<li><a href=\"https:\/\/tecnologicosucre.edu.ec\/web\/wp-content\/uploads\/2025\/04\/FORMATO-2_PAPR_ELECTROMECANICA_APELLIDOS_NOMBRES_2025.docx\"><strong>ELECTROMEC\u00c1NICA<\/strong><\/a><\/li>\n<li><a href=\"https:\/\/tecnologicosucre.edu.ec\/web\/wp-content\/uploads\/2025\/04\/FORMATO-2_PAPR_ELECTRONICA_APELLIDO_NOMBRE.docx\"><strong>ELECTR\u00d3NICA<\/strong><\/a><\/li>\n<li><a href=\"https:\/\/tecnologicosucre.edu.ec\/web\/wp-content\/uploads\/2025\/04\/FORMATO-2_PAPR_FOTOGRAFIA_APELLIDO_NOMBRE.docx\"><strong>FOTOGRAF\u00cdA<\/strong><\/a><\/li>\n<li><a href=\"https:\/\/tecnologicosucre.edu.ec\/web\/wp-content\/uploads\/2025\/04\/FORMATO-2_PAPR_GESTION-AMBIENTAL_APELLIDO_NOMBRE.docx\"><strong>GESTI\u00d3N AMBIENTAL<\/strong><\/a><\/li>\n<li><a href=\"https:\/\/tecnologicosucre.edu.ec\/web\/wp-content\/uploads\/2025\/04\/FORMATO-2_PAPR_MARKETING_2025-II.docx\"><strong>MARKETING<\/strong><\/a><\/li>\n<li><a href=\"https:\/\/tecnologicosucre.edu.ec\/web\/wp-content\/uploads\/2025\/04\/FORMATO-2_PAPR_PROCESAMIENTO_ALIMENTOS_APELLIDO_NOMBRE1.docx\"><strong>PROCESAMIENTO DE ALIMENTOS<\/strong><\/a><\/li>\n<li><a href=\"https:\/\/tecnologicosucre.edu.ec\/web\/wp-content\/uploads\/2025\/04\/FORMATO-2_PAPR_PRODUCCION_AUDIOVISUAL_APELLIDO_NOMBRE.docx\"><strong>PRODUCCI\u00d3N AUDIOVISUAL<\/strong><\/a><\/li>\n<\/ol>\n<p>[\/vc_toggle][vc_empty_space][\/vc_tta_section][vc_tta_section i_icon_fontawesome=\u00bbfa fa-regular fa-pen-to-square\u00bb add_icon=\u00bbtrue\u00bb title=\u00bbPASO 2&#8243; tab_id=\u00bb1745626551211-401fd67b-2b84&#8243;][vc_empty_space][vc_column_text css=\u00bb\u00bb]<\/p>\n<h3><strong>Paso 2<\/strong><\/h3>\n<h4><strong>FINALIZACI\u00d3N DE PR\u00c1CTICAS PRE PROFESIONALES<\/strong><\/h4>\n<p>Finalizadas las pr\u00e1cticas pre profesionales el estudiante tiene <strong>(30)<\/strong> <strong><em>treinta d\u00edas<\/em><\/strong> laborables, despu\u00e9s de haberlas culminado para presentar al representante de pr\u00e1cticas de la carrera, todos los documentos con firmas y sellos para validar.<\/p>\n<ul>\n<li><strong>Evaluaci\u00f3n final de Pr\u00e1cticas Pre Profesionales\/Pasant\u00edas: <\/strong>El estudiante llena el apartado de los <em style=\"letter-spacing: 0.05em;\">datos informativos<\/em><span style=\"letter-spacing: 0.05em;\"> y<\/span><em style=\"letter-spacing: 0.05em;\"> quien eval\u00faa y firma es el tutor empresarial. <\/em><span style=\"letter-spacing: 0.05em;\">Todos los campos deben estar llenos<\/span><em style=\"letter-spacing: 0.05em;\">.<\/em><\/li>\n<\/ul>\n<p><strong>\u00a0 \u00a0 \u00a0 \u00a0 \u00a0 <a href=\"https:\/\/tecnologicosucre.edu.ec\/web\/wp-content\/uploads\/2025\/04\/FORMATO-4_EV_FINAL_APELLIDO_NOMBRE.docx\">FORMATO 4_EV_FINAL_APELLIDO_NOMBRE.<\/a><\/strong><\/p>\n<ul>\n<li><strong>Informe Final de Pr\u00e1cticas Pre Profesionales\/Pasant\u00edas: <\/strong>llenar los <em>datos informativos, objetivos, antecedentes, desarrollo, conclusiones, recomendaciones, participantes y anexos<\/em>, el documento es llenado por el estudiante.<\/li>\n<li>En el\u00a0<em>apartado del\u00a0<strong>desarrollo\u00a0<\/strong><\/em>se verificar\u00e1\u00a0la\u00a0<em>visita del tutor acad\u00e9mico<\/em>, tomando en consideraci\u00f3n los siguientes par\u00e1metros:\u00a0<em>nombre del tutor acad\u00e9mico, fecha de la visita del tutor, evidencia fotogr\u00e1fica de la visita de tutor, observaciones<\/em>.<\/li>\n<li><span style=\"letter-spacing: 0.05em;\">Se realiza <\/span><strong style=\"letter-spacing: 0.05em;\">1 <\/strong><span style=\"letter-spacing: 0.05em;\">visita del proceso de pr\u00e1cticas.<\/span><\/li>\n<li><span style=\"letter-spacing: 0.05em;\">Al final debe <\/span><em style=\"letter-spacing: 0.05em;\">firmar el representante de pr\u00e1cticas<\/em><span style=\"letter-spacing: 0.05em;\"> pre profesionales de cada carrera y el <\/span><em style=\"letter-spacing: 0.05em;\">coordinador de pr\u00e1cticas<\/em><span style=\"letter-spacing: 0.05em;\">.<\/span><\/li>\n<\/ul>\n<p><strong>\u00a0 \u00a0 \u00a0 \u00a0 \u00a0 <a href=\"https:\/\/tecnologicosucre.edu.ec\/web\/wp-content\/uploads\/2025\/04\/FORMATO-5_INFORME_FINAL_APELLIDO_NOMBRE.docx\">FORMATO 5_INFORME_FINAL_APELLIDO_NOMBRE<\/a><\/strong><\/p>\n<ul>\n<li><strong>Certificado de culminaci\u00f3n de pr\u00e1cticas: <\/strong>el documento es un<em> certificado de trabajo <\/em>en el formato de la empresa, indicando el <em>tiempo laboral y las actividades que realiza en la empresa.<\/em><\/li>\n<li><strong>\u00a0<\/strong><strong>Check list: <\/strong><em>Los documentos deben entregar en el orden del Check list.<\/em><\/li>\n<\/ul>\n<p><strong>\u00a0 \u00a0 \u00a0 \u00a0 \u00a0 \u00a0<a href=\"https:\/\/tecnologicosucre.edu.ec\/web\/wp-content\/uploads\/2025\/04\/FORMATO-7_CHECKLIST_APELLIDO_NOMBRE.docx\">FORMATO 7_CHECKLIST_APELLIDO_NOMBRE<\/a><\/strong><\/p>\n<ul>\n<li><strong>\u00a0<\/strong><strong>Escanear los documentos<\/strong><strong> de pr\u00e1cticas con firmas y sellos en formato PDF: <\/strong>El estudiante <em style=\"letter-spacing: 0.05em;\">llena la matriz de control<\/em><span style=\"letter-spacing: 0.05em;\"> y carga el <\/span><em style=\"letter-spacing: 0.05em;\">expediente de pr\u00e1cticas en el driver<\/em><span style=\"letter-spacing: 0.05em;\">, tomando en cuenta el orden del Check list para posterior <\/span>el representante de pr\u00e1cticas de cada carrera pueda subir las horas de pr\u00e1cticas al sistema siga. <span style=\"letter-spacing: 0.05em;\">Considerar el nombre de cada documento<\/span><em style=\"letter-spacing: 0.05em;\">.<\/em><\/li>\n<\/ul>\n<p><strong><em>NOTA:<\/em><\/strong> Las fechas de <em>inicio se considera la fecha en la que aprueba el oficio<\/em> el coordinador de pr\u00e1cticas, <em>mientras que la fecha final debe considerar una semana como m\u00ednimo para la validaci\u00f3n<\/em> del proceso de pr\u00e1cticas.[\/vc_column_text][vc_empty_space][\/vc_tta_section][\/vc_tta_tabs][\/vc_column][\/vc_row]<\/p>\n<\/div>","protected":false},"excerpt":{"rendered":"<p>[vc_row][vc_column][vc_column_text css=\u00bb\u00bb] ESTUDIANTES EN INSTITUCIONES P\u00daBLICAS O PRIVADAS SIN CONTRATO DE TRABAJO (SERVICIOS PROFESIONALES) PARA CONVALIDAR [\/vc_column_text][vc_empty_space][vc_tta_tabs style=\u00bboutline\u00bb color=\u00bbsky\u00bb active_section=\u00bb1&#8243;][vc_tta_section i_icon_fontawesome=\u00bbfa fa-regular fa-pen-to-square\u00bb add_icon=\u00bbtrue\u00bb title=\u00bbPASO 1&#8243; tab_id=\u00bb1745626551196-a59eb055-b0bc\u00bb][vc_empty_space][vc_column_text css=\u00bb\u00bb] Paso 1 INICIO DE PASANT\u00cdAS Presentar al docente representante de pr\u00e1cticas pre profesionales de tu carrera: Solicitud de pr\u00e1cticas pre profesionales: el estudiante solicita por correo electr\u00f3nico [&hellip;]<\/p>\n","protected":false},"author":2,"featured_media":0,"parent":0,"menu_order":0,"comment_status":"closed","ping_status":"closed","template":"","meta":{"_monsterinsights_skip_tracking":false,"_monsterinsights_sitenote_active":false,"_monsterinsights_sitenote_note":"","_monsterinsights_sitenote_category":0,"footnotes":""},"class_list":["post-1966","page","type-page","status-publish","hentry"],"_links":{"self":[{"href":"https:\/\/tecnologicosucre.edu.ec\/web\/wp-json\/wp\/v2\/pages\/1966","targetHints":{"allow":["GET"]}}],"collection":[{"href":"https:\/\/tecnologicosucre.edu.ec\/web\/wp-json\/wp\/v2\/pages"}],"about":[{"href":"https:\/\/tecnologicosucre.edu.ec\/web\/wp-json\/wp\/v2\/types\/page"}],"author":[{"embeddable":true,"href":"https:\/\/tecnologicosucre.edu.ec\/web\/wp-json\/wp\/v2\/users\/2"}],"replies":[{"embeddable":true,"href":"https:\/\/tecnologicosucre.edu.ec\/web\/wp-json\/wp\/v2\/comments?post=1966"}],"version-history":[{"count":0,"href":"https:\/\/tecnologicosucre.edu.ec\/web\/wp-json\/wp\/v2\/pages\/1966\/revisions"}],"wp:attachment":[{"href":"https:\/\/tecnologicosucre.edu.ec\/web\/wp-json\/wp\/v2\/media?parent=1966"}],"curies":[{"name":"wp","href":"https:\/\/api.w.org\/{rel}","templated":true}]}}