{"id":1957,"date":"2023-06-22T20:21:39","date_gmt":"2023-06-23T01:21:39","guid":{"rendered":"http:\/\/page.estudiantesucre.edu.ec\/?page_id=1957"},"modified":"2025-04-28T16:56:37","modified_gmt":"2025-04-28T21:56:37","slug":"practicas-pre-profesionales-op-2","status":"publish","type":"page","link":"https:\/\/tecnologicosucre.edu.ec\/web\/practicas-pre-profesionales-op-2\/","title":{"rendered":"Pr\u00e1cticas Pre Profesionales &#8211; Opci\u00f3n 2"},"content":{"rendered":"<div class=\"wpb-content-wrapper\"><p>[vc_row][vc_column][vc_column_text css=\u00bb\u00bb]<\/p>\n<h3 style=\"text-align: center;\"><span style=\"color: #000000;\"><strong>ESTUDIANTES REALIZANDO PR\u00c1CTICAS EN EL INSTITUTO<\/strong><\/span><\/h3>\n<p>[\/vc_column_text][vc_empty_space][vc_tta_tabs style=\u00bboutline\u00bb color=\u00bbsky\u00bb active_section=\u00bb1&#8243;][vc_tta_section i_icon_fontawesome=\u00bbfa fa-regular fa-pen-to-square\u00bb add_icon=\u00bbtrue\u00bb title=\u00bbPASO 1&#8243; tab_id=\u00bb1745626551196-a59eb055-b0bc\u00bb][vc_empty_space][vc_column_text css=\u00bb\u00bb]<\/p>\n<h3><strong>Paso 1<\/strong><\/h3>\n<h4><strong>INICIO DE PR\u00c1CTICAS pre profesionales<br \/>\n<\/strong><\/h4>\n<p><strong><span style=\"color: #3366ff;\"><i>Los estudiantes para realizar pr\u00e1cticas, considerar m\u00ednimo 4 horas y m\u00e1ximo 6 horas diarias.<\/i><\/span><\/strong><\/p>\n<p>Una vez, creada la necesidad institucional y verificada por el representante de pr\u00e1cticas de cada carrera, el Coordinador de Pr\u00e1cticas Pre Profesionales debe aprobar la solicitud de requerimiento.<\/p>\n<h4><strong>Presentar al docente representante de pr\u00e1cticas pre profesionales de tu carrera:<\/strong><\/h4>\n<ul>\n<li><strong><strong>Solicitud de pr\u00e1cticas pre profesionales: <\/strong><\/strong>el estudiante solicita por <em>correo electr\u00f3nico<\/em> realizar pr\u00e1cticas pre profesionales al representante de pr\u00e1cticas de cada carrera. El correo que emite el estudiante debe contener el <em>nombre de la empresa, direcci\u00f3n, tel\u00e9fono, mail y las actividades a desarrollar<\/em>.<\/li>\n<li>El representante de pr\u00e1cticas autoriza y asigna <em>el c\u00f3digo para el Check list<\/em> y la asignaci\u00f3n del <em>tutor acad\u00e9mico. <\/em>Esta informaci\u00f3n el representante de pr\u00e1cticas env\u00eda por correo electr\u00f3nico al <em>estudiante<\/em> y con copia al <em>tutor acad\u00e9mico <\/em>asignado.<\/li>\n<li><em>Una vez aprobada la solicitud de pr\u00e1cticas, el estudiante presentar\u00e1 al representante de pr\u00e1cticas de cada carrera el Plan de aprendizaje pr\u00e1ctico rotacional con la firma correspondiente.<\/em><\/li>\n<\/ul>\n<ul>\n<li><strong>Plan de Aprendizaje Pr\u00e1ctico Rotacional<\/strong><em>: <\/em>genera el estudiante el documento, debe llenar los <em>datos del estudiante, datos de la empresa, la actividad econ\u00f3mica de la empresa, \u00e1reas de rotaci\u00f3n (m\u00ednimo 2),<\/em> <em>actividades a desarrollar en la empresa<\/em> y comparar las actividades con los resultados de aprendizaje para posterior <em>seleccionar dos asignaturas<\/em>, <em>firma el representante de pr\u00e1cticas pre profesionales<\/em>.<\/li>\n<\/ul>\n<p>[\/vc_column_text][vc_empty_space][vc_column_text css=\u00bb\u00bb]<\/p>\n<h4><span style=\"color: #0075a8;\"><strong>Descargue el formato correspondiente a su carrera<\/strong><\/span><\/h4>\n<p>[\/vc_column_text][vc_empty_space][vc_toggle title=\u00bbFORMATO 2_ PAPR_CARRERA_APELLIDO_NOMBRE\u00bb custom_font_container=\u00bbtag:h4|font_size:14|text_align:center|color:%230075a8&#8243; custom_use_theme_fonts=\u00bbyes\u00bb css=\u00bb\u00bb use_custom_heading=\u00bbtrue\u00bb]<\/p>\n<ol>\n<li><strong><a href=\"https:\/\/tecnologicosucre.edu.ec\/web\/wp-content\/uploads\/2025\/04\/FORMATO-2_PAPR_CONTABILIDAD_APELLIDO_NOMBRE.docx\">CONTABILIDAD<\/a><\/strong><\/li>\n<li><a href=\"https:\/\/tecnologicosucre.edu.ec\/web\/wp-content\/uploads\/2025\/04\/PLAN-DE-APRENDIZAJE-DESARROLLO-INFANTIL-INETGRAL_Firmado-signed-signed.pdf\" target=\"_blank\" rel=\"noopener\"><strong>DESARROLLO INFANTIL INTEGRAL<\/strong><\/a><\/li>\n<li><a href=\"https:\/\/tecnologicosucre.edu.ec\/web\/wp-content\/uploads\/2025\/04\/FORMATO-2_PAPR_DESARROLLO_SOFTWARE_APELLIDO_NOMBRE.docx\"><strong>DESARROLLO DE SOFTWARE<\/strong><\/a><\/li>\n<li><strong><a href=\"https:\/\/tecnologicosucre.edu.ec\/web\/wp-content\/uploads\/2025\/04\/PLAN-DE-APRENDIZAJE-EDUCACION-INICIAL.xlsx\">EDUCACI\u00d3N INICIAL<\/a><\/strong><\/li>\n<li><a href=\"https:\/\/tecnologicosucre.edu.ec\/web\/wp-content\/uploads\/2025\/04\/FORMATO-2_PAPR_ELECTRICIDAD_APELLIDO_NOMBRE.docx\"><strong>ELECTRICIDAD<\/strong><\/a><\/li>\n<li><a href=\"https:\/\/tecnologicosucre.edu.ec\/web\/wp-content\/uploads\/2025\/04\/FORMATO-2_PAPR_ELECTROMECANICA_APELLIDOS_NOMBRES_2025.docx\"><strong>ELECTROMEC\u00c1NICA<\/strong><\/a><\/li>\n<li><a href=\"https:\/\/tecnologicosucre.edu.ec\/web\/wp-content\/uploads\/2025\/04\/FORMATO-2_PAPR_ELECTRONICA_APELLIDO_NOMBRE.docx\"><strong>ELECTR\u00d3NICA<\/strong><\/a><\/li>\n<li><a href=\"https:\/\/tecnologicosucre.edu.ec\/web\/wp-content\/uploads\/2025\/04\/FORMATO-2_PAPR_FOTOGRAFIA_APELLIDO_NOMBRE.docx\"><strong>FOTOGRAF\u00cdA<\/strong><\/a><\/li>\n<li><a href=\"https:\/\/tecnologicosucre.edu.ec\/web\/wp-content\/uploads\/2025\/04\/FORMATO-2_PAPR_GESTION-AMBIENTAL_APELLIDO_NOMBRE.docx\"><strong>GESTI\u00d3N AMBIENTAL<\/strong><\/a><\/li>\n<li><a href=\"https:\/\/tecnologicosucre.edu.ec\/web\/wp-content\/uploads\/2025\/04\/FORMATO-2_PAPR_MARKETING_2025-II.docx\"><strong>MARKETING<\/strong><\/a><\/li>\n<li><a href=\"https:\/\/tecnologicosucre.edu.ec\/web\/wp-content\/uploads\/2025\/04\/FORMATO-2_PAPR_PROCESAMIENTO_ALIMENTOS_APELLIDO_NOMBRE1.docx\"><strong>PROCESAMIENTO DE ALIMENTOS<\/strong><\/a><\/li>\n<li><a href=\"https:\/\/tecnologicosucre.edu.ec\/web\/wp-content\/uploads\/2025\/04\/FORMATO-2_PAPR_PRODUCCION_AUDIOVISUAL_APELLIDO_NOMBRE.docx\"><strong>PRODUCCI\u00d3N AUDIOVISUAL<\/strong><\/a><\/li>\n<\/ol>\n<p>[\/vc_toggle][\/vc_tta_section][vc_tta_section i_icon_fontawesome=\u00bbfa fa-regular fa-pen-to-square\u00bb add_icon=\u00bbtrue\u00bb title=\u00bbPASO 2&#8243; tab_id=\u00bb1745626551211-401fd67b-2b84&#8243;][vc_empty_space][vc_column_text css=\u00bb\u00bb]<\/p>\n<h3><strong>Paso 2<\/strong><\/h3>\n<h4><strong>FINALIZACI\u00d3N DE PR\u00c1CTICAS PRE PROFESIONALES<\/strong><\/h4>\n<p>Finalizadas las pr\u00e1cticas pre profesionales el estudiante tiene <strong>(30)<\/strong> <strong><em>treinta d\u00edas<\/em><\/strong> laborables, despu\u00e9s de haberlas culminado para presentar al representante de pr\u00e1cticas de la carrera, todos los documentos con firmas y sellos para validar.<\/p>\n<ul>\n<li><strong>Control asistencia de pr\u00e1cticas pre profesionales:<\/strong> <em>se reporta los datos del estudiante, nombre de la empresa, periodo acad\u00e9mico, las fechas llenar por mes, hora de entrada, hora de salida, actividades y total de horas, <\/em>por tal raz\u00f3n este documento debe llenarlo el estudiante<em>; al final debe firmar el tutor empresarial m\u00e1s el sello de la empresa.<\/em><\/li>\n<\/ul>\n<p><strong>\u00a0 \u00a0 \u00a0 \u00a0 \u00a0 <a href=\"https:\/\/tecnologicosucre.edu.ec\/web\/wp-content\/uploads\/2025\/04\/FORMATO-3_-CTR_ASIS_APELLIDO_NOMBRE.docx\">FORMATO 3_ CTR_ASIS_APELLIDO_NOMBRE.<\/a><\/strong><\/p>\n<ul>\n<li><strong>Evaluaci\u00f3n final de Pr\u00e1cticas Pre Profesionales\/Pasant\u00edas: <\/strong>El estudiante llena el apartado de los <em style=\"letter-spacing: 0.05em;\">datos informativos<\/em><span style=\"letter-spacing: 0.05em;\"> y<\/span><em style=\"letter-spacing: 0.05em;\"> quien eval\u00faa y firma es el tutor empresarial. <\/em><span style=\"letter-spacing: 0.05em;\">Todos los campos deben estar llenos<\/span><em style=\"letter-spacing: 0.05em;\">.<\/em><\/li>\n<\/ul>\n<p><strong>\u00a0 \u00a0 \u00a0 \u00a0 \u00a0 <a href=\"https:\/\/tecnologicosucre.edu.ec\/web\/wp-content\/uploads\/2025\/04\/FORMATO-4_EV_FINAL_APELLIDO_NOMBRE.docx\">FORMATO 4_EV_FINAL_APELLIDO_NOMBRE.<\/a><\/strong><\/p>\n<ul>\n<li><strong>Informe Final de Pr\u00e1cticas Pre Profesionales\/Pasant\u00edas: <\/strong>llenar los <em>datos informativos, objetivos, antecedentes, desarrollo, conclusiones, recomendaciones, participantes y anexos<\/em>, el documento es llenado por el estudiante.<\/li>\n<li>En el <em style=\"letter-spacing: 0.05em;\">apartado del <strong>desarrollo <\/strong><\/em><span style=\"letter-spacing: 0.05em;\">se verificar\u00e1 la <\/span><em style=\"letter-spacing: 0.05em;\">inducci\u00f3n<\/em><span style=\"letter-spacing: 0.05em;\"> por parte de la empresa y la <\/span><em style=\"letter-spacing: 0.05em;\">visita del tutor acad\u00e9mico<\/em><span style=\"letter-spacing: 0.05em;\">, tomando en consideraci\u00f3n los siguientes par\u00e1metros: <\/span><em style=\"letter-spacing: 0.05em;\">nombre del estudiante, nombre del delegado de la inducci\u00f3n por parte de la empresa, fecha de la inducci\u00f3n, evidencia fotogr\u00e1fica de la inducci\u00f3n, actividades a desarrollar en la empresa, normas de seguridad<\/em><span style=\"letter-spacing: 0.05em;\">, tambi\u00e9n colocar el <\/span><em style=\"letter-spacing: 0.05em;\">nombre del tutor acad\u00e9mico, fecha de la visita del tutor, evidencia fotogr\u00e1fica de la visita de tutor, observaciones<\/em><span style=\"letter-spacing: 0.05em;\">. <\/span><\/li>\n<li><span style=\"letter-spacing: 0.05em;\">Se realiza <\/span><strong style=\"letter-spacing: 0.05em;\">1 <\/strong><span style=\"letter-spacing: 0.05em;\">visita del proceso de pr\u00e1cticas.<\/span><\/li>\n<li><span style=\"letter-spacing: 0.05em;\">Al final debe <\/span><em style=\"letter-spacing: 0.05em;\">firmar el representante de pr\u00e1cticas<\/em><span style=\"letter-spacing: 0.05em;\"> pre profesionales de cada carrera y el <\/span><em style=\"letter-spacing: 0.05em;\">coordinador de pr\u00e1cticas<\/em><span style=\"letter-spacing: 0.05em;\">.<\/span><\/li>\n<\/ul>\n<p><strong>\u00a0 \u00a0 \u00a0 \u00a0 \u00a0 <a href=\"https:\/\/tecnologicosucre.edu.ec\/web\/wp-content\/uploads\/2025\/04\/FORMATO-5_INFORME_FINAL_APELLIDO_NOMBRE.docx\">FORMATO 5_INFORME_FINAL_APELLIDO_NOMBRE<\/a><\/strong><\/p>\n<ul>\n<li><strong>Certificado de culminaci\u00f3n de pr\u00e1cticas: <\/strong><em>El certificado debe tener el formato de la empresa, indicando el cumplimiento de las horas del practicante y las fechas de inicio y fin de las pr\u00e1cticas, nombres completos y c\u00e9dula del estudiante.<\/em><\/li>\n<li><strong>\u00a0<\/strong><strong>Check list: <\/strong><em>Los documentos deben entregar en el orden del Check list.<\/em><\/li>\n<\/ul>\n<p><strong>\u00a0 \u00a0 \u00a0 \u00a0 \u00a0 \u00a0<a href=\"https:\/\/tecnologicosucre.edu.ec\/web\/wp-content\/uploads\/2025\/04\/FORMATO-7_CHECKLIST_APELLIDO_NOMBRE.docx\">FORMATO 7_CHECKLIST_APELLIDO_NOMBRE<\/a><\/strong><\/p>\n<ul>\n<li><strong>\u00a0<\/strong><strong>Escanear los documentos<\/strong><strong> de pr\u00e1cticas con firmas y sellos en formato PDF: <\/strong>El estudiante <em style=\"letter-spacing: 0.05em;\">llena la matriz de control<\/em><span style=\"letter-spacing: 0.05em;\"> y carga el <\/span><em style=\"letter-spacing: 0.05em;\">expediente de pr\u00e1cticas en el driver<\/em><span style=\"letter-spacing: 0.05em;\">, tomando en cuenta el orden del Check list para posterior <\/span>el representante de pr\u00e1cticas de cada carrera pueda subir las horas de pr\u00e1cticas al sistema siga. <span style=\"letter-spacing: 0.05em;\">Considerar el nombre de cada documento<\/span><em style=\"letter-spacing: 0.05em;\">.<\/em><\/li>\n<\/ul>\n<p>[\/vc_column_text][\/vc_tta_section][\/vc_tta_tabs][vc_empty_space][\/vc_column][\/vc_row][vc_row][vc_column][vc_column_text css=\u00bb\u00bb]<\/p>\n<h3 style=\"text-align: center;\"><span style=\"color: #000000;\"><strong>PROYECTOS COMO PR\u00c1CTICAS PRE PROFESIONALES<\/strong><\/span><\/h3>\n<p>[\/vc_column_text][vc_empty_space][vc_tta_tabs style=\u00bboutline\u00bb color=\u00bbsky\u00bb active_section=\u00bb1&#8243;][vc_tta_section i_type=\u00bbopeniconic\u00bb i_icon_openiconic=\u00bbvc-oi vc-oi-cog\u00bb add_icon=\u00bbtrue\u00bb title=\u00bbEMPRENDIMIENTO\u00bb tab_id=\u00bb1745631854697-e085614f-938d\u00bb][vc_empty_space][vc_column_text css=\u00bb\u00bb]<\/p>\n<h4><strong>Convocatoria de proyectos de emprendimiento:<\/strong><\/h4>\n<ul>\n<li><strong>El coordinador del centro de emprendimiento: <\/strong>Realiza la convocatoria para la difusi\u00f3n a los estudiantes de las diferentes carreras del ISU Sucre para que participen en los proyectos de emprendimiento como pr\u00e1cticas pre profesionales.<\/li>\n<li><strong>El coordinador del centro de emprendimiento<\/strong>: Env\u00eda el link a la planta docente del ISU Sucre para replicar la informaci\u00f3n con los estudiantes y puedan llenar el formulario de inscripci\u00f3n a los proyectos de emprendimiento.<\/li>\n<li><strong>\u00a0<\/strong><strong>Selecci\u00f3n de estudiantes: <\/strong>Una vez que el estudiante aplica a los proyectos de emprendimiento, el coordinador del centro de emprendimiento notifica por correo electr\u00f3nico al representante de pr\u00e1cticas pre profesionales de la carrera a la que pertenece el estudiante, con el fin de informar y solicitar que le asigne el c\u00f3digo del Check list y un tutor acad\u00e9mico.<\/li>\n<\/ul>\n<p>En funci\u00f3n a este contexto el estudiante que participa en los proyectos de emprendimiento, deben realizar el proceso de pr\u00e1cticas de acuerdo a la <strong><em>opci\u00f3n<\/em><\/strong> <strong>2 <\/strong>en base a los documentos pertinentes a la fase de inicio y finalizaci\u00f3n, considerando que estos documentos al finalizar las pr\u00e1cticas reposar\u00e1n donde el representante de pr\u00e1cticas pre profesionales de cada carrera.<\/p>\n<p>Mientras que los documentos adicionales como: <em>El Proyecto, Aprobaci\u00f3n de las capacitaciones (3 capacitaciones m\u00ednimas) y el Informe de los avances (m\u00ednimo dos)<\/em> <strong>reposar\u00e1n en la coordinaci\u00f3n del centro de emprendimiento de ISU Sucre<\/strong>.<\/p>\n<p>El <em>certificado de culminaci\u00f3n de pr\u00e1cticas pre profesionales el estudiante debe solicitar al centro de emprendimiento de la instituci\u00f3n<\/em>.<\/p>\n<p><strong><em>\u00a0<\/em><\/strong><strong><em>NOTA:<\/em><\/strong> <em>Los proyectos de emprendimiento que desarrollan los estudiantes deben ser af\u00edn al <strong>perfil de egreso<\/strong> de cada carrera<\/em>.[\/vc_column_text][\/vc_tta_section][vc_tta_section i_icon_fontawesome=\u00bbfa fa-brands fa-searchengin\u00bb add_icon=\u00bbtrue\u00bb title=\u00bbINVESTIGACI\u00d3N\u00bb tab_id=\u00bb1745631854708-ed9ac1da-aac3&#8243;][vc_empty_space][vc_column_text css=\u00bb\u00bb]<\/p>\n<h4><strong>Convocatoria de proyectos de investigaci\u00f3n:<\/strong><\/h4>\n<ul>\n<li><strong>El coordinador de investigaci\u00f3n<\/strong>: realiza la convocatoria por medio de una reuni\u00f3n v\u00eda telem\u00e1tica y por correo electr\u00f3nico a los docentes de cada carrera, los mismos que se encargar\u00e1 de seleccionar un estudiante que participe en el proyecto de investigaci\u00f3n, considerando que el estudiante debe ser a partir de <strong><em>tercer semestre<\/em><\/strong>.<\/li>\n<li><strong>Selecci\u00f3n de estudiantes: <\/strong>Una vez que el estudiante aplica a los proyectos de investigaci\u00f3n, el coordinador de investigaci\u00f3n notifica por correo electr\u00f3nico al representante de pr\u00e1cticas pre profesionales de la carrera a la que pertenece el estudiante, con el fin de informar y solicitar que le asigne el c\u00f3digo del Check list y un tutor acad\u00e9mico.<\/li>\n<\/ul>\n<p>En funci\u00f3n a este contexto el estudiante que participa en los proyectos de investigaci\u00f3n deben realizar el proceso de pr\u00e1cticas de acuerdo a la <strong><em>opci\u00f3n<\/em><\/strong> <strong>2 <\/strong>en base a los documentos pertinentes a la fase de inicio y finalizaci\u00f3n, considerando que estos documentos al finalizar las pr\u00e1cticas reposar\u00e1n donde el representante de pr\u00e1cticas pre profesionales de cada carrera.<\/p>\n<p>El<em> certificado de culminaci\u00f3n de pr\u00e1cticas pre profesionales el estudiante debe solicitar al coordinador de la comisi\u00f3n de investigaci\u00f3n.<\/em><\/p>\n<p><strong><em>NOTA:<\/em><\/strong> Los proyectos de investigaci\u00f3n que desarrollan los estudiantes deben ser af\u00edn al <strong><em>perfil de egreso<\/em><\/strong> de cada carrera<strong>.<\/strong><\/p>\n<p><strong><em>NOTA:<\/em><\/strong> <em>Cuando se realizan las pr\u00e1cticas pre profesionales en la instituci\u00f3n la <strong>figura de tutor empresarial es la autoridad de la dependencia interna beneficiaria.<\/strong><\/em>[\/vc_column_text][\/vc_tta_section][\/vc_tta_tabs][\/vc_column][\/vc_row]<\/p>\n<\/div>","protected":false},"excerpt":{"rendered":"<p>[vc_row][vc_column][vc_column_text css=\u00bb\u00bb] ESTUDIANTES REALIZANDO PR\u00c1CTICAS EN EL INSTITUTO [\/vc_column_text][vc_empty_space][vc_tta_tabs style=\u00bboutline\u00bb color=\u00bbsky\u00bb active_section=\u00bb1&#8243;][vc_tta_section i_icon_fontawesome=\u00bbfa fa-regular fa-pen-to-square\u00bb add_icon=\u00bbtrue\u00bb title=\u00bbPASO 1&#8243; tab_id=\u00bb1745626551196-a59eb055-b0bc\u00bb][vc_empty_space][vc_column_text css=\u00bb\u00bb] Paso 1 INICIO DE PR\u00c1CTICAS pre profesionales Los estudiantes para realizar pr\u00e1cticas, considerar m\u00ednimo 4 horas y m\u00e1ximo 6 horas diarias. Una vez, creada la necesidad institucional y verificada por el representante de pr\u00e1cticas de [&hellip;]<\/p>\n","protected":false},"author":2,"featured_media":0,"parent":0,"menu_order":0,"comment_status":"closed","ping_status":"closed","template":"","meta":{"_monsterinsights_skip_tracking":false,"_monsterinsights_sitenote_active":false,"_monsterinsights_sitenote_note":"","_monsterinsights_sitenote_category":0,"footnotes":""},"class_list":["post-1957","page","type-page","status-publish","hentry"],"_links":{"self":[{"href":"https:\/\/tecnologicosucre.edu.ec\/web\/wp-json\/wp\/v2\/pages\/1957","targetHints":{"allow":["GET"]}}],"collection":[{"href":"https:\/\/tecnologicosucre.edu.ec\/web\/wp-json\/wp\/v2\/pages"}],"about":[{"href":"https:\/\/tecnologicosucre.edu.ec\/web\/wp-json\/wp\/v2\/types\/page"}],"author":[{"embeddable":true,"href":"https:\/\/tecnologicosucre.edu.ec\/web\/wp-json\/wp\/v2\/users\/2"}],"replies":[{"embeddable":true,"href":"https:\/\/tecnologicosucre.edu.ec\/web\/wp-json\/wp\/v2\/comments?post=1957"}],"version-history":[{"count":0,"href":"https:\/\/tecnologicosucre.edu.ec\/web\/wp-json\/wp\/v2\/pages\/1957\/revisions"}],"wp:attachment":[{"href":"https:\/\/tecnologicosucre.edu.ec\/web\/wp-json\/wp\/v2\/media?parent=1957"}],"curies":[{"name":"wp","href":"https:\/\/api.w.org\/{rel}","templated":true}]}}